{"id":1862459,"date":"2026-02-16T15:37:38","date_gmt":"2026-02-16T14:37:38","guid":{"rendered":"https:\/\/lemonti.pl\/sklep\/bez-kategorii\/adapter-lanberg-hdmif-hdmif-8k-katowy-dol-aluminimum-srebrny\/"},"modified":"2026-04-20T08:31:30","modified_gmt":"2026-04-20T06:31:30","slug":"adapter-lanberg-hdmif-hdmif-8k-katowy-dol-aluminimum-srebrny","status":"publish","type":"product","link":"https:\/\/lemonti.pl\/en\/sklep\/akcesoria-rozne\/kable-i-adaptery\/adapter-lanberg-hdmif-hdmif-8k-katowy-dol-aluminimum-srebrny\/","title":{"rendered":"Adapter Lanberg HDMI(F)-&gt;HDMI(F) 8K k\u0105towy d\u00f3\u0142 aluminimum srebrny"},"content":{"rendered":"","protected":false},"excerpt":{"rendered":"","protected":false},"featured_media":1862454,"comment_status":"open","ping_status":"closed","template":"","meta":[],"product_brand":[18452],"product_cat":[306,34154],"product_tag":[],"class_list":{"0":"post-1862459","1":"product","2":"type-product","3":"status-publish","4":"has-post-thumbnail","6":"product_brand-lanberg","7":"product_cat-akcesoria-rozne","8":"product_cat-kable-i-adaptery","10":"first","11":"instock","12":"taxable","13":"shipping-taxable","14":"purchasable","15":"product-type-simple"},"_links":{"self":[{"href":"https:\/\/lemonti.pl\/en\/wp-json\/wp\/v2\/product\/1862459","targetHints":{"allow":["GET"]}}],"collection":[{"href":"https:\/\/lemonti.pl\/en\/wp-json\/wp\/v2\/product"}],"about":[{"href":"https:\/\/lemonti.pl\/en\/wp-json\/wp\/v2\/types\/product"}],"replies":[{"embeddable":true,"href":"https:\/\/lemonti.pl\/en\/wp-json\/wp\/v2\/comments?post=1862459"}],"version-history":[{"count":0,"href":"https:\/\/lemonti.pl\/en\/wp-json\/wp\/v2\/product\/1862459\/revisions"}],"wp:featuredmedia":[{"embeddable":true,"href":"https:\/\/lemonti.pl\/en\/wp-json\/wp\/v2\/media\/1862454"}],"wp:attachment":[{"href":"https:\/\/lemonti.pl\/en\/wp-json\/wp\/v2\/media?parent=1862459"}],"wp:term":[{"taxonomy":"product_brand","embeddable":true,"href":"https:\/\/lemonti.pl\/en\/wp-json\/wp\/v2\/product_brand?post=1862459"},{"taxonomy":"product_cat","embeddable":true,"href":"https:\/\/lemonti.pl\/en\/wp-json\/wp\/v2\/product_cat?post=1862459"},{"taxonomy":"product_tag","embeddable":true,"href":"https:\/\/lemonti.pl\/en\/wp-json\/wp\/v2\/product_tag?post=1862459"}],"curies":[{"name":"wp","href":"https:\/\/api.w.org\/{rel}","templated":true}]}}