{"id":1862094,"date":"2026-02-16T15:33:40","date_gmt":"2026-02-16T14:33:40","guid":{"rendered":"https:\/\/lemonti.pl\/sklep\/bez-kategorii\/sprezone-powietrze-lanberg-air-duster-400ml\/"},"modified":"2026-04-15T15:24:53","modified_gmt":"2026-04-15T13:24:53","slug":"sprezone-powietrze-lanberg-air-duster-400ml","status":"publish","type":"product","link":"https:\/\/lemonti.pl\/en\/sklep\/akcesoria-rozne\/srodki-czystosci\/sprezone-powietrze-lanberg-air-duster-400ml\/","title":{"rendered":"Spr\u0119\u017cone powietrze Lanberg Air Duster 400ml"},"content":{"rendered":"<div class=\"vgblk-rw-wrapper limit-wrapper\">\n<section class=\"section\">\n<div class=\"item item-6\">\n<section class=\"text-item\">\n<h1>Spr\u0119\u017cone powietrze Lanberg Air Duster 400ML<\/h1>\n<p>Kurz w r\u00f3\u017cnym stopniu uszkadza sprz\u0119t, dlatego regularne i prawid\u0142owe czyszczenie jest bardzo wa\u017cnym czynnikiem. \u015awietnie nadaje si\u0119 do tego spr\u0119\u017cone powietrze firmy Lanberg. Do\u0142\u0105czony do zestawu przew\u00f3d umo\u017cliwi precyzyjne skierowanie strumienia powietrza dzi\u0119ki czemu jeszcze efektywniej wyczy\u015bcisz brud.<\/p>\n<ul>\n<li>Pojemno\u015b\u0107: 400 ml<\/li>\n<li>Zastosowanie: Do plastik\u00f3w<\/li>\n<li>Mieszanina gaz\u00f3w: LPG (Butan\/Izobutan\/Propan)<\/li>\n<\/ul>\n<\/section><\/div>\n<div class=\"item item-6\">\n<section class=\"image-item\"><img decoding=\"async\" src=\"https:\/\/upload.cdn.baselinker.com\/products\/6010088\/8720bb3c0d2b8b0b6e32848a203a80d0.jpg\" \/><\/section>\n<\/p><\/div>\n<\/section>\n<section class=\"section\">\n<div class=\"item item-12\">\n<section class=\"text-item\">\n<h2>Opis produktu<\/h2>\n<p><b>Zalecany do czyszczenia<\/b><\/p>\n<ul>\n<li>Kas fiskalnych<\/li>\n<\/ul>\n<ul>\n<li>Komputer\u00f3w (czyszczenie klawiatury, wn\u0119trza obudowy komputerowej)<\/li>\n<\/ul>\n<ul>\n<li>Sprz\u0119tu biurowego<\/li>\n<\/ul>\n<ul>\n<li>Kserokopiarek<\/li>\n<\/ul>\n<ul>\n<li>Drukarek<\/li>\n<\/ul>\n<ul>\n<li>Sprz\u0119tu fotograficznego<\/li>\n<\/ul>\n<ul>\n<li>Urz\u0105dze\u0144 mechaniki precyzyjnej<\/li>\n<\/ul>\n<p><b>Najwy\u017csza jako\u015b\u0107<\/b><\/p>\n<p>Wykorzystanie najwy\u017cszej jako\u015bci materia\u0142\u00f3w, zapewnia d\u0142ugie, nieprzerwane u\u017cytkowanie.<\/p>\n<\/section><\/div>\n<\/section>\n<section class=\"section\">\n<div class=\"item item-12\">\n<section class=\"text-item\">\n<h2>Specyfikacja techniczna<\/h2>\n<ul>\n<li>Pojemno\u015b\u0107: &nbsp;&nbsp;&nbsp;<b>400 ml<\/b><\/li>\n<li>Producent: &nbsp;&nbsp;&nbsp;<b>Lanberg<\/b><\/li>\n<li>Przeznaczenie: &nbsp;&nbsp;&nbsp;<b>Do plastik\u00f3w<\/b><\/li>\n<li>Rodzaj: &nbsp;&nbsp;&nbsp;<b>Spr\u0119\u017cone powietrze<\/b><\/li>\n<li>Kod produktu: &nbsp;&nbsp;&nbsp;<b>0000004159<\/b><\/li>\n<li>Numer katalogowy: &nbsp;&nbsp;&nbsp;<b>CG-400FL-001<\/b><\/li>\n<\/ul>\n<\/section><\/div>\n<\/section>\n<section class=\"section\">\n<div class=\"item item-12\">\n<section class=\"text-item\">\n<h2>Galeria<\/h2>\n<\/section><\/div>\n<\/section>\n<section class=\"section\">\n<div class=\"item item-12\">\n<section class=\"image-item\"><img decoding=\"async\" src=\"https:\/\/upload.cdn.baselinker.com\/products\/6010088\/8720bb3c0d2b8b0b6e32848a203a80d0.jpg\" \/><\/section>\n<\/p><\/div>\n<\/section>\n<section class=\"section\">\n<div class=\"item item-12\">\n<section class=\"image-item\"><img decoding=\"async\" src=\"https:\/\/upload.cdn.baselinker.com\/products\/6010088\/1258e0a4f11ee6f414063fd3f374a048.jpg\" \/><\/section>\n<\/p><\/div>\n<\/section>\n<section class=\"section\">\n<div class=\"item item-12\">\n<section class=\"image-item\"><img decoding=\"async\" src=\"https:\/\/upload.cdn.baselinker.com\/products\/6010088\/ca9372e263f674592cbd70658b8863e3.jpg\" \/><\/section>\n<\/p><\/div>\n<\/section>\n<section class=\"section\">\n<div class=\"item item-12\">\n<section class=\"image-item\"><img decoding=\"async\" src=\"https:\/\/upload.cdn.baselinker.com\/products\/6010088\/61916ea5ca6e887e413f75ffcaf46ae8.jpg\" \/><\/section>\n<\/p><\/div>\n<\/section>\n<section class=\"section\">\n<div class=\"item item-12\">\n<section class=\"image-item\"><img decoding=\"async\" src=\"https:\/\/upload.cdn.baselinker.com\/products\/6010088\/23c667aed239d379af5b0527a50c062c.jpg\" \/><\/section>\n<\/p><\/div>\n<\/section>\n<\/div>\n<p><!-- .vgblk-rw-wrapper --><\/p>","protected":false},"excerpt":{"rendered":"<p>Spr\u0119\u017cone powietrze Lanberg Air Duster 400ML Kurz w r\u00f3\u017cnym stopniu uszkadza sprz\u0119t, dlatego regularne i prawid\u0142owe czyszczenie jest bardzo wa\u017cnym czynnikiem. \u015awietnie nadaje si\u0119 do tego spr\u0119\u017cone powietrze firmy Lanberg. Do\u0142\u0105czony do zestawu przew\u00f3d umo\u017cliwi precyzyjne skierowanie strumienia powietrza dzi\u0119ki czemu jeszcze efektywniej wyczy\u015bcisz brud. Pojemno\u015b\u0107: 400 ml Zastosowanie: Do plastik\u00f3w Mieszanina gaz\u00f3w: LPG (Butan\/Izobutan\/Propan)&#8230;<\/p>","protected":false},"featured_media":1862049,"comment_status":"open","ping_status":"closed","template":"","meta":[],"product_brand":[18452],"product_cat":[306,34159],"product_tag":[],"class_list":{"0":"post-1862094","1":"product","2":"type-product","3":"status-publish","4":"has-post-thumbnail","6":"product_brand-lanberg","7":"product_cat-akcesoria-rozne","8":"product_cat-srodki-czystosci","10":"first","11":"outofstock","12":"taxable","13":"shipping-taxable","14":"purchasable","15":"product-type-simple"},"_links":{"self":[{"href":"https:\/\/lemonti.pl\/en\/wp-json\/wp\/v2\/product\/1862094","targetHints":{"allow":["GET"]}}],"collection":[{"href":"https:\/\/lemonti.pl\/en\/wp-json\/wp\/v2\/product"}],"about":[{"href":"https:\/\/lemonti.pl\/en\/wp-json\/wp\/v2\/types\/product"}],"replies":[{"embeddable":true,"href":"https:\/\/lemonti.pl\/en\/wp-json\/wp\/v2\/comments?post=1862094"}],"version-history":[{"count":1,"href":"https:\/\/lemonti.pl\/en\/wp-json\/wp\/v2\/product\/1862094\/revisions"}],"predecessor-version":[{"id":1863594,"href":"https:\/\/lemonti.pl\/en\/wp-json\/wp\/v2\/product\/1862094\/revisions\/1863594"}],"wp:featuredmedia":[{"embeddable":true,"href":"https:\/\/lemonti.pl\/en\/wp-json\/wp\/v2\/media\/1862049"}],"wp:attachment":[{"href":"https:\/\/lemonti.pl\/en\/wp-json\/wp\/v2\/media?parent=1862094"}],"wp:term":[{"taxonomy":"product_brand","embeddable":true,"href":"https:\/\/lemonti.pl\/en\/wp-json\/wp\/v2\/product_brand?post=1862094"},{"taxonomy":"product_cat","embeddable":true,"href":"https:\/\/lemonti.pl\/en\/wp-json\/wp\/v2\/product_cat?post=1862094"},{"taxonomy":"product_tag","embeddable":true,"href":"https:\/\/lemonti.pl\/en\/wp-json\/wp\/v2\/product_tag?post=1862094"}],"curies":[{"name":"wp","href":"https:\/\/api.w.org\/{rel}","templated":true}]}}