{"id":1862029,"date":"2026-02-16T15:33:12","date_gmt":"2026-02-16T14:33:12","guid":{"rendered":"https:\/\/lemonti.pl\/sklep\/bez-kategorii\/adapter-lanberg-usb-type-cf-usb-am-3-1-czarny\/"},"modified":"2026-04-20T16:02:48","modified_gmt":"2026-04-20T14:02:48","slug":"adapter-lanberg-usb-type-cf-usb-am-3-1-czarny","status":"publish","type":"product","link":"https:\/\/lemonti.pl\/en\/sklep\/akcesoria-rozne\/kable-i-adaptery\/adapter-lanberg-usb-type-cf-usb-am-3-1-czarny\/","title":{"rendered":"Adapter Lanberg USB type-C(F) &#8211; USB-A(M) 3.1 czarny"},"content":{"rendered":"<div class=\"vgblk-rw-wrapper limit-wrapper\">\n<section class=\"section\">\n<div class=\"item item-12\">\n<section class=\"text-item\">\n<p>Adapter USB CF &#8211; AM 3.1 czarny<\/p>\n<\/section><\/div>\n<\/section>\n<section class=\"section\">\n<div class=\"item item-6\">\n<section class=\"text-item\">\n<h2>Adapter USB CF &#8211; AM 3.1 czarny<\/h2>\n<ul>\n<li><b>Rodzaj:<\/b> Adapter<\/li>\n<li><b>Zastosowanie:<\/b> Komputerowy<\/li>\n<li><b>Z\u0142\u0105cza #1:<\/b> USB Typ A M\u0119ska<\/li>\n<li><b>Z\u0142\u0105cza #2:<\/b> USB Typ C \u017be\u0144ska<\/li>\n<li><b>Standard:<\/b> USB 3.0\/USB 3.1 gen 1<\/li>\n<li><b>Kolor:<\/b> Czarny<\/li>\n<\/ul>\n<\/section><\/div>\n<div class=\"item item-6\">\n<section class=\"image-item\"><img decoding=\"async\" src=\"https:\/\/upload.cdn.baselinker.com\/products\/6010088\/eba13d2dbac4300b7d372b66e57497cc.jpg\" \/><\/section>\n<\/p><\/div>\n<\/section>\n<\/div>\n<p><!-- .vgblk-rw-wrapper --><\/p>","protected":false},"excerpt":{"rendered":"<p>Adapter USB CF &#8211; AM 3.1 czarny Adapter USB CF &#8211; AM 3.1 czarny Rodzaj: Adapter Zastosowanie: Komputerowy Z\u0142\u0105cza #1: USB Typ A M\u0119ska Z\u0142\u0105cza #2: USB Typ C \u017be\u0144ska Standard: USB 3.0\/USB 3.1 gen 1 Kolor: Czarny<\/p>","protected":false},"featured_media":1862019,"comment_status":"open","ping_status":"closed","template":"","meta":[],"product_brand":[18452],"product_cat":[306,34154],"product_tag":[],"class_list":{"0":"post-1862029","1":"product","2":"type-product","3":"status-publish","4":"has-post-thumbnail","6":"product_brand-lanberg","7":"product_cat-akcesoria-rozne","8":"product_cat-kable-i-adaptery","10":"first","11":"instock","12":"taxable","13":"shipping-taxable","14":"purchasable","15":"product-type-simple"},"_links":{"self":[{"href":"https:\/\/lemonti.pl\/en\/wp-json\/wp\/v2\/product\/1862029","targetHints":{"allow":["GET"]}}],"collection":[{"href":"https:\/\/lemonti.pl\/en\/wp-json\/wp\/v2\/product"}],"about":[{"href":"https:\/\/lemonti.pl\/en\/wp-json\/wp\/v2\/types\/product"}],"replies":[{"embeddable":true,"href":"https:\/\/lemonti.pl\/en\/wp-json\/wp\/v2\/comments?post=1862029"}],"version-history":[{"count":1,"href":"https:\/\/lemonti.pl\/en\/wp-json\/wp\/v2\/product\/1862029\/revisions"}],"predecessor-version":[{"id":1863371,"href":"https:\/\/lemonti.pl\/en\/wp-json\/wp\/v2\/product\/1862029\/revisions\/1863371"}],"wp:featuredmedia":[{"embeddable":true,"href":"https:\/\/lemonti.pl\/en\/wp-json\/wp\/v2\/media\/1862019"}],"wp:attachment":[{"href":"https:\/\/lemonti.pl\/en\/wp-json\/wp\/v2\/media?parent=1862029"}],"wp:term":[{"taxonomy":"product_brand","embeddable":true,"href":"https:\/\/lemonti.pl\/en\/wp-json\/wp\/v2\/product_brand?post=1862029"},{"taxonomy":"product_cat","embeddable":true,"href":"https:\/\/lemonti.pl\/en\/wp-json\/wp\/v2\/product_cat?post=1862029"},{"taxonomy":"product_tag","embeddable":true,"href":"https:\/\/lemonti.pl\/en\/wp-json\/wp\/v2\/product_tag?post=1862029"}],"curies":[{"name":"wp","href":"https:\/\/api.w.org\/{rel}","templated":true}]}}