{"id":1862004,"date":"2026-02-16T15:32:56","date_gmt":"2026-02-16T14:32:56","guid":{"rendered":"https:\/\/lemonti.pl\/sklep\/bez-kategorii\/kabel-adapter-lanberg-displayport-v1-2-dvi-d-241-m-m-3m-czarny-dual-link\/"},"modified":"2026-04-20T10:40:44","modified_gmt":"2026-04-20T08:40:44","slug":"kabel-adapter-lanberg-displayport-v1-2-dvi-d-241-m-m-3m-czarny-dual-link","status":"publish","type":"product","link":"https:\/\/lemonti.pl\/en\/sklep\/akcesoria-rozne\/kable-i-adaptery\/kabel-adapter-lanberg-displayport-v1-2-dvi-d-241-m-m-3m-czarny-dual-link\/","title":{"rendered":"Kabel adapter Lanberg DisplayPort v1.2 &#8211; DVI-D (24+1) M\/M 3m czarny Dual Link"},"content":{"rendered":"<div class=\"vgblk-rw-wrapper limit-wrapper\">\n<section class=\"section\">\n<div class=\"item item-6\">\n<section class=\"text-item\">\n<h2>Kabel DisplayPort &#8211; DVI-D(24+1) M\/M 3m czarny<\/h2>\n<p>Kabel DisplayPort &#8211; DVI-D(24+1) M\/M 3m czarny<\/p>\n<\/section><\/div>\n<div class=\"item item-6\">\n<section class=\"image-item\"><img decoding=\"async\" src=\"https:\/\/upload.cdn.baselinker.com\/products\/6010088\/5a122aea86c87fda6746ccc800e34137.jpg\" \/><\/section>\n<\/p><\/div>\n<\/section>\n<section class=\"section\">\n<div class=\"item item-12\">\n<section class=\"text-item\">\n<h2>Dane:<\/h2>\n<ul>\n<li><b>D\u0142ugo\u015b\u0107 przewodu:<\/b> 3 m<\/li>\n<li><b>Rodzaj kabla:<\/b> Kabel<\/li>\n<li><b>Zastosowanie kabla\/adaptera:<\/b> Wideo<\/li>\n<li><b>Z\u0142\u0105cza #1:<\/b> DisplayPort M\u0119ska<\/li>\n<li><b>Z\u0142\u0105cza #2:<\/b> DVI-D 24pin M\u0119ska<\/li>\n<li><b>Producent:<\/b> LANBERG<\/li>\n<\/ul>\n<\/section><\/div>\n<\/section>\n<\/div>\n<p><!-- .vgblk-rw-wrapper --><\/p>","protected":false},"excerpt":{"rendered":"<p>Kabel DisplayPort &#8211; DVI-D(24+1) M\/M 3m czarny Kabel DisplayPort &#8211; DVI-D(24+1) M\/M 3m czarny Dane: D\u0142ugo\u015b\u0107 przewodu: 3 m Rodzaj kabla: Kabel Zastosowanie kabla\/adaptera: Wideo Z\u0142\u0105cza #1: DisplayPort M\u0119ska Z\u0142\u0105cza #2: DVI-D 24pin M\u0119ska Producent: LANBERG<\/p>","protected":false},"featured_media":1862000,"comment_status":"open","ping_status":"closed","template":"","meta":[],"product_brand":[18452],"product_cat":[306,34154],"product_tag":[],"class_list":{"0":"post-1862004","1":"product","2":"type-product","3":"status-publish","4":"has-post-thumbnail","6":"product_brand-lanberg","7":"product_cat-akcesoria-rozne","8":"product_cat-kable-i-adaptery","10":"first","11":"instock","12":"taxable","13":"shipping-taxable","14":"purchasable","15":"product-type-simple"},"_links":{"self":[{"href":"https:\/\/lemonti.pl\/en\/wp-json\/wp\/v2\/product\/1862004","targetHints":{"allow":["GET"]}}],"collection":[{"href":"https:\/\/lemonti.pl\/en\/wp-json\/wp\/v2\/product"}],"about":[{"href":"https:\/\/lemonti.pl\/en\/wp-json\/wp\/v2\/types\/product"}],"replies":[{"embeddable":true,"href":"https:\/\/lemonti.pl\/en\/wp-json\/wp\/v2\/comments?post=1862004"}],"version-history":[{"count":1,"href":"https:\/\/lemonti.pl\/en\/wp-json\/wp\/v2\/product\/1862004\/revisions"}],"predecessor-version":[{"id":1863369,"href":"https:\/\/lemonti.pl\/en\/wp-json\/wp\/v2\/product\/1862004\/revisions\/1863369"}],"wp:featuredmedia":[{"embeddable":true,"href":"https:\/\/lemonti.pl\/en\/wp-json\/wp\/v2\/media\/1862000"}],"wp:attachment":[{"href":"https:\/\/lemonti.pl\/en\/wp-json\/wp\/v2\/media?parent=1862004"}],"wp:term":[{"taxonomy":"product_brand","embeddable":true,"href":"https:\/\/lemonti.pl\/en\/wp-json\/wp\/v2\/product_brand?post=1862004"},{"taxonomy":"product_cat","embeddable":true,"href":"https:\/\/lemonti.pl\/en\/wp-json\/wp\/v2\/product_cat?post=1862004"},{"taxonomy":"product_tag","embeddable":true,"href":"https:\/\/lemonti.pl\/en\/wp-json\/wp\/v2\/product_tag?post=1862004"}],"curies":[{"name":"wp","href":"https:\/\/api.w.org\/{rel}","templated":true}]}}