{"id":1861957,"date":"2026-02-16T15:32:33","date_gmt":"2026-02-16T14:32:33","guid":{"rendered":"https:\/\/lemonti.pl\/sklep\/bez-kategorii\/sprezone-powietrze-lanberg-air-duster-600ml\/"},"modified":"2026-04-20T04:28:16","modified_gmt":"2026-04-20T02:28:16","slug":"sprezone-powietrze-lanberg-air-duster-600ml","status":"publish","type":"product","link":"https:\/\/lemonti.pl\/en\/sklep\/akcesoria-rozne\/srodki-czystosci\/sprezone-powietrze-lanberg-air-duster-600ml\/","title":{"rendered":"Spr\u0119\u017cone powietrze Lanberg Air Duster 600ml"},"content":{"rendered":"<div class=\"vgblk-rw-wrapper limit-wrapper\">\n<section class=\"section\">\n<div class=\"item item-12\">\n<section class=\"text-item\">\n<h1>Spr\u0119\u017cone powietrze Lanberg Air Duster 600ml<\/h1>\n<\/section><\/div>\n<\/section>\n<section class=\"section\">\n<div class=\"item item-6\">\n<section class=\"image-item\"><img decoding=\"async\" src=\"https:\/\/upload.cdn.baselinker.com\/products\/6010088\/537913fcc44a0360136123842a2b5dd9.jpg\" \/><\/section>\n<\/p><\/div>\n<div class=\"item item-6\">\n<section class=\"text-item\">\n<h2>Specyfikacja:<\/h2>\n<ul>\n<li><b>Rodzaj materia\u0142u eksploatacyjnego:<\/b> Spr\u0119\u017cone powietrze<\/li>\n<li><b>Opakowanie:<\/b> OEM<\/li>\n<li><b>Pojemno\u015b\u0107 (ml):<\/b> 600.0 ml<\/li>\n<li><b>Ilo\u015b\u0107 w opakowaniu:<\/b> 1 szt<\/li>\n<li><b>Informacje dodatkowe:<\/b><\/li>\n<li>&#8211; Spr\u0119\u017cony gaz przeznaczony do usuwania kurzu i innych zanieczyszcze\u0144 z urz\u0105dze\u0144 elektrycznych oraz trudno dost\u0119pnych miejsc<\/li>\n<li>&#8211; Pojemno\u015b\u0107: 600 ml<\/li>\n<li>&#8211; PALNE<\/li>\n<li>&#8211; Mieszanina gaz\u00f3w: LPG (Butan\/Izobutan\/Propan)<\/li>\n<\/ul>\n<\/section><\/div>\n<\/section>\n<section class=\"section\">\n<div class=\"item item-6\">\n<section class=\"image-item\"><img decoding=\"async\" src=\"https:\/\/upload.cdn.baselinker.com\/products\/6010088\/6da1f4539990a10a3e471352fb21ec4e.jpg\" \/><\/section>\n<\/p><\/div>\n<div class=\"item item-6\">\n<section class=\"image-item\"><img decoding=\"async\" src=\"https:\/\/upload.cdn.baselinker.com\/products\/6010088\/507812e51aeb1ef90bd13912f2f84cb4.jpg\" \/><\/section>\n<\/p><\/div>\n<\/section>\n<section class=\"section\">\n<div class=\"item item-6\">\n<section class=\"image-item\"><img decoding=\"async\" src=\"https:\/\/upload.cdn.baselinker.com\/products\/6010088\/9563dac20cd3a95f1afcd4d65ab813b8.jpg\" \/><\/section>\n<\/p><\/div>\n<div class=\"item item-6\">\n<section class=\"image-item\"><img decoding=\"async\" src=\"https:\/\/upload.cdn.baselinker.com\/products\/6010088\/e538b0dca7a1ede18d2e8f503378532e.jpg\" \/><\/section>\n<\/p><\/div>\n<\/section>\n<\/div>\n<p><!-- .vgblk-rw-wrapper --><\/p>","protected":false},"excerpt":{"rendered":"<p>Spr\u0119\u017cone powietrze Lanberg Air Duster 600ml Specyfikacja: Rodzaj materia\u0142u eksploatacyjnego: Spr\u0119\u017cone powietrze Opakowanie: OEM Pojemno\u015b\u0107 (ml): 600.0 ml Ilo\u015b\u0107 w opakowaniu: 1 szt Informacje dodatkowe: &#8211; Spr\u0119\u017cony gaz przeznaczony do usuwania kurzu i innych zanieczyszcze\u0144 z urz\u0105dze\u0144 elektrycznych oraz trudno dost\u0119pnych miejsc &#8211; Pojemno\u015b\u0107: 600 ml &#8211; PALNE &#8211; Mieszanina gaz\u00f3w: LPG (Butan\/Izobutan\/Propan)<\/p>","protected":false},"featured_media":1861945,"comment_status":"open","ping_status":"closed","template":"","meta":[],"product_brand":[18452],"product_cat":[306,34159],"product_tag":[],"class_list":{"0":"post-1861957","1":"product","2":"type-product","3":"status-publish","4":"has-post-thumbnail","6":"product_brand-lanberg","7":"product_cat-akcesoria-rozne","8":"product_cat-srodki-czystosci","10":"first","11":"instock","12":"taxable","13":"shipping-taxable","14":"purchasable","15":"product-type-simple"},"_links":{"self":[{"href":"https:\/\/lemonti.pl\/en\/wp-json\/wp\/v2\/product\/1861957","targetHints":{"allow":["GET"]}}],"collection":[{"href":"https:\/\/lemonti.pl\/en\/wp-json\/wp\/v2\/product"}],"about":[{"href":"https:\/\/lemonti.pl\/en\/wp-json\/wp\/v2\/types\/product"}],"replies":[{"embeddable":true,"href":"https:\/\/lemonti.pl\/en\/wp-json\/wp\/v2\/comments?post=1861957"}],"version-history":[{"count":1,"href":"https:\/\/lemonti.pl\/en\/wp-json\/wp\/v2\/product\/1861957\/revisions"}],"predecessor-version":[{"id":1863587,"href":"https:\/\/lemonti.pl\/en\/wp-json\/wp\/v2\/product\/1861957\/revisions\/1863587"}],"wp:featuredmedia":[{"embeddable":true,"href":"https:\/\/lemonti.pl\/en\/wp-json\/wp\/v2\/media\/1861945"}],"wp:attachment":[{"href":"https:\/\/lemonti.pl\/en\/wp-json\/wp\/v2\/media?parent=1861957"}],"wp:term":[{"taxonomy":"product_brand","embeddable":true,"href":"https:\/\/lemonti.pl\/en\/wp-json\/wp\/v2\/product_brand?post=1861957"},{"taxonomy":"product_cat","embeddable":true,"href":"https:\/\/lemonti.pl\/en\/wp-json\/wp\/v2\/product_cat?post=1861957"},{"taxonomy":"product_tag","embeddable":true,"href":"https:\/\/lemonti.pl\/en\/wp-json\/wp\/v2\/product_tag?post=1861957"}],"curies":[{"name":"wp","href":"https:\/\/api.w.org\/{rel}","templated":true}]}}