{"id":1861706,"date":"2026-02-16T15:29:52","date_gmt":"2026-02-16T14:29:52","guid":{"rendered":"https:\/\/lemonti.pl\/sklep\/bez-kategorii\/adapter-lanberg-hdmif-hdmif-8k-katowy-prawo-aluminimum-srebrny\/"},"modified":"2026-04-20T17:02:33","modified_gmt":"2026-04-20T15:02:33","slug":"adapter-lanberg-hdmif-hdmif-8k-katowy-prawo-aluminimum-srebrny","status":"publish","type":"product","link":"https:\/\/lemonti.pl\/en\/sklep\/akcesoria-rozne\/kable-i-adaptery\/adapter-lanberg-hdmif-hdmif-8k-katowy-prawo-aluminimum-srebrny\/","title":{"rendered":"Adapter Lanberg HDMI(F)-&gt;HDMI(F) 8K K\u0105towy Prawo Aluminimum Srebrny"},"content":{"rendered":"<div class=\"vgblk-rw-wrapper limit-wrapper\">\n<section class=\"section\">\n<div class=\"item item-6\">\n<section class=\"text-item\">\n<h1>Adapter HDMI 2.1<\/h1>\n<h2>Adapter HDMI (m\u0119ski) k\u0105towy 90&#8243; w prawo do HDMI (\u017ce\u0144ski), &nbsp; 8K,&nbsp; (Alu, szary)<\/h2>\n<ul>\n<li>Producent<b> Lanberg<\/b><\/li>\n<li>Kod producenta: AD-HDMI-10<\/li>\n<\/ul>\n<\/section><\/div>\n<div class=\"item item-6\">\n<section class=\"image-item\"><img decoding=\"async\" src=\"https:\/\/upload.cdn.baselinker.com\/products\/6010088\/9dfa80edd75a1907a3c4b795db4edaa5.jpg\" \/><\/section>\n<\/p><\/div>\n<\/section>\n<section class=\"section\">\n<div class=\"item item-6\">\n<section class=\"text-item\">\n<p><b>Adapter typu audio-video dla interfejsu HDMI<\/b><\/p>\n<p><b>Specyfikacja<\/b><\/p>\n<ul>\n<li>-Z\u0142\u0105cza<\/li>\n<li>HDMI-A \u017ce\u0144skie<\/li>\n<li>HDMI-A m\u0119skie 90&#8243;<\/li>\n<li>&#8211; Z\u0142\u0105cze <b>HDMI-A m\u0119skie wygi\u0119te o 90&#8243; w prawo<\/b><\/li>\n<li>&#8211; Specyfikacja HDMI: Ultra High Speed with Ethernet (V2.1)<\/li>\n<li>&#8211; Maksymalna wspierana rozdzielczo\u015b\u0107 (z DSC):<\/li>\n<li>7680 x 4320 @ 60 Hz<\/li>\n<li>3840 x 2160 @ 240 Hz<\/li>\n<li>&#8211; Maksymalna wspierana rozdzielczo\u015b\u0107 (bez DSC):<\/li>\n<li>7680 x 4320 @ 30 Hz<\/li>\n<li>3840 x 2160 @ 144 Hz<\/li>\n<li>2560 x 1440 @ 240 Hz<\/li>\n<li>&#8211; Szybko\u015b\u0107 transmisji danych<b> do 48 Gb\/s<\/b><\/li>\n<li>&#8211; Wsparcie dla DSC (Display Stream Compression)<\/li>\n<li>&#8211; Obs\u0142uguje zwrotny kana\u0142 audio (<b>eARC<\/b>)<\/li>\n<li>&#8211; Wsparcie dla HDR<\/li>\n<li>Wspierane standardy :<\/li>\n<li>ALLM<\/li>\n<li><b>Dynamic HDR<\/b><\/li>\n<li>eARC<\/li>\n<li><b>Game Mode VRR<\/b><\/li>\n<li>QFT<\/li>\n<li>&#8211; Poz\u0142acane z\u0142\u0105cza<\/li>\n<li>&#8211; Aluminiowa obudowa<\/li>\n<li>&#8211; Kolor: Srebrny \/ Czarny<\/li>\n<\/ul>\n<\/section><\/div>\n<div class=\"item item-6\">\n<section class=\"image-item\"><img decoding=\"async\" src=\"https:\/\/upload.cdn.baselinker.com\/products\/6010088\/2082ae70351585ca13b5e5ab2dd4553b.jpg\" \/><\/section>\n<\/p><\/div>\n<\/section>\n<section class=\"section\">\n<div class=\"item item-6\">\n<section class=\"image-item\"><img decoding=\"async\" src=\"https:\/\/upload.cdn.baselinker.com\/products\/6010088\/9dfa80edd75a1907a3c4b795db4edaa5.jpg\" \/><\/section>\n<\/p><\/div>\n<div class=\"item item-6\">\n<section class=\"image-item\"><img decoding=\"async\" src=\"https:\/\/upload.cdn.baselinker.com\/products\/6010088\/2082ae70351585ca13b5e5ab2dd4553b.jpg\" \/><\/section>\n<\/p><\/div>\n<\/section>\n<\/div>\n<p><!-- .vgblk-rw-wrapper --><\/p>","protected":false},"excerpt":{"rendered":"<p>Adapter HDMI 2.1 Adapter HDMI (m\u0119ski) k\u0105towy 90&#8243; w prawo do HDMI (\u017ce\u0144ski), &nbsp; 8K,&nbsp; (Alu, szary) Producent Lanberg Kod producenta: AD-HDMI-10 Adapter typu audio-video dla interfejsu HDMI Specyfikacja -Z\u0142\u0105cza HDMI-A \u017ce\u0144skie HDMI-A m\u0119skie 90&#8243; &#8211; Z\u0142\u0105cze HDMI-A m\u0119skie wygi\u0119te o 90&#8243; w prawo &#8211; Specyfikacja HDMI: Ultra High Speed with Ethernet (V2.1) &#8211; Maksymalna&#8230;<\/p>","protected":false},"featured_media":1861684,"comment_status":"open","ping_status":"closed","template":"","meta":[],"product_brand":[18452],"product_cat":[306,34154],"product_tag":[],"class_list":{"0":"post-1861706","1":"product","2":"type-product","3":"status-publish","4":"has-post-thumbnail","6":"product_brand-lanberg","7":"product_cat-akcesoria-rozne","8":"product_cat-kable-i-adaptery","10":"first","11":"instock","12":"taxable","13":"shipping-taxable","14":"purchasable","15":"product-type-simple"},"_links":{"self":[{"href":"https:\/\/lemonti.pl\/en\/wp-json\/wp\/v2\/product\/1861706","targetHints":{"allow":["GET"]}}],"collection":[{"href":"https:\/\/lemonti.pl\/en\/wp-json\/wp\/v2\/product"}],"about":[{"href":"https:\/\/lemonti.pl\/en\/wp-json\/wp\/v2\/types\/product"}],"replies":[{"embeddable":true,"href":"https:\/\/lemonti.pl\/en\/wp-json\/wp\/v2\/comments?post=1861706"}],"version-history":[{"count":0,"href":"https:\/\/lemonti.pl\/en\/wp-json\/wp\/v2\/product\/1861706\/revisions"}],"wp:featuredmedia":[{"embeddable":true,"href":"https:\/\/lemonti.pl\/en\/wp-json\/wp\/v2\/media\/1861684"}],"wp:attachment":[{"href":"https:\/\/lemonti.pl\/en\/wp-json\/wp\/v2\/media?parent=1861706"}],"wp:term":[{"taxonomy":"product_brand","embeddable":true,"href":"https:\/\/lemonti.pl\/en\/wp-json\/wp\/v2\/product_brand?post=1861706"},{"taxonomy":"product_cat","embeddable":true,"href":"https:\/\/lemonti.pl\/en\/wp-json\/wp\/v2\/product_cat?post=1861706"},{"taxonomy":"product_tag","embeddable":true,"href":"https:\/\/lemonti.pl\/en\/wp-json\/wp\/v2\/product_tag?post=1861706"}],"curies":[{"name":"wp","href":"https:\/\/api.w.org\/{rel}","templated":true}]}}