{"id":1861658,"date":"2026-02-16T15:29:30","date_gmt":"2026-02-16T14:29:30","guid":{"rendered":"https:\/\/lemonti.pl\/sklep\/bez-kategorii\/kabel-adapter-lanberg-displayport-v1-2-dvi-d-241-m-m-1m-czarny-dual-link\/"},"modified":"2026-04-14T11:01:06","modified_gmt":"2026-04-14T09:01:06","slug":"kabel-adapter-lanberg-displayport-v1-2-dvi-d-241-m-m-1m-czarny-dual-link","status":"publish","type":"product","link":"https:\/\/lemonti.pl\/en\/sklep\/akcesoria-rozne\/kable-i-adaptery\/kabel-adapter-lanberg-displayport-v1-2-dvi-d-241-m-m-1m-czarny-dual-link\/","title":{"rendered":"Kabel adapter Lanberg DisplayPort v1.2 &#8211; DVI-D (24+1) M\/M 1m czarny Dual Link"},"content":{"rendered":"<div class=\"vgblk-rw-wrapper limit-wrapper\">\n<section class=\"section\">\n<div class=\"item item-12\">\n<section class=\"text-item\">\n<h1>KABEL DISPLAYPORT(M) V1.2-&gt;DVI-D(M)(24+1) 1M CZARNY DUAL LINK LANBERG<\/h1>\n<\/section><\/div>\n<\/section>\n<section class=\"section\">\n<div class=\"item item-6\">\n<section class=\"image-item\"><img decoding=\"async\" src=\"https:\/\/upload.cdn.baselinker.com\/products\/6010088\/7f3a18d4e3b4815d101285d009b45fc3.jpg\" \/><\/section>\n<\/p><\/div>\n<div class=\"item item-6\">\n<section class=\"text-item\">\n<p>Specyfikacja:<\/p>\n<ul>\n<li>Z\u0142\u0105cza: <b>DVI-D [24+1], Displayport<\/b><\/li>\n<li>Ilo\u015b\u0107 PIN-\u00f3w: <b>20, 24+1<\/b><\/li>\n<li>Wersja Displayport: <b>1.2<\/b><\/li>\n<li>Typ z\u0142\u0105cza DVI: <b>Dual Link<\/b><\/li>\n<li>D\u0142ugo\u015b\u0107 przewodu: <b>1m<\/b><\/li>\n<li>Maksymalna rozdzielczo\u015b\u0107 wideo: <b>1920 x 1080 px<\/b><\/li>\n<li>Chipset: <b>Nie<\/b><\/li>\n<li>Wykonanie styku:<b> Poz\u0142acane<\/b><\/li>\n<li>Oplot przewodu: <b>Oplot plastikowy<\/b><\/li>\n<li>Wtyczka k\u0105towa: <b>Nie<\/b><\/li>\n<li>Kolor: <b>Czarny<\/b><\/li>\n<\/ul>\n<\/section><\/div>\n<\/section>\n<section class=\"section\">\n<div class=\"item item-6\">\n<section class=\"text-item\">\n<p><b>Kabel pozwala na pod\u0142\u0105czenie monitora, lub innego urz\u0105dzenia wyposa\u017conego w port DVI do komputera za pomoc\u0105 portu Displayport.<\/b><\/p>\n<p><b>Podw\u00f3jne\u00a0ekranowanie chroni\u0105 sygna\u0142 przed zewn\u0119trznymi zak\u0142\u00f3ceniami gwarantuj\u0105c\u00a0obraz najwy\u017cszej jako\u015bci.<\/b><\/p>\n<p><b>Ten kabel mo\u017ce przekazywa\u0107 sygna\u0142 tylko z portu DisplayPort na DVI.<\/b><\/p>\n<\/section><\/div>\n<div class=\"item item-6\">\n<section class=\"image-item\"><img decoding=\"async\" src=\"https:\/\/upload.cdn.baselinker.com\/products\/6010088\/16341c56d55fd99ed568fc60938bb463.jpg\" \/><\/section>\n<\/p><\/div>\n<\/section>\n<\/div>\n<p><!-- .vgblk-rw-wrapper --><\/p>\n","protected":false},"excerpt":{"rendered":"<p>KABEL DISPLAYPORT(M) V1.2-&gt;DVI-D(M)(24+1) 1M CZARNY DUAL LINK LANBERG Specyfikacja: Z\u0142\u0105cza: DVI-D [24+1], Displayport Ilo\u015b\u0107 PIN-\u00f3w: 20, 24+1 Wersja Displayport: 1.2 Typ z\u0142\u0105cza DVI: Dual Link D\u0142ugo\u015b\u0107 przewodu: 1m Maksymalna rozdzielczo\u015b\u0107 wideo: 1920 x 1080 px Chipset: Nie Wykonanie styku: Poz\u0142acane Oplot przewodu: Oplot plastikowy Wtyczka k\u0105towa: Nie Kolor: Czarny Kabel pozwala na pod\u0142\u0105czenie monitora, lub&#8230;<\/p>\n","protected":false},"featured_media":1861650,"comment_status":"open","ping_status":"closed","template":"","meta":[],"product_brand":[18452],"product_cat":[306,34154],"product_tag":[],"class_list":{"0":"post-1861658","1":"product","2":"type-product","3":"status-publish","4":"has-post-thumbnail","6":"product_brand-lanberg","7":"product_cat-akcesoria-rozne","8":"product_cat-kable-i-adaptery","10":"first","11":"instock","12":"taxable","13":"shipping-taxable","14":"purchasable","15":"product-type-simple"},"_links":{"self":[{"href":"https:\/\/lemonti.pl\/en\/wp-json\/wp\/v2\/product\/1861658","targetHints":{"allow":["GET"]}}],"collection":[{"href":"https:\/\/lemonti.pl\/en\/wp-json\/wp\/v2\/product"}],"about":[{"href":"https:\/\/lemonti.pl\/en\/wp-json\/wp\/v2\/types\/product"}],"replies":[{"embeddable":true,"href":"https:\/\/lemonti.pl\/en\/wp-json\/wp\/v2\/comments?post=1861658"}],"version-history":[{"count":1,"href":"https:\/\/lemonti.pl\/en\/wp-json\/wp\/v2\/product\/1861658\/revisions"}],"predecessor-version":[{"id":1863358,"href":"https:\/\/lemonti.pl\/en\/wp-json\/wp\/v2\/product\/1861658\/revisions\/1863358"}],"wp:featuredmedia":[{"embeddable":true,"href":"https:\/\/lemonti.pl\/en\/wp-json\/wp\/v2\/media\/1861650"}],"wp:attachment":[{"href":"https:\/\/lemonti.pl\/en\/wp-json\/wp\/v2\/media?parent=1861658"}],"wp:term":[{"taxonomy":"product_brand","embeddable":true,"href":"https:\/\/lemonti.pl\/en\/wp-json\/wp\/v2\/product_brand?post=1861658"},{"taxonomy":"product_cat","embeddable":true,"href":"https:\/\/lemonti.pl\/en\/wp-json\/wp\/v2\/product_cat?post=1861658"},{"taxonomy":"product_tag","embeddable":true,"href":"https:\/\/lemonti.pl\/en\/wp-json\/wp\/v2\/product_tag?post=1861658"}],"curies":[{"name":"wp","href":"https:\/\/api.w.org\/{rel}","templated":true}]}}