{"id":1861644,"date":"2026-02-16T15:29:25","date_gmt":"2026-02-16T14:29:25","guid":{"rendered":"https:\/\/lemonti.pl\/sklep\/bez-kategorii\/kabel-adapter-lanberg-usb-cm-hdmim-1m-4k-60hz-czarny\/"},"modified":"2026-04-20T11:50:55","modified_gmt":"2026-04-20T09:50:55","slug":"kabel-adapter-lanberg-usb-cm-hdmim-1m-4k-60hz-czarny","status":"publish","type":"product","link":"https:\/\/lemonti.pl\/en\/sklep\/akcesoria-rozne\/kable-i-adaptery\/kabel-adapter-lanberg-usb-cm-hdmim-1m-4k-60hz-czarny\/","title":{"rendered":"Kabel adapter Lanberg USB-C(M) &#8211; HDMI(M) 1m 4K 60Hz czarny"},"content":{"rendered":"<div class=\"vgblk-rw-wrapper limit-wrapper\">\n<section class=\"section\">\n<div class=\"item item-12\">\n<section class=\"text-item\">\n<h1>Kabel adapter Lanberg USB-C(M) &#8211; HDMI(M) 1m 4K 60Hz czarny<\/h1>\n<\/section><\/div>\n<\/section>\n<section class=\"section\">\n<div class=\"item item-6\">\n<section class=\"image-item\"><img decoding=\"async\" src=\"https:\/\/upload.cdn.baselinker.com\/products\/6010088\/e0cc4bcdf182b0c09323cae50bdf5b27.jpg\" \/><\/section>\n<\/p><\/div>\n<div class=\"item item-6\">\n<section class=\"text-item\">\n<h2>Specyfikacja:<\/h2>\n<ul>\n<li><b>Typ kabla \/ urz\u0105dzenia:<\/b> Kabel sygna\u0142owy<\/li>\n<li><b>D\u0142ugo\u015b\u0107 kabla (m):<\/b> 1.00<\/li>\n<li><b>Z\u0142\u0105cze 1:<\/b> USB Typu C (m\u0119skie)<\/li>\n<li><b>Z\u0142\u0105cze 2:<\/b> HDMI Typu A 19-pin (m\u0119skie)<\/li>\n<li><b>Interfejs:<\/b> USB 3.2 Gen2<\/li>\n<li><b>Poz\u0142acane styki:<\/b> Tak<\/li>\n<li><b>Przepustowo\u015b\u0107 (Gb\/s):<\/b> 18.0<\/li>\n<li><b>Rodzaj kabla (AWG):<\/b> 32<\/li>\n<li><b>Kolor:<\/b> Czarny<\/li>\n<li><b>Cechy:<\/b> 1m;czarny<\/li>\n<li><b>Informacje dodatkowe:<\/b><\/li>\n<li>&#8211; Z\u0142\u0105cza: HDMI, USB Typ-C<\/li>\n<li>&#8211; Wersja HDMI: 2.0<\/li>\n<li>&#8211; D\u0142ugo\u015b\u0107 przewodu: 100 cm<\/li>\n<li>&#8211; Rodzaj ekranowania: Potr\u00f3jne ekranowanie<\/li>\n<li>&#8211; Maksymalna rozdzielczo\u015b\u0107 wideo: 3840 x 2160 (4K), 5120 x 2880 px<\/li>\n<li>&#8211; Pr\u0119dko\u015b\u0107 transmisji: 18 Gb\/s<\/li>\n<li>&#8211; Chipset: CS5265AN<\/li>\n<li>&#8211; Materia\u0142: Miedziany (CU)<\/li>\n<li>&#8211; Wykonanie styku: Poz\u0142acane<\/li>\n<li>&#8211; Oplot przewodu: Oplot plastikowy<\/li>\n<li>&#8211; Wtyczka k\u0105towa: Nie<\/li>\n<\/ul>\n<\/section><\/div>\n<\/section>\n<section class=\"section\">\n<div class=\"item item-6\">\n<section class=\"image-item\"><img decoding=\"async\" src=\"https:\/\/upload.cdn.baselinker.com\/products\/6010088\/a3843fab83c1d75e7603a09203f8a28f.jpg\" \/><\/section>\n<\/p><\/div>\n<div class=\"item item-6\">\n<section class=\"image-item\"><img decoding=\"async\" src=\"https:\/\/upload.cdn.baselinker.com\/products\/6010088\/e527c9d7cd32bdd6a57979eb34b2a094.jpg\" \/><\/section>\n<\/p><\/div>\n<\/section>\n<\/div>\n<p><!-- .vgblk-rw-wrapper --><\/p>","protected":false},"excerpt":{"rendered":"<p>Kabel adapter Lanberg USB-C(M) &#8211; HDMI(M) 1m 4K 60Hz czarny Specyfikacja: Typ kabla \/ urz\u0105dzenia: Kabel sygna\u0142owy D\u0142ugo\u015b\u0107 kabla (m): 1.00 Z\u0142\u0105cze 1: USB Typu C (m\u0119skie) Z\u0142\u0105cze 2: HDMI Typu A 19-pin (m\u0119skie) Interfejs: USB 3.2 Gen2 Poz\u0142acane styki: Tak Przepustowo\u015b\u0107 (Gb\/s): 18.0 Rodzaj kabla (AWG): 32 Kolor: Czarny Cechy: 1m;czarny Informacje dodatkowe: &#8211;&#8230;<\/p>","protected":false},"featured_media":1861613,"comment_status":"open","ping_status":"closed","template":"","meta":[],"product_brand":[18452],"product_cat":[306,34154],"product_tag":[],"class_list":{"0":"post-1861644","1":"product","2":"type-product","3":"status-publish","4":"has-post-thumbnail","6":"product_brand-lanberg","7":"product_cat-akcesoria-rozne","8":"product_cat-kable-i-adaptery","10":"first","11":"instock","12":"taxable","13":"shipping-taxable","14":"purchasable","15":"product-type-simple"},"_links":{"self":[{"href":"https:\/\/lemonti.pl\/en\/wp-json\/wp\/v2\/product\/1861644","targetHints":{"allow":["GET"]}}],"collection":[{"href":"https:\/\/lemonti.pl\/en\/wp-json\/wp\/v2\/product"}],"about":[{"href":"https:\/\/lemonti.pl\/en\/wp-json\/wp\/v2\/types\/product"}],"replies":[{"embeddable":true,"href":"https:\/\/lemonti.pl\/en\/wp-json\/wp\/v2\/comments?post=1861644"}],"version-history":[{"count":1,"href":"https:\/\/lemonti.pl\/en\/wp-json\/wp\/v2\/product\/1861644\/revisions"}],"predecessor-version":[{"id":1863357,"href":"https:\/\/lemonti.pl\/en\/wp-json\/wp\/v2\/product\/1861644\/revisions\/1863357"}],"wp:featuredmedia":[{"embeddable":true,"href":"https:\/\/lemonti.pl\/en\/wp-json\/wp\/v2\/media\/1861613"}],"wp:attachment":[{"href":"https:\/\/lemonti.pl\/en\/wp-json\/wp\/v2\/media?parent=1861644"}],"wp:term":[{"taxonomy":"product_brand","embeddable":true,"href":"https:\/\/lemonti.pl\/en\/wp-json\/wp\/v2\/product_brand?post=1861644"},{"taxonomy":"product_cat","embeddable":true,"href":"https:\/\/lemonti.pl\/en\/wp-json\/wp\/v2\/product_cat?post=1861644"},{"taxonomy":"product_tag","embeddable":true,"href":"https:\/\/lemonti.pl\/en\/wp-json\/wp\/v2\/product_tag?post=1861644"}],"curies":[{"name":"wp","href":"https:\/\/api.w.org\/{rel}","templated":true}]}}