{"id":1861503,"date":"2026-02-16T15:28:00","date_gmt":"2026-02-16T14:28:00","guid":{"rendered":"https:\/\/lemonti.pl\/sklep\/bez-kategorii\/kabel-adapter-lanberg-hdmim-dvi-dm181-3m-single-link-pozlacane-styki-czarny\/"},"modified":"2026-04-15T23:07:00","modified_gmt":"2026-04-15T21:07:00","slug":"kabel-adapter-lanberg-hdmim-dvi-dm181-3m-single-link-pozlacane-styki-czarny","status":"publish","type":"product","link":"https:\/\/lemonti.pl\/en\/sklep\/akcesoria-rozne\/kable-i-adaptery\/kabel-adapter-lanberg-hdmim-dvi-dm181-3m-single-link-pozlacane-styki-czarny\/","title":{"rendered":"Kabel adapter Lanberg HDMI(M) &#8211; DVI-D(M)(18+1) 3m Single Link poz\u0142acane styki czarny"},"content":{"rendered":"<div class=\"vgblk-rw-wrapper limit-wrapper\">\n<section class=\"section\">\n<div class=\"item item-6\">\n<section class=\"text-item\">\n<h2>Kabel Lanberg CA-HDDV-10CC-0030-BK 3m czarny<\/h2>\n<p>Kabel HDMI-DVI marki Lanberg pozwala na swobodne pod\u0142\u0105czenie sprz\u0119tu audio-wideo takiego jak monitor, projektor, TV itp.<\/p>\n<p>Kabel pozwala na dwukierunkow\u0105 komunikacj\u0119, spe\u0142niaj\u0105c tym samym wysokie wymagania u\u017cytkownik\u00f3w. Poz\u0142acane z\u0142\u0105cza i specjalnie dopasowane zabezpieczenie przed wyrywaniem kabla zapewniaj\u0105 mu wi\u0119ksz\u0105 wytrzyma\u0142o\u015b\u0107, skutecznie wyd\u0142u\u017caj\u0105c jego cykl \u017cycia.<\/p>\n<\/section><\/div>\n<div class=\"item item-6\">\n<section class=\"image-item\"><img decoding=\"async\" src=\"https:\/\/upload.cdn.baselinker.com\/products\/6010088\/18b681ce63a1d8de14156561a3538447.jpg\" \/><\/section>\n<\/p><\/div>\n<\/section>\n<section class=\"section\">\n<div class=\"item item-12\">\n<section class=\"text-item\">\n<p><b>Specyfikacja:<\/b><\/p>\n<p>&#8211; Z\u0142\u0105cza:<\/p>\n<p>HDMI-A m\u0119skie<\/p>\n<p>DVI-D 18+1 m\u0119skie<\/p>\n<p>&#8211; Standard:<\/p>\n<p>HDMI &#8211; High Speed HDMI<\/p>\n<p>DVI &#8211; DVI-D Single Link<\/p>\n<p>&#8211; Maksymalna wspierana rozdzielczo\u015b\u0107: 1920&#215;1200 @ 60hz<\/p>\n<p>&#8211; Dwukierunkowa komunikacja<\/p>\n<p>&#8211; Nie przesy\u0142a sygna\u0142y analogowego<\/p>\n<p>&#8211; Wykonanie \u017cy\u0142: miedziane (CU)<\/p>\n<p>&#8211; Grubo\u015b\u0107 \u017cy\u0142: 30AWG<\/p>\n<p>&#8211; Poz\u0142acane styki<\/p>\n<p>&#8211; Podw\u00f3jnie ekranowany<\/p>\n<p>&#8211; D\u0142ugo\u015b\u0107 kabla: 3 m<\/p>\n<p>&#8211; Kolor: czarny<\/p>\n<\/section><\/div>\n<\/section>\n<\/div>\n<p><!-- .vgblk-rw-wrapper --><\/p>","protected":false},"excerpt":{"rendered":"<p>Kabel Lanberg CA-HDDV-10CC-0030-BK 3m czarny Kabel HDMI-DVI marki Lanberg pozwala na swobodne pod\u0142\u0105czenie sprz\u0119tu audio-wideo takiego jak monitor, projektor, TV itp. Kabel pozwala na dwukierunkow\u0105 komunikacj\u0119, spe\u0142niaj\u0105c tym samym wysokie wymagania u\u017cytkownik\u00f3w. Poz\u0142acane z\u0142\u0105cza i specjalnie dopasowane zabezpieczenie przed wyrywaniem kabla zapewniaj\u0105 mu wi\u0119ksz\u0105 wytrzyma\u0142o\u015b\u0107, skutecznie wyd\u0142u\u017caj\u0105c jego cykl \u017cycia. Specyfikacja: &#8211; Z\u0142\u0105cza: HDMI-A m\u0119skie&#8230;<\/p>","protected":false},"featured_media":1861482,"comment_status":"open","ping_status":"closed","template":"","meta":[],"product_brand":[18452],"product_cat":[306,34154],"product_tag":[],"class_list":{"0":"post-1861503","1":"product","2":"type-product","3":"status-publish","4":"has-post-thumbnail","6":"product_brand-lanberg","7":"product_cat-akcesoria-rozne","8":"product_cat-kable-i-adaptery","10":"first","11":"instock","12":"taxable","13":"shipping-taxable","14":"purchasable","15":"product-type-simple"},"_links":{"self":[{"href":"https:\/\/lemonti.pl\/en\/wp-json\/wp\/v2\/product\/1861503","targetHints":{"allow":["GET"]}}],"collection":[{"href":"https:\/\/lemonti.pl\/en\/wp-json\/wp\/v2\/product"}],"about":[{"href":"https:\/\/lemonti.pl\/en\/wp-json\/wp\/v2\/types\/product"}],"replies":[{"embeddable":true,"href":"https:\/\/lemonti.pl\/en\/wp-json\/wp\/v2\/comments?post=1861503"}],"version-history":[{"count":1,"href":"https:\/\/lemonti.pl\/en\/wp-json\/wp\/v2\/product\/1861503\/revisions"}],"predecessor-version":[{"id":1863351,"href":"https:\/\/lemonti.pl\/en\/wp-json\/wp\/v2\/product\/1861503\/revisions\/1863351"}],"wp:featuredmedia":[{"embeddable":true,"href":"https:\/\/lemonti.pl\/en\/wp-json\/wp\/v2\/media\/1861482"}],"wp:attachment":[{"href":"https:\/\/lemonti.pl\/en\/wp-json\/wp\/v2\/media?parent=1861503"}],"wp:term":[{"taxonomy":"product_brand","embeddable":true,"href":"https:\/\/lemonti.pl\/en\/wp-json\/wp\/v2\/product_brand?post=1861503"},{"taxonomy":"product_cat","embeddable":true,"href":"https:\/\/lemonti.pl\/en\/wp-json\/wp\/v2\/product_cat?post=1861503"},{"taxonomy":"product_tag","embeddable":true,"href":"https:\/\/lemonti.pl\/en\/wp-json\/wp\/v2\/product_tag?post=1861503"}],"curies":[{"name":"wp","href":"https:\/\/api.w.org\/{rel}","templated":true}]}}