{"id":1861109,"date":"2026-02-16T15:23:41","date_gmt":"2026-02-16T14:23:41","guid":{"rendered":"https:\/\/lemonti.pl\/sklep\/bez-kategorii\/adapter-lanberg-usb-type-cf-usb-af-3-1-czarny\/"},"modified":"2026-04-20T14:35:41","modified_gmt":"2026-04-20T12:35:41","slug":"adapter-lanberg-usb-type-cf-usb-af-3-1-czarny","status":"publish","type":"product","link":"https:\/\/lemonti.pl\/en\/sklep\/akcesoria-rozne\/kable-i-adaptery\/adapter-lanberg-usb-type-cf-usb-af-3-1-czarny\/","title":{"rendered":"Adapter Lanberg USB type-C(F) &#8211; USB-A(F) 3.1 czarny"},"content":{"rendered":"<div class=\"vgblk-rw-wrapper limit-wrapper\">\n<section class=\"section\">\n<div class=\"item item-12\">\n<section class=\"text-item\">\n<h1>Adapter Lanberg USB type-C(F) &#8211; USB-A(F) 3.1 czarny<\/h1>\n<\/section><\/div>\n<\/section>\n<section class=\"section\">\n<div class=\"item item-6\">\n<section class=\"text-item\">\n<p><b>Producent<\/b>: LANBERG<\/p>\n<p><b>Nazwa typu<\/b>: Kable komputerowe i inne<\/p>\n<p><b>Opis og\u00f3lny<\/b>: Adapter Lanberg USB type-C(F) &#8211; USB-A(F) 3.1 czarny<\/p>\n<p><b>Typ kabla \/ urz\u0105dzenia<\/b>: Adapter \/ Konwerter \/ Przej\u015bci\u00f3wka<\/p>\n<p><b>Z\u0142\u0105cze 1<\/b>: USB 3.1 Typu A (\u017ce\u0144skie)<\/p>\n<p><b>Z\u0142\u0105cze 2<\/b>: USB 3.1 Typu C (m\u0119skie)<\/p>\n<p><b>Interfejs<\/b>: USB 3.1<\/p>\n<p><b>Kolor<\/b>: Czarny<\/p>\n<p><b>Informacje dodatkowe<\/b>: Specyfikacja:<\/p>\n<p><b>Informacje dodatkowe<\/b>: &#8211; Z\u0142\u0105cza:<\/p>\n<p><b>Informacje dodatkowe<\/b>: USB typ A \u017ce\u0144skie<\/p>\n<p><b>Informacje dodatkowe<\/b>: USB type-C m\u0119skie<\/p>\n<p><b>Informacje dodatkowe<\/b>: &#8211; Specyfikacja USB 3.1<\/p>\n<p><b>Informacje dodatkowe<\/b>: &#8211; Wspiera zar\u00f3wno przesy\u0142 danych jak i \u0142adowanie<\/p>\n<p><b>Informacje dodatkowe<\/b>: &#8211; Wspiera funkcje OTG (On-The-Go)<\/p>\n<p><b>Informacje dodatkowe<\/b>: &#8211; Niklowane z\u0142\u0105cza<\/p>\n<p><b>Informacje dodatkowe<\/b>: &#8211; Materia\u0142: ABS<\/p>\n<p><b>Baza SCIP<\/b>: Nie<\/p>\n<\/section><\/div>\n<div class=\"item item-6\">\n<section class=\"image-item\"><img decoding=\"async\" src=\"https:\/\/upload.cdn.baselinker.com\/products\/6010088\/e2123a3e5f7970c35bb59c4909c55ce2.jpg\" \/><\/section>\n<\/p><\/div>\n<\/section>\n<\/div>\n<p><!-- .vgblk-rw-wrapper --><\/p>","protected":false},"excerpt":{"rendered":"<p>Adapter Lanberg USB type-C(F) &#8211; USB-A(F) 3.1 czarny Producent: LANBERG Nazwa typu: Kable komputerowe i inne Opis og\u00f3lny: Adapter Lanberg USB type-C(F) &#8211; USB-A(F) 3.1 czarny Typ kabla \/ urz\u0105dzenia: Adapter \/ Konwerter \/ Przej\u015bci\u00f3wka Z\u0142\u0105cze 1: USB 3.1 Typu A (\u017ce\u0144skie) Z\u0142\u0105cze 2: USB 3.1 Typu C (m\u0119skie) Interfejs: USB 3.1 Kolor: Czarny Informacje&#8230;<\/p>","protected":false},"featured_media":1861080,"comment_status":"open","ping_status":"closed","template":"","meta":[],"product_brand":[18452],"product_cat":[306,34154],"product_tag":[],"class_list":{"0":"post-1861109","1":"product","2":"type-product","3":"status-publish","4":"has-post-thumbnail","6":"product_brand-lanberg","7":"product_cat-akcesoria-rozne","8":"product_cat-kable-i-adaptery","10":"first","11":"instock","12":"taxable","13":"shipping-taxable","14":"purchasable","15":"product-type-simple"},"_links":{"self":[{"href":"https:\/\/lemonti.pl\/en\/wp-json\/wp\/v2\/product\/1861109","targetHints":{"allow":["GET"]}}],"collection":[{"href":"https:\/\/lemonti.pl\/en\/wp-json\/wp\/v2\/product"}],"about":[{"href":"https:\/\/lemonti.pl\/en\/wp-json\/wp\/v2\/types\/product"}],"replies":[{"embeddable":true,"href":"https:\/\/lemonti.pl\/en\/wp-json\/wp\/v2\/comments?post=1861109"}],"version-history":[{"count":1,"href":"https:\/\/lemonti.pl\/en\/wp-json\/wp\/v2\/product\/1861109\/revisions"}],"predecessor-version":[{"id":1863240,"href":"https:\/\/lemonti.pl\/en\/wp-json\/wp\/v2\/product\/1861109\/revisions\/1863240"}],"wp:featuredmedia":[{"embeddable":true,"href":"https:\/\/lemonti.pl\/en\/wp-json\/wp\/v2\/media\/1861080"}],"wp:attachment":[{"href":"https:\/\/lemonti.pl\/en\/wp-json\/wp\/v2\/media?parent=1861109"}],"wp:term":[{"taxonomy":"product_brand","embeddable":true,"href":"https:\/\/lemonti.pl\/en\/wp-json\/wp\/v2\/product_brand?post=1861109"},{"taxonomy":"product_cat","embeddable":true,"href":"https:\/\/lemonti.pl\/en\/wp-json\/wp\/v2\/product_cat?post=1861109"},{"taxonomy":"product_tag","embeddable":true,"href":"https:\/\/lemonti.pl\/en\/wp-json\/wp\/v2\/product_tag?post=1861109"}],"curies":[{"name":"wp","href":"https:\/\/api.w.org\/{rel}","templated":true}]}}