{"id":1861069,"date":"2026-02-16T15:23:23","date_gmt":"2026-02-16T14:23:23","guid":{"rendered":"https:\/\/lemonti.pl\/sklep\/bez-kategorii\/kabel-adapter-lanberg-ad-0003-bk-mini-displayport-m-displayport-f-czarny\/"},"modified":"2026-04-02T17:01:59","modified_gmt":"2026-04-02T15:01:59","slug":"kabel-adapter-lanberg-ad-0003-bk-mini-displayport-m-displayport-f-czarny","status":"publish","type":"product","link":"https:\/\/lemonti.pl\/en\/sklep\/akcesoria-rozne\/kable-i-adaptery\/kabel-adapter-lanberg-ad-0003-bk-mini-displayport-m-displayport-f-czarny\/","title":{"rendered":"Kabel adapter Lanberg AD-0003-BK mini Displayport (M) -&gt; Displayport (F) czarny"},"content":{"rendered":"<div class=\"vgblk-rw-wrapper limit-wrapper\">\n<section class=\"section\">\n<div class=\"item item-12\">\n<section class=\"text-item\">\n<h2>Przej\u015bci\u00f3wka Lanberg AD-0003-BK 10 cm<\/h2>\n<h2>Kabel adapter Lanberg AD-0003-BK mini Displayport (M) -&amp;gt; Displayport (F) czarny<\/h2>\n<\/section><\/div>\n<\/section>\n<section class=\"section\">\n<div class=\"item item-6\">\n<section class=\"image-item\"><img decoding=\"async\" src=\"https:\/\/upload.cdn.baselinker.com\/products\/6010088\/a20463ab9ac851915a5f108798bb51d6.jpg\" \/><\/section>\n<\/p><\/div>\n<div class=\"item item-6\">\n<section class=\"text-item\">\n<ul>\n<li><b>Producent<\/b>: LANBERG<\/li>\n<li><b>Nazwa typu<\/b>: Kable komputerowe i inne<\/li>\n<li><b>Opis og\u00f3lny<\/b>: Kabel adapter Lanberg AD-0003-BK mini Displayport (M) -&amp;gt; Displayport (F)<\/li>\n<li><b>Typ kabla \/ urz\u0105dzenia<\/b>: Kabel &#8211; adapter<\/li>\n<li><b>D\u0142ugo\u015b\u0107 kabla [m]<\/b>: 0.10<\/li>\n<li><b>Z\u0142\u0105cze 1<\/b>: Mini DisplayPort (m\u0119skie)<\/li>\n<li><b>Z\u0142\u0105cze 2<\/b>: DisplayPort 20-pin (\u017ce\u0144skie)<\/li>\n<li><b>Interfejs<\/b>: mini DisplayPort &#8211; DisplayPort<\/li>\n<li><b>Kolor<\/b>: Czarny<\/li>\n<li><b>Informacje dodatkowe<\/b>: Adapter mini Displayport (M) -&amp;gt; Displayport (F) czarny na kablu 10cm<\/li>\n<li><b>Informacje dodatkowe<\/b>: Displayport to protok\u00f3\u0142 bezpiecze\u0144stwa i szyfrowania danych.<\/li>\n<li><b>Informacje dodatkowe<\/b>: Adapter zapewnia jako\u015b\u0107 obrazu jak HDMI.<\/li>\n<li><b>Informacje dodatkowe<\/b>: Specyfikacja:<\/li>\n<li><b>Informacje dodatkowe<\/b>: Interfejs: DisplayPort v.1<\/li>\n<li><b>Informacje dodatkowe<\/b>: rozdzielczo\u015b\u0107: do 1920 x 1200 x 60 Hz<\/li>\n<li><b>Informacje dodatkowe<\/b>: D\u0142ugo\u015b\u0107 kabla: 10 cm<\/li>\n<li><b>Baza SCIP<\/b>: Nie<\/li>\n<\/ul>\n<\/section><\/div>\n<\/section>\n<\/div>\n<p><!-- .vgblk-rw-wrapper --><\/p>\n","protected":false},"excerpt":{"rendered":"<p>Przej\u015bci\u00f3wka Lanberg AD-0003-BK 10 cm Kabel adapter Lanberg AD-0003-BK mini Displayport (M) -&amp;gt; Displayport (F) czarny Producent: LANBERG Nazwa typu: Kable komputerowe i inne Opis og\u00f3lny: Kabel adapter Lanberg AD-0003-BK mini Displayport (M) -&amp;gt; Displayport (F) Typ kabla \/ urz\u0105dzenia: Kabel &#8211; adapter D\u0142ugo\u015b\u0107 kabla [m]: 0.10 Z\u0142\u0105cze 1: Mini DisplayPort (m\u0119skie) Z\u0142\u0105cze 2: DisplayPort&#8230;<\/p>\n","protected":false},"featured_media":1861068,"comment_status":"open","ping_status":"closed","template":"","meta":[],"product_brand":[18452],"product_cat":[306,34154],"product_tag":[],"class_list":{"0":"post-1861069","1":"product","2":"type-product","3":"status-publish","4":"has-post-thumbnail","6":"product_brand-lanberg","7":"product_cat-akcesoria-rozne","8":"product_cat-kable-i-adaptery","10":"first","11":"instock","12":"taxable","13":"shipping-taxable","14":"purchasable","15":"product-type-simple"},"_links":{"self":[{"href":"https:\/\/lemonti.pl\/en\/wp-json\/wp\/v2\/product\/1861069","targetHints":{"allow":["GET"]}}],"collection":[{"href":"https:\/\/lemonti.pl\/en\/wp-json\/wp\/v2\/product"}],"about":[{"href":"https:\/\/lemonti.pl\/en\/wp-json\/wp\/v2\/types\/product"}],"replies":[{"embeddable":true,"href":"https:\/\/lemonti.pl\/en\/wp-json\/wp\/v2\/comments?post=1861069"}],"version-history":[{"count":1,"href":"https:\/\/lemonti.pl\/en\/wp-json\/wp\/v2\/product\/1861069\/revisions"}],"predecessor-version":[{"id":1863239,"href":"https:\/\/lemonti.pl\/en\/wp-json\/wp\/v2\/product\/1861069\/revisions\/1863239"}],"wp:featuredmedia":[{"embeddable":true,"href":"https:\/\/lemonti.pl\/en\/wp-json\/wp\/v2\/media\/1861068"}],"wp:attachment":[{"href":"https:\/\/lemonti.pl\/en\/wp-json\/wp\/v2\/media?parent=1861069"}],"wp:term":[{"taxonomy":"product_brand","embeddable":true,"href":"https:\/\/lemonti.pl\/en\/wp-json\/wp\/v2\/product_brand?post=1861069"},{"taxonomy":"product_cat","embeddable":true,"href":"https:\/\/lemonti.pl\/en\/wp-json\/wp\/v2\/product_cat?post=1861069"},{"taxonomy":"product_tag","embeddable":true,"href":"https:\/\/lemonti.pl\/en\/wp-json\/wp\/v2\/product_tag?post=1861069"}],"curies":[{"name":"wp","href":"https:\/\/api.w.org\/{rel}","templated":true}]}}