{"id":1861061,"date":"2026-02-16T15:23:18","date_gmt":"2026-02-16T14:23:18","guid":{"rendered":"https:\/\/lemonti.pl\/sklep\/bez-kategorii\/kabel-adapter-lanberg-displayport-v1-2-dvi-d-241-m-m-18m-czarny-dual-link\/"},"modified":"2026-04-20T16:02:27","modified_gmt":"2026-04-20T14:02:27","slug":"kabel-adapter-lanberg-displayport-v1-2-dvi-d-241-m-m-18m-czarny-dual-link","status":"publish","type":"product","link":"https:\/\/lemonti.pl\/en\/sklep\/akcesoria-rozne\/kable-i-adaptery\/kabel-adapter-lanberg-displayport-v1-2-dvi-d-241-m-m-18m-czarny-dual-link\/","title":{"rendered":"Kabel adapter Lanberg DisplayPort v1.2 &#8211; DVI-D (24+1) M\/M 1,8m czarny Dual Link"},"content":{"rendered":"<div class=\"vgblk-rw-wrapper limit-wrapper\">\n<section class=\"section\">\n<div class=\"item item-6\">\n<section class=\"text-item\">\n<h2>Lanberg Kabel DisplayPort &#8211; DVI-D 1.8m czarny<\/h2>\n<p>Kabel pozwala na pod\u0142\u0105czenie monitora, wyposa\u017conego w port DVI do komputera za pomoc\u0105 portu Displayport.<\/p>\n<p><b>Specyfikacja:<\/b><\/p>\n<p>&#8211; Z\u0142\u0105cza:<\/p>\n<p>Dispalyport 20 pin m\u0119skie<\/p>\n<p>DVI-D 24+1 pin m\u0119skie<\/p>\n<p>&#8211; 20 pin Displayport nie pod\u0142\u0105czony (bez zasilania 3.3V)<\/p>\n<p>&#8211; Maksymalna rozdzielczo\u015b\u0107: 1920&#215;1080 @ 60Hz<\/p>\n<p>&#8211; Kolor: Czarny<\/p>\n<p>&#8211; D\u0142ugo\u015b\u0107: 1,8 m<\/p>\n<\/section><\/div>\n<div class=\"item item-6\">\n<section class=\"image-item\"><img decoding=\"async\" src=\"https:\/\/upload.cdn.baselinker.com\/products\/6010088\/e9752ffb40f39bc231da95231da52d68.jpg\" \/><\/section>\n<\/p><\/div>\n<\/section>\n<\/div>\n<p><!-- .vgblk-rw-wrapper --><\/p>","protected":false},"excerpt":{"rendered":"<p>Lanberg Kabel DisplayPort &#8211; DVI-D 1.8m czarny Kabel pozwala na pod\u0142\u0105czenie monitora, wyposa\u017conego w port DVI do komputera za pomoc\u0105 portu Displayport. Specyfikacja: &#8211; Z\u0142\u0105cza: Dispalyport 20 pin m\u0119skie DVI-D 24+1 pin m\u0119skie &#8211; 20 pin Displayport nie pod\u0142\u0105czony (bez zasilania 3.3V) &#8211; Maksymalna rozdzielczo\u015b\u0107: 1920&#215;1080 @ 60Hz &#8211; Kolor: Czarny &#8211; D\u0142ugo\u015b\u0107: 1,8 m<\/p>","protected":false},"featured_media":1861054,"comment_status":"open","ping_status":"closed","template":"","meta":[],"product_brand":[18452],"product_cat":[306,34154],"product_tag":[],"class_list":{"0":"post-1861061","1":"product","2":"type-product","3":"status-publish","4":"has-post-thumbnail","6":"product_brand-lanberg","7":"product_cat-akcesoria-rozne","8":"product_cat-kable-i-adaptery","10":"first","11":"instock","12":"taxable","13":"shipping-taxable","14":"purchasable","15":"product-type-simple"},"_links":{"self":[{"href":"https:\/\/lemonti.pl\/en\/wp-json\/wp\/v2\/product\/1861061","targetHints":{"allow":["GET"]}}],"collection":[{"href":"https:\/\/lemonti.pl\/en\/wp-json\/wp\/v2\/product"}],"about":[{"href":"https:\/\/lemonti.pl\/en\/wp-json\/wp\/v2\/types\/product"}],"replies":[{"embeddable":true,"href":"https:\/\/lemonti.pl\/en\/wp-json\/wp\/v2\/comments?post=1861061"}],"version-history":[{"count":0,"href":"https:\/\/lemonti.pl\/en\/wp-json\/wp\/v2\/product\/1861061\/revisions"}],"wp:featuredmedia":[{"embeddable":true,"href":"https:\/\/lemonti.pl\/en\/wp-json\/wp\/v2\/media\/1861054"}],"wp:attachment":[{"href":"https:\/\/lemonti.pl\/en\/wp-json\/wp\/v2\/media?parent=1861061"}],"wp:term":[{"taxonomy":"product_brand","embeddable":true,"href":"https:\/\/lemonti.pl\/en\/wp-json\/wp\/v2\/product_brand?post=1861061"},{"taxonomy":"product_cat","embeddable":true,"href":"https:\/\/lemonti.pl\/en\/wp-json\/wp\/v2\/product_cat?post=1861061"},{"taxonomy":"product_tag","embeddable":true,"href":"https:\/\/lemonti.pl\/en\/wp-json\/wp\/v2\/product_tag?post=1861061"}],"curies":[{"name":"wp","href":"https:\/\/api.w.org\/{rel}","templated":true}]}}