{"id":1860953,"date":"2026-02-16T15:22:46","date_gmt":"2026-02-16T14:22:46","guid":{"rendered":"https:\/\/lemonti.pl\/sklep\/bez-kategorii\/adapter-lanberg-usb-type-cm-micro-usb-bf-czarny\/"},"modified":"2026-04-16T14:40:38","modified_gmt":"2026-04-16T12:40:38","slug":"adapter-lanberg-usb-type-cm-micro-usb-bf-czarny","status":"publish","type":"product","link":"https:\/\/lemonti.pl\/en\/sklep\/akcesoria-rozne\/kable-i-adaptery\/adapter-lanberg-usb-type-cm-micro-usb-bf-czarny\/","title":{"rendered":"Adapter Lanberg USB type-C(M) &#8211; micro USB-B(F) czarny"},"content":{"rendered":"<div class=\"vgblk-rw-wrapper limit-wrapper\">\n<section class=\"section\">\n<div class=\"item item-12\">\n<section class=\"text-item\">\n<h1>Adapter Lanberg USB type-C(M) &#8211; micro USB-B(F) czarny<\/h1>\n<\/section><\/div>\n<\/section>\n<section class=\"section\">\n<div class=\"item item-6\">\n<section class=\"image-item\"><img decoding=\"async\" src=\"https:\/\/upload.cdn.baselinker.com\/products\/6010088\/466c8c8e341b07c80d585530c3c82bb2.jpg\" \/><\/section>\n<\/p><\/div>\n<div class=\"item item-6\">\n<section class=\"text-item\">\n<p><b>Specyfikacja techniczna:<\/b><\/p>\n<ul>\n<li><b>Typ kabla \/ urz\u0105dzenia:<\/b> Adapter \/ Konwerter \/ Przej\u015bci\u00f3wka<\/li>\n<li><b>Z\u0142\u0105cze 1:<\/b> USB 2.0 Typu C (m\u0119skie)<\/li>\n<li><b>Z\u0142\u0105cze 2:<\/b> Micro USB 2.0 Typu B (\u017ce\u0144skie)<\/li>\n<li><b>Interfejs:<\/b> USB 2.0<\/li>\n<li><b>Kolor:<\/b> Czarny<\/li>\n<\/ul>\n<p><b>Informacje dodatkowe:<\/b><\/p>\n<ul>\n<li><b>USB type-C m\u0119skie:<\/b><\/li>\n<li>&#8211; Wspiera zar\u00f3wno przesy\u0142 danych jak i \u0142adowanie<\/li>\n<li>&#8211; Wspiera funkcje OTG (On-The-Go)<\/li>\n<li>&#8211; Niklowane z\u0142\u0105cza<\/li>\n<li>&#8211; Materia\u0142: ABS<\/li>\n<\/ul>\n<\/section><\/div>\n<\/section>\n<section class=\"section\">\n<div class=\"item item-6\">\n<section class=\"image-item\"><img decoding=\"async\" src=\"https:\/\/upload.cdn.baselinker.com\/products\/6010088\/4d19bf10e7b0bf92e67072a5f3173af6.jpg\" \/><\/section>\n<\/p><\/div>\n<div class=\"item item-6\">\n<section class=\"image-item\"><img decoding=\"async\" src=\"https:\/\/upload.cdn.baselinker.com\/products\/6010088\/0d4d51d21aede6ef5ebb1f76eea15009.jpg\" \/><\/section>\n<\/p><\/div>\n<\/section>\n<\/div>\n<p><!-- .vgblk-rw-wrapper --><\/p>","protected":false},"excerpt":{"rendered":"<p>Adapter Lanberg USB type-C(M) &#8211; micro USB-B(F) czarny Specyfikacja techniczna: Typ kabla \/ urz\u0105dzenia: Adapter \/ Konwerter \/ Przej\u015bci\u00f3wka Z\u0142\u0105cze 1: USB 2.0 Typu C (m\u0119skie) Z\u0142\u0105cze 2: Micro USB 2.0 Typu B (\u017ce\u0144skie) Interfejs: USB 2.0 Kolor: Czarny Informacje dodatkowe: USB type-C m\u0119skie: &#8211; Wspiera zar\u00f3wno przesy\u0142 danych jak i \u0142adowanie &#8211; Wspiera funkcje&#8230;<\/p>","protected":false},"featured_media":1860949,"comment_status":"open","ping_status":"closed","template":"","meta":[],"product_brand":[18452],"product_cat":[306,34154],"product_tag":[],"class_list":{"0":"post-1860953","1":"product","2":"type-product","3":"status-publish","4":"has-post-thumbnail","6":"product_brand-lanberg","7":"product_cat-akcesoria-rozne","8":"product_cat-kable-i-adaptery","10":"first","11":"instock","12":"taxable","13":"shipping-taxable","14":"purchasable","15":"product-type-simple"},"_links":{"self":[{"href":"https:\/\/lemonti.pl\/en\/wp-json\/wp\/v2\/product\/1860953","targetHints":{"allow":["GET"]}}],"collection":[{"href":"https:\/\/lemonti.pl\/en\/wp-json\/wp\/v2\/product"}],"about":[{"href":"https:\/\/lemonti.pl\/en\/wp-json\/wp\/v2\/types\/product"}],"replies":[{"embeddable":true,"href":"https:\/\/lemonti.pl\/en\/wp-json\/wp\/v2\/comments?post=1860953"}],"version-history":[{"count":1,"href":"https:\/\/lemonti.pl\/en\/wp-json\/wp\/v2\/product\/1860953\/revisions"}],"predecessor-version":[{"id":1863233,"href":"https:\/\/lemonti.pl\/en\/wp-json\/wp\/v2\/product\/1860953\/revisions\/1863233"}],"wp:featuredmedia":[{"embeddable":true,"href":"https:\/\/lemonti.pl\/en\/wp-json\/wp\/v2\/media\/1860949"}],"wp:attachment":[{"href":"https:\/\/lemonti.pl\/en\/wp-json\/wp\/v2\/media?parent=1860953"}],"wp:term":[{"taxonomy":"product_brand","embeddable":true,"href":"https:\/\/lemonti.pl\/en\/wp-json\/wp\/v2\/product_brand?post=1860953"},{"taxonomy":"product_cat","embeddable":true,"href":"https:\/\/lemonti.pl\/en\/wp-json\/wp\/v2\/product_cat?post=1860953"},{"taxonomy":"product_tag","embeddable":true,"href":"https:\/\/lemonti.pl\/en\/wp-json\/wp\/v2\/product_tag?post=1860953"}],"curies":[{"name":"wp","href":"https:\/\/api.w.org\/{rel}","templated":true}]}}