{"id":1860936,"date":"2026-02-16T15:22:42","date_gmt":"2026-02-16T14:22:42","guid":{"rendered":"https:\/\/lemonti.pl\/sklep\/bez-kategorii\/adapter-lanberg-ad-0018-bk-hdmi-a-f-hdmi-a-f-beczka-czarny\/"},"modified":"2026-04-20T04:28:10","modified_gmt":"2026-04-20T02:28:10","slug":"adapter-lanberg-ad-0018-bk-hdmi-a-f-hdmi-a-f-beczka-czarny","status":"publish","type":"product","link":"https:\/\/lemonti.pl\/en\/sklep\/akcesoria-rozne\/kable-i-adaptery\/adapter-lanberg-ad-0018-bk-hdmi-a-f-hdmi-a-f-beczka-czarny\/","title":{"rendered":"Adapter Lanberg AD-0018-BK HDMI-A (F) -&gt; HDMI-A (F) beczka czarny"},"content":{"rendered":"<div class=\"vgblk-rw-wrapper limit-wrapper\">\n<section class=\"section\">\n<div class=\"item item-12\">\n<section class=\"text-item\">\n<h1>Adapter Lanberg AD-0018-BK HDMI-A (F) -&gt; HDMI-A (F) beczka czarny<\/h1>\n<\/section><\/div>\n<\/section>\n<section class=\"section\">\n<div class=\"item item-6\">\n<section class=\"image-item\"><img decoding=\"async\" src=\"https:\/\/upload.cdn.baselinker.com\/products\/6010088\/e6d46e38156245c0246fb3728a8a1ced.jpg\" \/><\/section>\n<\/p><\/div>\n<div class=\"item item-6\">\n<section class=\"text-item\">\n<p><b>Specyfikacja techniczna:<\/b><\/p>\n<ul>\n<li><b>Typ kabla \/ urz\u0105dzenia:<\/b> Adapter \/ Konwerter \/ Przej\u015bci\u00f3wka<\/li>\n<li><b>Z\u0142\u0105cze 1:<\/b> HDMI \u017ce\u0144skie<\/li>\n<li><b>Z\u0142\u0105cze 2:<\/b> HDMI Typu A 19-pin (\u017ce\u0144skie)<\/li>\n<li><b>Interfejs:<\/b> HDMI<\/li>\n<li><b>Kolor:<\/b> Czarny<\/li>\n<\/ul>\n<p><b>Informacje dodatkowe:<\/b><\/p>\n<ul>\n<li>Adapter HDMI-AF -&gt; HDMI-AF beczka<\/li>\n<li>Beczka HDMI \u017ce\u0144ska zamienia wtyk HDMI-A na \u017ce\u0144ski port HDMI<\/li>\n<li>Z\u0142\u0105cza: HDMI-A \u017ce\u0144skie x2<\/li>\n<li>Wersja: HDMI 1.4<\/li>\n<li>Informacje dodatkowe: Zgodno\u015b\u0107 z normami CE<\/li>\n<\/ul>\n<\/section><\/div>\n<\/section>\n<section class=\"section\">\n<div class=\"item item-12\">\n<section class=\"image-item\"><img decoding=\"async\" src=\"https:\/\/upload.cdn.baselinker.com\/products\/6010088\/7db2338485def79fa229c038e6527319.jpg\" \/><\/section>\n<\/p><\/div>\n<\/section>\n<section class=\"section\">\n<div class=\"item item-12\">\n<section class=\"image-item\"><img decoding=\"async\" src=\"https:\/\/upload.cdn.baselinker.com\/products\/6010088\/8d3444ccddcb76c7a6fe31ba1b0fe8f1.jpg\" \/><\/section>\n<\/p><\/div>\n<\/section>\n<\/div>\n<p><!-- .vgblk-rw-wrapper --><\/p>","protected":false},"excerpt":{"rendered":"<p>Adapter Lanberg AD-0018-BK HDMI-A (F) -&gt; HDMI-A (F) beczka czarny Specyfikacja techniczna: Typ kabla \/ urz\u0105dzenia: Adapter \/ Konwerter \/ Przej\u015bci\u00f3wka Z\u0142\u0105cze 1: HDMI \u017ce\u0144skie Z\u0142\u0105cze 2: HDMI Typu A 19-pin (\u017ce\u0144skie) Interfejs: HDMI Kolor: Czarny Informacje dodatkowe: Adapter HDMI-AF -&gt; HDMI-AF beczka Beczka HDMI \u017ce\u0144ska zamienia wtyk HDMI-A na \u017ce\u0144ski port HDMI Z\u0142\u0105cza: HDMI-A&#8230;<\/p>","protected":false},"featured_media":1860931,"comment_status":"open","ping_status":"closed","template":"","meta":[],"product_brand":[18452],"product_cat":[306,34154],"product_tag":[],"class_list":{"0":"post-1860936","1":"product","2":"type-product","3":"status-publish","4":"has-post-thumbnail","6":"product_brand-lanberg","7":"product_cat-akcesoria-rozne","8":"product_cat-kable-i-adaptery","10":"first","11":"instock","12":"taxable","13":"shipping-taxable","14":"purchasable","15":"product-type-simple"},"_links":{"self":[{"href":"https:\/\/lemonti.pl\/en\/wp-json\/wp\/v2\/product\/1860936","targetHints":{"allow":["GET"]}}],"collection":[{"href":"https:\/\/lemonti.pl\/en\/wp-json\/wp\/v2\/product"}],"about":[{"href":"https:\/\/lemonti.pl\/en\/wp-json\/wp\/v2\/types\/product"}],"replies":[{"embeddable":true,"href":"https:\/\/lemonti.pl\/en\/wp-json\/wp\/v2\/comments?post=1860936"}],"version-history":[{"count":1,"href":"https:\/\/lemonti.pl\/en\/wp-json\/wp\/v2\/product\/1860936\/revisions"}],"predecessor-version":[{"id":1863232,"href":"https:\/\/lemonti.pl\/en\/wp-json\/wp\/v2\/product\/1860936\/revisions\/1863232"}],"wp:featuredmedia":[{"embeddable":true,"href":"https:\/\/lemonti.pl\/en\/wp-json\/wp\/v2\/media\/1860931"}],"wp:attachment":[{"href":"https:\/\/lemonti.pl\/en\/wp-json\/wp\/v2\/media?parent=1860936"}],"wp:term":[{"taxonomy":"product_brand","embeddable":true,"href":"https:\/\/lemonti.pl\/en\/wp-json\/wp\/v2\/product_brand?post=1860936"},{"taxonomy":"product_cat","embeddable":true,"href":"https:\/\/lemonti.pl\/en\/wp-json\/wp\/v2\/product_cat?post=1860936"},{"taxonomy":"product_tag","embeddable":true,"href":"https:\/\/lemonti.pl\/en\/wp-json\/wp\/v2\/product_tag?post=1860936"}],"curies":[{"name":"wp","href":"https:\/\/api.w.org\/{rel}","templated":true}]}}