{"id":1860920,"date":"2026-02-16T15:22:37","date_gmt":"2026-02-16T14:22:37","guid":{"rendered":"https:\/\/lemonti.pl\/sklep\/bez-kategorii\/adapter-lanberg-hdmif-hdmif-4k-beczka-czarny\/"},"modified":"2026-04-17T00:14:21","modified_gmt":"2026-04-16T22:14:21","slug":"adapter-lanberg-hdmif-hdmif-4k-beczka-czarny","status":"publish","type":"product","link":"https:\/\/lemonti.pl\/en\/sklep\/akcesoria-rozne\/kable-i-adaptery\/adapter-lanberg-hdmif-hdmif-4k-beczka-czarny\/","title":{"rendered":"Adapter Lanberg HDMI(F)-&gt;HDMI(F) 4K beczka czarny"},"content":{"rendered":"<div class=\"vgblk-rw-wrapper limit-wrapper\">\n<section class=\"section\">\n<div class=\"item item-12\">\n<section class=\"text-item\">\n<h1>Adapter Lanberg HDMI(F)-&gt;HDMI(F) 4K beczka czarny<\/h1>\n<\/section><\/div>\n<\/section>\n<section class=\"section\">\n<div class=\"item item-6\">\n<section class=\"image-item\"><img decoding=\"async\" src=\"https:\/\/upload.cdn.baselinker.com\/products\/6010088\/b0598216197956543ad660bb2eee837a.jpg\" \/><\/section>\n<\/p><\/div>\n<div class=\"item item-6\">\n<section class=\"text-item\">\n<p><b>Specyfikacja techniczna:<\/b><\/p>\n<ul>\n<li><b>Z\u0142\u0105cze 1:<\/b> HDMI Typu A 19-pin (\u017ce\u0144skie)<\/li>\n<li><b>Z\u0142\u0105cze 2:<\/b> HDMI Typu A 19-pin (\u017ce\u0144skie)<\/li>\n<li><b>Interfejs:<\/b> HDMI<\/li>\n<li><b>Poz\u0142acane styki:<\/b> Tak<\/li>\n<li><b>Kolor:<\/b> Czarny<\/li>\n<\/ul>\n<p><b>Informacje dodatkowe:<\/b><\/p>\n<ul>\n<li><b>Z\u0142\u0105cza:<\/b> HDMI-A \u017ce\u0144skie HDMI-A \u017ce\u0144skie<\/li>\n<li><b>Specyfikacja HDMI:<\/b> Premium High Speed with Ethernet (V2.0)<\/li>\n<li><b>Maksymalna wspierana rozdzielczo\u015b\u0107:<\/b><\/li>\n<li>3840 x 2160 @ 60 Hz<\/li>\n<li>2560 x 1440 @ 144 Hz<\/li>\n<li>1920 x 1080 @ 240 Hz<\/li>\n<li>Szybko\u015b\u0107 transmisji danych do 18 Gb\/s<\/li>\n<li>Obs\u0142uguje zwrotny kana\u0142 audio (ARC)<\/li>\n<li>Obs\u0142uguj\u0119 HDR<\/li>\n<li>Poz\u0142acane z\u0142\u0105cza<\/li>\n<\/ul>\n<\/section><\/div>\n<\/section>\n<section class=\"section\">\n<div class=\"item item-6\">\n<section class=\"image-item\"><img decoding=\"async\" src=\"https:\/\/upload.cdn.baselinker.com\/products\/6010088\/467336a5bd5cc016bd0417f3032bf6f8.jpg\" \/><\/section>\n<\/p><\/div>\n<div class=\"item item-6\">\n<section class=\"image-item\"><img decoding=\"async\" src=\"https:\/\/upload.cdn.baselinker.com\/products\/6010088\/8ed407fb1c98d7b2e74329c6133828ab.jpg\" \/><\/section>\n<\/p><\/div>\n<\/section>\n<section class=\"section\">\n<div class=\"item item-12\">\n<section class=\"image-item\"><img decoding=\"async\" src=\"https:\/\/upload.cdn.baselinker.com\/products\/6010088\/2bb2021fbdceb6ccd94943d1fc0a7df8.jpg\" \/><\/section>\n<\/p><\/div>\n<\/section>\n<\/div>\n<p><!-- .vgblk-rw-wrapper --><\/p>","protected":false},"excerpt":{"rendered":"<p>Adapter Lanberg HDMI(F)-&gt;HDMI(F) 4K beczka czarny Specyfikacja techniczna: Z\u0142\u0105cze 1: HDMI Typu A 19-pin (\u017ce\u0144skie) Z\u0142\u0105cze 2: HDMI Typu A 19-pin (\u017ce\u0144skie) Interfejs: HDMI Poz\u0142acane styki: Tak Kolor: Czarny Informacje dodatkowe: Z\u0142\u0105cza: HDMI-A \u017ce\u0144skie HDMI-A \u017ce\u0144skie Specyfikacja HDMI: Premium High Speed with Ethernet (V2.0) Maksymalna wspierana rozdzielczo\u015b\u0107: 3840 x 2160 @ 60 Hz 2560 x&#8230;<\/p>","protected":false},"featured_media":1860911,"comment_status":"open","ping_status":"closed","template":"","meta":[],"product_brand":[18452],"product_cat":[306,34154],"product_tag":[],"class_list":{"0":"post-1860920","1":"product","2":"type-product","3":"status-publish","4":"has-post-thumbnail","6":"product_brand-lanberg","7":"product_cat-akcesoria-rozne","8":"product_cat-kable-i-adaptery","10":"first","11":"instock","12":"taxable","13":"shipping-taxable","14":"purchasable","15":"product-type-simple"},"_links":{"self":[{"href":"https:\/\/lemonti.pl\/en\/wp-json\/wp\/v2\/product\/1860920","targetHints":{"allow":["GET"]}}],"collection":[{"href":"https:\/\/lemonti.pl\/en\/wp-json\/wp\/v2\/product"}],"about":[{"href":"https:\/\/lemonti.pl\/en\/wp-json\/wp\/v2\/types\/product"}],"replies":[{"embeddable":true,"href":"https:\/\/lemonti.pl\/en\/wp-json\/wp\/v2\/comments?post=1860920"}],"version-history":[{"count":1,"href":"https:\/\/lemonti.pl\/en\/wp-json\/wp\/v2\/product\/1860920\/revisions"}],"predecessor-version":[{"id":1863231,"href":"https:\/\/lemonti.pl\/en\/wp-json\/wp\/v2\/product\/1860920\/revisions\/1863231"}],"wp:featuredmedia":[{"embeddable":true,"href":"https:\/\/lemonti.pl\/en\/wp-json\/wp\/v2\/media\/1860911"}],"wp:attachment":[{"href":"https:\/\/lemonti.pl\/en\/wp-json\/wp\/v2\/media?parent=1860920"}],"wp:term":[{"taxonomy":"product_brand","embeddable":true,"href":"https:\/\/lemonti.pl\/en\/wp-json\/wp\/v2\/product_brand?post=1860920"},{"taxonomy":"product_cat","embeddable":true,"href":"https:\/\/lemonti.pl\/en\/wp-json\/wp\/v2\/product_cat?post=1860920"},{"taxonomy":"product_tag","embeddable":true,"href":"https:\/\/lemonti.pl\/en\/wp-json\/wp\/v2\/product_tag?post=1860920"}],"curies":[{"name":"wp","href":"https:\/\/api.w.org\/{rel}","templated":true}]}}