{"id":1860876,"date":"2026-02-16T15:22:25","date_gmt":"2026-02-16T14:22:25","guid":{"rendered":"https:\/\/lemonti.pl\/sklep\/bez-kategorii\/kabel-adapter-lanberg-usb-cm-displayportm-3m-4k-60hz-czarny\/"},"modified":"2026-04-15T00:48:47","modified_gmt":"2026-04-14T22:48:47","slug":"kabel-adapter-lanberg-usb-cm-displayportm-3m-4k-60hz-czarny","status":"publish","type":"product","link":"https:\/\/lemonti.pl\/en\/sklep\/akcesoria-rozne\/kable-i-adaptery\/kabel-adapter-lanberg-usb-cm-displayportm-3m-4k-60hz-czarny\/","title":{"rendered":"Kabel adapter Lanberg USB-C(M) &#8211; Displayport(M) 3m 4K 60Hz czarny"},"content":{"rendered":"<div class=\"vgblk-rw-wrapper limit-wrapper\">\n<section class=\"section\">\n<div class=\"item item-12\">\n<section class=\"text-item\">\n<h1>Kabel adapter Lanberg USB-C(M) &#8211; Displayport(M) 3m 4K 60Hz czarny<\/h1>\n<\/section><\/div>\n<\/section>\n<section class=\"section\">\n<div class=\"item item-6\">\n<section class=\"image-item\"><img decoding=\"async\" src=\"https:\/\/upload.cdn.baselinker.com\/products\/6010088\/de7a953d75ded82ee7072e1a1a1ed295.jpg\" \/><\/section>\n<\/p><\/div>\n<div class=\"item item-6\">\n<section class=\"text-item\">\n<ul><\/ul>\n<p><b>Specyfikacja techniczna:<\/b><\/p>\n<ul>\n<li><b>Typ kabla \/ urz\u0105dzenia:<\/b> Kabel sygna\u0142owy<\/li>\n<li><b>D\u0142ugo\u015b\u0107 kabla (m):<\/b> 3.00<\/li>\n<li><b>Z\u0142\u0105cze 1:<\/b> USB Typu C (m\u0119skie)<\/li>\n<li><b>Z\u0142\u0105cze 2:<\/b> DisplayPort (m\u0119skie)<\/li>\n<li><b>Poz\u0142acane styki:<\/b> Tak<\/li>\n<li><b>Przepustowo\u015b\u0107 (Gb\/s):<\/b> 21.6<\/li>\n<li><b>Rodzaj kabla (AWG):<\/b> 32<\/li>\n<li><b>Kolor:<\/b> Czarny<\/li>\n<\/ul>\n<\/section><\/div>\n<\/section>\n<section class=\"section\">\n<div class=\"item item-6\">\n<section class=\"image-item\"><img decoding=\"async\" src=\"https:\/\/upload.cdn.baselinker.com\/products\/6010088\/373183b0889df3e66c9269e48808c9b8.jpg\" \/><\/section>\n<\/p><\/div>\n<div class=\"item item-6\">\n<section class=\"text-item\">\n<p><b>Informacje dodatkowe:<\/b><\/p>\n<ul>\n<li><b>Z\u0142\u0105cza: <\/b>USB-C m\u0119skie DisplayPort 19 pin m\u0119skie<\/li>\n<li><b>Wersja DisplayPort: <\/b>V1.2<\/li>\n<li><b>Chipset: <\/b>VL103<\/li>\n<li><b>Maksymalna rozdzielczo\u015b\u0107:<\/b><\/li>\n<li>3840 x 2160 @ 60 Hz<\/li>\n<li>2560 x 1440 @ 120 Hz<\/li>\n<li>1920 x 1080 @ 144 Hz<\/li>\n<li><b>Maksymalna pr\u0119dko\u015b\u0107 transferu danych:<\/b> 21,6 Gb\/s<\/li>\n<li>Wsparcie dla obs\u0142ugi technologii HDR<\/li>\n<li>DisplayPort content protection (DPCP) 1.0<\/li>\n<li>Obudowa z\u0142\u0105cz: ABS<\/li>\n<li><b>\u015arednica zewn\u0119trzna:<\/b> 5,0 mm (+\/- 0,05mm)<\/li>\n<li><b>Materia\u0142 wykonania \u017cy\u0142: <\/b>czysta mied\u017a<\/li>\n<li>Poz\u0142acane z\u0142\u0105cza<\/li>\n<\/ul>\n<\/section><\/div>\n<\/section>\n<section class=\"section\">\n<div class=\"item item-12\">\n<section class=\"image-item\"><img decoding=\"async\" src=\"https:\/\/upload.cdn.baselinker.com\/products\/6010088\/08c5637724a8a2fc813329c7c388a6b7.jpg\" \/><\/section>\n<\/p><\/div>\n<\/section>\n<\/div>\n<p><!-- .vgblk-rw-wrapper --><\/p>","protected":false},"excerpt":{"rendered":"<p>Kabel adapter Lanberg USB-C(M) &#8211; Displayport(M) 3m 4K 60Hz czarny Specyfikacja techniczna: Typ kabla \/ urz\u0105dzenia: Kabel sygna\u0142owy D\u0142ugo\u015b\u0107 kabla (m): 3.00 Z\u0142\u0105cze 1: USB Typu C (m\u0119skie) Z\u0142\u0105cze 2: DisplayPort (m\u0119skie) Poz\u0142acane styki: Tak Przepustowo\u015b\u0107 (Gb\/s): 21.6 Rodzaj kabla (AWG): 32 Kolor: Czarny Informacje dodatkowe: Z\u0142\u0105cza: USB-C m\u0119skie DisplayPort 19 pin m\u0119skie Wersja DisplayPort:&#8230;<\/p>","protected":false},"featured_media":1860856,"comment_status":"open","ping_status":"closed","template":"","meta":[],"product_brand":[18452],"product_cat":[306,34154],"product_tag":[],"class_list":{"0":"post-1860876","1":"product","2":"type-product","3":"status-publish","4":"has-post-thumbnail","6":"product_brand-lanberg","7":"product_cat-akcesoria-rozne","8":"product_cat-kable-i-adaptery","10":"first","11":"instock","12":"taxable","13":"shipping-taxable","14":"purchasable","15":"product-type-simple"},"_links":{"self":[{"href":"https:\/\/lemonti.pl\/en\/wp-json\/wp\/v2\/product\/1860876","targetHints":{"allow":["GET"]}}],"collection":[{"href":"https:\/\/lemonti.pl\/en\/wp-json\/wp\/v2\/product"}],"about":[{"href":"https:\/\/lemonti.pl\/en\/wp-json\/wp\/v2\/types\/product"}],"replies":[{"embeddable":true,"href":"https:\/\/lemonti.pl\/en\/wp-json\/wp\/v2\/comments?post=1860876"}],"version-history":[{"count":1,"href":"https:\/\/lemonti.pl\/en\/wp-json\/wp\/v2\/product\/1860876\/revisions"}],"predecessor-version":[{"id":1863227,"href":"https:\/\/lemonti.pl\/en\/wp-json\/wp\/v2\/product\/1860876\/revisions\/1863227"}],"wp:featuredmedia":[{"embeddable":true,"href":"https:\/\/lemonti.pl\/en\/wp-json\/wp\/v2\/media\/1860856"}],"wp:attachment":[{"href":"https:\/\/lemonti.pl\/en\/wp-json\/wp\/v2\/media?parent=1860876"}],"wp:term":[{"taxonomy":"product_brand","embeddable":true,"href":"https:\/\/lemonti.pl\/en\/wp-json\/wp\/v2\/product_brand?post=1860876"},{"taxonomy":"product_cat","embeddable":true,"href":"https:\/\/lemonti.pl\/en\/wp-json\/wp\/v2\/product_cat?post=1860876"},{"taxonomy":"product_tag","embeddable":true,"href":"https:\/\/lemonti.pl\/en\/wp-json\/wp\/v2\/product_tag?post=1860876"}],"curies":[{"name":"wp","href":"https:\/\/api.w.org\/{rel}","templated":true}]}}