{"id":1860861,"date":"2026-02-16T15:22:22","date_gmt":"2026-02-16T14:22:22","guid":{"rendered":"https:\/\/lemonti.pl\/sklep\/bez-kategorii\/sciagacz-izolacji-lanberg-nt-0102-uniwersalny\/"},"modified":"2026-04-18T19:36:16","modified_gmt":"2026-04-18T17:36:16","slug":"sciagacz-izolacji-lanberg-nt-0102-uniwersalny","status":"publish","type":"product","link":"https:\/\/lemonti.pl\/en\/sklep\/akcesoria-rozne\/narzedzia\/sciagacz-izolacji-lanberg-nt-0102-uniwersalny\/","title":{"rendered":"\u015aci\u0105gacz izolacji Lanberg NT-0102 uniwersalny"},"content":{"rendered":"<div class=\"vgblk-rw-wrapper limit-wrapper\">\n<section class=\"section\">\n<div class=\"item item-12\">\n<section class=\"text-item\">\n<h1>\u015aci\u0105gacz izolacji Lanberg NT-0102 uniwersalny<\/h1>\n<\/section><\/div>\n<\/section>\n<section class=\"section\">\n<div class=\"item item-6\">\n<section class=\"image-item\"><img decoding=\"async\" src=\"https:\/\/upload.cdn.baselinker.com\/products\/6010088\/85942d64768d43c2d09935660c86c467.jpg\" \/><\/section>\n<\/p><\/div>\n<div class=\"item item-6\">\n<section class=\"text-item\">\n<ul>\n<li>Uniwersalne narz\u0119dzie do zdejmowania izolocji (RG59\/6 i 7\/11 z ogranicznikiem)<\/li>\n<li>Do kabla koncentrycznego, okr\u0105g\u0142ych oraz p\u0142askich kabli sieciowych<\/li>\n<li>Narz\u0119dzie \u0142atwe w u\u017cyciu<\/li>\n<li>Ostrza pozwalaj\u0105 wykona\u0107 oko\u0142o 5000 ci\u0119\u0107<\/li>\n<\/ul>\n<\/section><\/div>\n<\/section>\n<section class=\"section\">\n<div class=\"item item-6\">\n<section class=\"image-item\"><img decoding=\"async\" src=\"https:\/\/upload.cdn.baselinker.com\/products\/6010088\/0c9baefc8c61209c19f56e3d54e6ad9f.jpg\" \/><\/section>\n<\/p><\/div>\n<div class=\"item item-6\">\n<section class=\"image-item\"><img decoding=\"async\" src=\"https:\/\/upload.cdn.baselinker.com\/products\/6010088\/98688dcf0155ec7acd19233de6f7d70e.jpg\" \/><\/section>\n<\/p><\/div>\n<\/section>\n<\/div>\n<p><!-- .vgblk-rw-wrapper --><\/p>","protected":false},"excerpt":{"rendered":"<p>\u015aci\u0105gacz izolacji Lanberg NT-0102 uniwersalny Uniwersalne narz\u0119dzie do zdejmowania izolocji (RG59\/6 i 7\/11 z ogranicznikiem) Do kabla koncentrycznego, okr\u0105g\u0142ych oraz p\u0142askich kabli sieciowych Narz\u0119dzie \u0142atwe w u\u017cyciu Ostrza pozwalaj\u0105 wykona\u0107 oko\u0142o 5000 ci\u0119\u0107<\/p>","protected":false},"featured_media":1860840,"comment_status":"open","ping_status":"closed","template":"","meta":[],"product_brand":[18452],"product_cat":[306,34156],"product_tag":[],"class_list":{"0":"post-1860861","1":"product","2":"type-product","3":"status-publish","4":"has-post-thumbnail","6":"product_brand-lanberg","7":"product_cat-akcesoria-rozne","8":"product_cat-narzedzia","10":"first","11":"instock","12":"taxable","13":"shipping-taxable","14":"purchasable","15":"product-type-simple"},"_links":{"self":[{"href":"https:\/\/lemonti.pl\/en\/wp-json\/wp\/v2\/product\/1860861","targetHints":{"allow":["GET"]}}],"collection":[{"href":"https:\/\/lemonti.pl\/en\/wp-json\/wp\/v2\/product"}],"about":[{"href":"https:\/\/lemonti.pl\/en\/wp-json\/wp\/v2\/types\/product"}],"replies":[{"embeddable":true,"href":"https:\/\/lemonti.pl\/en\/wp-json\/wp\/v2\/comments?post=1860861"}],"version-history":[{"count":1,"href":"https:\/\/lemonti.pl\/en\/wp-json\/wp\/v2\/product\/1860861\/revisions"}],"predecessor-version":[{"id":1863415,"href":"https:\/\/lemonti.pl\/en\/wp-json\/wp\/v2\/product\/1860861\/revisions\/1863415"}],"wp:featuredmedia":[{"embeddable":true,"href":"https:\/\/lemonti.pl\/en\/wp-json\/wp\/v2\/media\/1860840"}],"wp:attachment":[{"href":"https:\/\/lemonti.pl\/en\/wp-json\/wp\/v2\/media?parent=1860861"}],"wp:term":[{"taxonomy":"product_brand","embeddable":true,"href":"https:\/\/lemonti.pl\/en\/wp-json\/wp\/v2\/product_brand?post=1860861"},{"taxonomy":"product_cat","embeddable":true,"href":"https:\/\/lemonti.pl\/en\/wp-json\/wp\/v2\/product_cat?post=1860861"},{"taxonomy":"product_tag","embeddable":true,"href":"https:\/\/lemonti.pl\/en\/wp-json\/wp\/v2\/product_tag?post=1860861"}],"curies":[{"name":"wp","href":"https:\/\/api.w.org\/{rel}","templated":true}]}}