{"id":1860848,"date":"2026-02-16T15:22:17","date_gmt":"2026-02-16T14:22:17","guid":{"rendered":"https:\/\/lemonti.pl\/sklep\/bez-kategorii\/kabel-adapter-lanberg-ad-0007-bk-displayport-m-dvi-d-f245-dual-link\/"},"modified":"2026-04-16T13:17:42","modified_gmt":"2026-04-16T11:17:42","slug":"kabel-adapter-lanberg-ad-0007-bk-displayport-m-dvi-d-f245-dual-link","status":"publish","type":"product","link":"https:\/\/lemonti.pl\/en\/sklep\/akcesoria-rozne\/kable-i-adaptery\/kabel-adapter-lanberg-ad-0007-bk-displayport-m-dvi-d-f245-dual-link\/","title":{"rendered":"Kabel adapter Lanberg AD-0007-BK DisplayPort (M) -&gt; DVI-D (F)(24+5) Dual Link"},"content":{"rendered":"<div class=\"vgblk-rw-wrapper limit-wrapper\">\n<section class=\"section\">\n<div class=\"item item-12\">\n<section class=\"text-item\">\n<h2>Kabel adapter Lanberg AD-0007-BK DisplayPort (M) -&gt; DVI-D (F)(24+5) Dual Link<\/h2>\n<p><b>Producent:<\/b> <b>LANBERG<\/b><\/p>\n<\/section><\/div>\n<\/section>\n<section class=\"section\">\n<div class=\"item item-6\">\n<section class=\"image-item\"><img decoding=\"async\" src=\"https:\/\/upload.cdn.baselinker.com\/products\/6010088\/52cc152783b1814f3db30d4231b4d9fa.jpg\" \/><\/section>\n<\/p><\/div>\n<div class=\"item item-6\">\n<section class=\"text-item\">\n<h2>Specyfikacja:<\/h2>\n<ul>\n<li><b>Typ kabla \/ urz\u0105dzenia:<\/b> Kabel &#8211; adapter<\/li>\n<li><b>D\u0142ugo\u015b\u0107 kabla (m):<\/b> 0.10<\/li>\n<li><b>Z\u0142\u0105cze 1:<\/b> DisplayPort 20-pin (m\u0119skie)<\/li>\n<li><b>Z\u0142\u0105cze 2:<\/b> DVI-D 24+5 (F)<\/li>\n<li><b>Interfejs:<\/b> DisplayPort &#8211; DVI<\/li>\n<li><b>Kolor:<\/b> Czarny<\/li>\n<li><b>Informacje dodatkowe:<\/b><\/li>\n<li>&#8211; Adapter umo\u017cliwiaj\u0105cy pod\u0142\u0105czenie monitora ze z\u0142\u0105czem DVI do portu<\/li>\n<li>&#8211; Displayport<\/li>\n<li>&#8211; Rozdzielczo\u015b\u0107: do 1920 x 1200 x 60 Hz<\/li>\n<li>&#8211; Z\u0142\u0105cza: Displayport (M) &#8211; DVI-D (F) 24+5 PIN<\/li>\n<li>&#8211; D\u0142ugo\u015b\u0107: 10 cm<\/li>\n<\/ul>\n<\/section><\/div>\n<\/section>\n<section class=\"section\">\n<div class=\"item item-6\">\n<section class=\"image-item\"><img decoding=\"async\" src=\"https:\/\/upload.cdn.baselinker.com\/products\/6010088\/8d5c2524802106b6917079c2eb670c20.jpg\" \/><\/section>\n<\/p><\/div>\n<div class=\"item item-6\">\n<section class=\"image-item\"><img decoding=\"async\" src=\"https:\/\/upload.cdn.baselinker.com\/products\/6010088\/b23bf2577461ef2a664a5e82e06d7262.jpg\" \/><\/section>\n<\/p><\/div>\n<\/section>\n<\/div>\n<p><!-- .vgblk-rw-wrapper --><\/p>","protected":false},"excerpt":{"rendered":"<p>Kabel adapter Lanberg AD-0007-BK DisplayPort (M) -&gt; DVI-D (F)(24+5) Dual Link Producent: LANBERG Specyfikacja: Typ kabla \/ urz\u0105dzenia: Kabel &#8211; adapter D\u0142ugo\u015b\u0107 kabla (m): 0.10 Z\u0142\u0105cze 1: DisplayPort 20-pin (m\u0119skie) Z\u0142\u0105cze 2: DVI-D 24+5 (F) Interfejs: DisplayPort &#8211; DVI Kolor: Czarny Informacje dodatkowe: &#8211; Adapter umo\u017cliwiaj\u0105cy pod\u0142\u0105czenie monitora ze z\u0142\u0105czem DVI do portu &#8211; Displayport&#8230;<\/p>","protected":false},"featured_media":1860814,"comment_status":"open","ping_status":"closed","template":"","meta":[],"product_brand":[18452],"product_cat":[306,34154],"product_tag":[],"class_list":{"0":"post-1860848","1":"product","2":"type-product","3":"status-publish","4":"has-post-thumbnail","6":"product_brand-lanberg","7":"product_cat-akcesoria-rozne","8":"product_cat-kable-i-adaptery","10":"first","11":"instock","12":"taxable","13":"shipping-taxable","14":"purchasable","15":"product-type-simple"},"_links":{"self":[{"href":"https:\/\/lemonti.pl\/en\/wp-json\/wp\/v2\/product\/1860848","targetHints":{"allow":["GET"]}}],"collection":[{"href":"https:\/\/lemonti.pl\/en\/wp-json\/wp\/v2\/product"}],"about":[{"href":"https:\/\/lemonti.pl\/en\/wp-json\/wp\/v2\/types\/product"}],"replies":[{"embeddable":true,"href":"https:\/\/lemonti.pl\/en\/wp-json\/wp\/v2\/comments?post=1860848"}],"version-history":[{"count":1,"href":"https:\/\/lemonti.pl\/en\/wp-json\/wp\/v2\/product\/1860848\/revisions"}],"predecessor-version":[{"id":1863225,"href":"https:\/\/lemonti.pl\/en\/wp-json\/wp\/v2\/product\/1860848\/revisions\/1863225"}],"wp:featuredmedia":[{"embeddable":true,"href":"https:\/\/lemonti.pl\/en\/wp-json\/wp\/v2\/media\/1860814"}],"wp:attachment":[{"href":"https:\/\/lemonti.pl\/en\/wp-json\/wp\/v2\/media?parent=1860848"}],"wp:term":[{"taxonomy":"product_brand","embeddable":true,"href":"https:\/\/lemonti.pl\/en\/wp-json\/wp\/v2\/product_brand?post=1860848"},{"taxonomy":"product_cat","embeddable":true,"href":"https:\/\/lemonti.pl\/en\/wp-json\/wp\/v2\/product_cat?post=1860848"},{"taxonomy":"product_tag","embeddable":true,"href":"https:\/\/lemonti.pl\/en\/wp-json\/wp\/v2\/product_tag?post=1860848"}],"curies":[{"name":"wp","href":"https:\/\/api.w.org\/{rel}","templated":true}]}}