{"id":1860795,"date":"2026-02-16T15:21:44","date_gmt":"2026-02-16T14:21:44","guid":{"rendered":"https:\/\/lemonti.pl\/sklep\/bez-kategorii\/kabel-adapter-lanberg-hdmim-dvi-dm241-3m-dual-link-pozlacane-styki-4k-30-hz-czarny\/"},"modified":"2026-04-22T10:30:28","modified_gmt":"2026-04-22T08:30:28","slug":"kabel-adapter-lanberg-hdmim-dvi-dm241-3m-dual-link-pozlacane-styki-4k-30-hz-czarny","status":"publish","type":"product","link":"https:\/\/lemonti.pl\/en\/sklep\/akcesoria-rozne\/kable-i-adaptery\/kabel-adapter-lanberg-hdmim-dvi-dm241-3m-dual-link-pozlacane-styki-4k-30-hz-czarny\/","title":{"rendered":"Kabel adapter Lanberg HDMI(M) &#8211; DVI-D(M)(24+1) 3m Dual Link poz\u0142acane styki 4K 30 Hz czarny"},"content":{"rendered":"<div class=\"vgblk-rw-wrapper limit-wrapper\">\n<section class=\"section\">\n<div class=\"item item-12\">\n<section class=\"text-item\">\n<h2>Kabel Lanberg CA-HDDV-20CU-0030-BK 3m czarny<\/h2>\n<p>Kabel HDMI(M)-DVI-D(M) DUAL LINK 3 M czarny<\/p>\n<\/section><\/div>\n<\/section>\n<section class=\"section\">\n<div class=\"item item-6\">\n<section class=\"image-item\"><img decoding=\"async\" src=\"https:\/\/upload.cdn.baselinker.com\/products\/6010088\/6b2283c38ba9f7f404592f31bc3a26b4.jpg\" \/><\/section>\n<\/p><\/div>\n<div class=\"item item-6\">\n<section class=\"text-item\">\n<h2>Kabel adapter Lanberg HDMI(M) &#8211; DVI-D(M)(24+1) 3m Dual Link poz\u0142acane styki 4K 30 Hz czarny<\/h2>\n<p><b>Kabel HDMI-DVI marki Lanberg pozwala na swobodne pod\u0142\u0105czenie sprz\u0119tu audio-wideo takiego jak monitor, projektor, TV itp.. Kabel pozwala na dwukierunkow\u0105 komunikacj\u0119, spe\u0142niaj\u0105c tym samym wysokie wymagania u\u017cytkownik\u00f3w.<\/b><\/p>\n<p>Poz\u0142acane z\u0142\u0105cza i specjalnie dopasowane zabezpieczenie przed wyrywaniem kabla zapewniaj\u0105 mu wi\u0119ksz\u0105 wytrzyma\u0142o\u015b\u0107,<\/p>\n<p>skutecznie wyd\u0142u\u017caj\u0105c jego cykl \u017cycia. \u2022 Maksymalna wspierana rozdzielczo\u015b\u0107: 3840 x 2160 @ 30hz;<\/p>\n<p>\u2022 Dwukierunkowa komunikacja;<\/p>\n<p>\u2022 Nie przesy\u0142a sygna\u0142y analogowego;<\/p>\n<p>\u2022 Wykonanie \u017cy\u0142: miedziane (CU);<\/p>\n<p>\u2022 Grubo\u015b\u0107 \u017cy\u0142: 28AWG;<\/p>\n<p>\u2022 Poz\u0142acane styki;<\/p>\n<p>\u2022 Podw\u00f3jnie ekranowany.<\/p>\n<\/section><\/div>\n<\/section>\n<section class=\"section\">\n<div class=\"item item-6\">\n<section class=\"image-item\"><img decoding=\"async\" src=\"https:\/\/upload.cdn.baselinker.com\/products\/6010088\/349629a203e449c87d4eac72a506a762.jpg\" \/><\/section>\n<\/p><\/div>\n<div class=\"item item-6\">\n<section class=\"image-item\"><img decoding=\"async\" src=\"https:\/\/upload.cdn.baselinker.com\/products\/6010088\/b75afbda73287ef692981262fe7ffc8a.jpg\" \/><\/section>\n<\/p><\/div>\n<\/section>\n<\/div>\n<p><!-- .vgblk-rw-wrapper --><\/p>","protected":false},"excerpt":{"rendered":"<p>Kabel Lanberg CA-HDDV-20CU-0030-BK 3m czarny Kabel HDMI(M)-DVI-D(M) DUAL LINK 3 M czarny Kabel adapter Lanberg HDMI(M) &#8211; DVI-D(M)(24+1) 3m Dual Link poz\u0142acane styki 4K 30 Hz czarny Kabel HDMI-DVI marki Lanberg pozwala na swobodne pod\u0142\u0105czenie sprz\u0119tu audio-wideo takiego jak monitor, projektor, TV itp.. Kabel pozwala na dwukierunkow\u0105 komunikacj\u0119, spe\u0142niaj\u0105c tym samym wysokie wymagania u\u017cytkownik\u00f3w. Poz\u0142acane&#8230;<\/p>","protected":false},"featured_media":1860771,"comment_status":"open","ping_status":"closed","template":"","meta":[],"product_brand":[18452],"product_cat":[306,34154],"product_tag":[],"class_list":{"0":"post-1860795","1":"product","2":"type-product","3":"status-publish","4":"has-post-thumbnail","6":"product_brand-lanberg","7":"product_cat-akcesoria-rozne","8":"product_cat-kable-i-adaptery","10":"first","11":"instock","12":"taxable","13":"shipping-taxable","14":"purchasable","15":"product-type-simple"},"_links":{"self":[{"href":"https:\/\/lemonti.pl\/en\/wp-json\/wp\/v2\/product\/1860795","targetHints":{"allow":["GET"]}}],"collection":[{"href":"https:\/\/lemonti.pl\/en\/wp-json\/wp\/v2\/product"}],"about":[{"href":"https:\/\/lemonti.pl\/en\/wp-json\/wp\/v2\/types\/product"}],"replies":[{"embeddable":true,"href":"https:\/\/lemonti.pl\/en\/wp-json\/wp\/v2\/comments?post=1860795"}],"version-history":[{"count":1,"href":"https:\/\/lemonti.pl\/en\/wp-json\/wp\/v2\/product\/1860795\/revisions"}],"predecessor-version":[{"id":1863221,"href":"https:\/\/lemonti.pl\/en\/wp-json\/wp\/v2\/product\/1860795\/revisions\/1863221"}],"wp:featuredmedia":[{"embeddable":true,"href":"https:\/\/lemonti.pl\/en\/wp-json\/wp\/v2\/media\/1860771"}],"wp:attachment":[{"href":"https:\/\/lemonti.pl\/en\/wp-json\/wp\/v2\/media?parent=1860795"}],"wp:term":[{"taxonomy":"product_brand","embeddable":true,"href":"https:\/\/lemonti.pl\/en\/wp-json\/wp\/v2\/product_brand?post=1860795"},{"taxonomy":"product_cat","embeddable":true,"href":"https:\/\/lemonti.pl\/en\/wp-json\/wp\/v2\/product_cat?post=1860795"},{"taxonomy":"product_tag","embeddable":true,"href":"https:\/\/lemonti.pl\/en\/wp-json\/wp\/v2\/product_tag?post=1860795"}],"curies":[{"name":"wp","href":"https:\/\/api.w.org\/{rel}","templated":true}]}}