{"id":1860765,"date":"2026-02-16T15:21:18","date_gmt":"2026-02-16T14:21:18","guid":{"rendered":"https:\/\/lemonti.pl\/sklep\/bez-kategorii\/kabel-adapter-lanberg-hdmi-m-displayport-m-1m-4k-czarny\/"},"modified":"2026-04-20T19:19:45","modified_gmt":"2026-04-20T17:19:45","slug":"kabel-adapter-lanberg-hdmi-m-displayport-m-1m-4k-czarny","status":"publish","type":"product","link":"https:\/\/lemonti.pl\/en\/sklep\/akcesoria-rozne\/kable-i-adaptery\/kabel-adapter-lanberg-hdmi-m-displayport-m-1m-4k-czarny\/","title":{"rendered":"Kabel adapter Lanberg HDMI (M) -&gt; Displayport (M) 1M 4K czarny"},"content":{"rendered":"<div class=\"vgblk-rw-wrapper limit-wrapper\">\n<section class=\"section\">\n<div class=\"item item-6\">\n<section class=\"text-item\">\n<h1>Kabel HDMI -&gt;\u00a0DisplayPort\u00a0M\/M, 1.0 metr,<\/h1>\n<p><b>4K @ 60Hz<\/b><\/p>\n<p><b>Kabel HDMI ( m\u0119ski ) do Display Port \u00a0(m\u0119ski )<\/b><b>1 metr<\/b><\/p>\n<ul>\n<li>Producent :\u00a0 <b>Lanberg<\/b><\/li>\n<li>Kod producenta: CA-HDDP-20CU-0010-BK<\/li>\n<\/ul>\n<\/section><\/div>\n<div class=\"item item-6\">\n<section class=\"image-item\"><img decoding=\"async\" src=\"https:\/\/upload.cdn.baselinker.com\/products\/6010088\/c1105574f1615cbfe93bf28ce5323f59.jpg\" \/><\/section>\n<\/p><\/div>\n<\/section>\n<section class=\"section\">\n<div class=\"item item-6\">\n<section class=\"image-item\"><img decoding=\"async\" src=\"https:\/\/upload.cdn.baselinker.com\/products\/6010088\/c1105574f1615cbfe93bf28ce5323f59.jpg\" \/><\/section>\n<\/p><\/div>\n<div class=\"item item-6\">\n<section class=\"text-item\">\n<ul>\n<li><b>KABEL HDMI NA DISPLAYPORT<\/b>\n<p>Kable wideo z z\u0142\u0105czami <b>HDMI<\/b> i <b>DisplayPort<\/b> oferuj\u0105 obs\u0142ug\u0119 rozdzielczo\u015bci <b>4K przy 60Hz<\/b>, zapewniaj\u0105c krystalicznie czysty obraz i p\u0142ynne wra\u017cenia wizualne.<\/p>\n<p><b>Aluminiowa obudowa<\/b> nie tylko zapewnia trwa\u0142o\u015b\u0107 ale i gwarantuje nowoczesn\u0105 estetyk\u0119, idealnie wpisuj\u0105c si\u0119 w ka\u017cde \u015brodowisko pracy czy domowe centrum multimedialne.<\/p>\n<\/li>\n<\/ul>\n<\/section><\/div>\n<\/section>\n<section class=\"section\">\n<div class=\"item item-6\">\n<section class=\"text-item\">\n<p>Kabel \u0142\u0105cz\u0105cy nadajnik z portem <b>HDMI ( np. laptop, komputer, konsola, .. )\u00a0 <\/b>ze z\u0142\u0105czem\u00a0<b>DisplayPort<\/b>\u00a0 ( monitor, TV )<\/p>\n<p><b>Specyfikacja:<\/b><\/p>\n<ul>\n<li><b>Z\u0142\u0105cza:<\/b><\/li>\n<li>19-pin HDMI-A m\u0119skie<\/li>\n<li>20-pin Displayport m\u0119skie<\/li>\n<li><b>Kierunek pracy:<\/b><\/li>\n<li><b>Wej\u015bcie (Komputer, Laptop):<\/b> HDMI + USB-A<\/li>\n<li><b>Wyj\u015bcie (Monitor, TV): <\/b>Displayport<\/li>\n<li><b>Specyfikacja HDMI:<\/b> Premium High Speed (2.0)<\/li>\n<li><b>Specyfikacja Displayport:<\/b> 1.2<\/li>\n<li><b>Chipset:<\/b> LT6711<\/li>\n<li><b>Szybko\u015b\u0107 transmisji danych<\/b>: do 18 Gb\/s<\/li>\n<li><b>Maksymalna rozdzielczo\u015b\u0107:<\/b><\/li>\n<li>3840 x 2160 @ 60 Hz<\/li>\n<li>2560 x 1440 @ 144 Hz<\/li>\n<li>1920 x 1080 @ 240 Hz<\/li>\n<li><b>Kolor<\/b>: srebrny<\/li>\n<li><b>Obudowa:<\/b> Aluminiowa<\/li>\n<li><b>Z\u0142\u0105cza<\/b>: Poz\u0142acane<\/li>\n<li><b>D\u0142ugo\u015b\u0107<\/b>: 1 m<\/li>\n<\/ul>\n<p>(\u00a0<b> jednokierunkowy\u00a0:\u00a0 HDMI<\/b> &gt;&gt;&gt; \u00a0<b>DisplayPort\u00a0<\/b>)<\/p>\n<\/section><\/div>\n<div class=\"item item-6\">\n<section class=\"image-item\"><img decoding=\"async\" src=\"https:\/\/upload.cdn.baselinker.com\/products\/6010088\/8f598a2fb2d5f260b113e96578da5d0a.jpg\" \/><\/section>\n<\/p><\/div>\n<\/section>\n<section class=\"section\">\n<div class=\"item item-12\">\n<section class=\"image-item\"><img decoding=\"async\" src=\"https:\/\/upload.cdn.baselinker.com\/products\/6010088\/01c8fc9e9204824b1deabd9a1ee4d5ca.jpg\" \/><\/section>\n<\/p><\/div>\n<\/section>\n<section class=\"section\">\n<div class=\"item item-12\">\n<section class=\"image-item\"><img decoding=\"async\" src=\"https:\/\/upload.cdn.baselinker.com\/products\/6010088\/ec238c47a4828ae8fdd635b001c6bafc.jpg\" \/><\/section>\n<\/p><\/div>\n<\/section>\n<\/div>\n<p><!-- .vgblk-rw-wrapper --><\/p>","protected":false},"excerpt":{"rendered":"<p>Kabel HDMI -&gt;\u00a0DisplayPort\u00a0M\/M, 1.0 metr, 4K @ 60Hz Kabel HDMI ( m\u0119ski ) do Display Port \u00a0(m\u0119ski )1 metr Producent :\u00a0 Lanberg Kod producenta: CA-HDDP-20CU-0010-BK KABEL HDMI NA DISPLAYPORT Kable wideo z z\u0142\u0105czami HDMI i DisplayPort oferuj\u0105 obs\u0142ug\u0119 rozdzielczo\u015bci 4K przy 60Hz, zapewniaj\u0105c krystalicznie czysty obraz i p\u0142ynne wra\u017cenia wizualne. Aluminiowa obudowa nie tylko zapewnia&#8230;<\/p>","protected":false},"featured_media":1860707,"comment_status":"open","ping_status":"closed","template":"","meta":[],"product_brand":[18452],"product_cat":[306,34154],"product_tag":[],"class_list":{"0":"post-1860765","1":"product","2":"type-product","3":"status-publish","4":"has-post-thumbnail","6":"product_brand-lanberg","7":"product_cat-akcesoria-rozne","8":"product_cat-kable-i-adaptery","10":"first","11":"outofstock","12":"taxable","13":"shipping-taxable","14":"purchasable","15":"product-type-simple"},"_links":{"self":[{"href":"https:\/\/lemonti.pl\/en\/wp-json\/wp\/v2\/product\/1860765","targetHints":{"allow":["GET"]}}],"collection":[{"href":"https:\/\/lemonti.pl\/en\/wp-json\/wp\/v2\/product"}],"about":[{"href":"https:\/\/lemonti.pl\/en\/wp-json\/wp\/v2\/types\/product"}],"replies":[{"embeddable":true,"href":"https:\/\/lemonti.pl\/en\/wp-json\/wp\/v2\/comments?post=1860765"}],"version-history":[{"count":1,"href":"https:\/\/lemonti.pl\/en\/wp-json\/wp\/v2\/product\/1860765\/revisions"}],"predecessor-version":[{"id":1863219,"href":"https:\/\/lemonti.pl\/en\/wp-json\/wp\/v2\/product\/1860765\/revisions\/1863219"}],"wp:featuredmedia":[{"embeddable":true,"href":"https:\/\/lemonti.pl\/en\/wp-json\/wp\/v2\/media\/1860707"}],"wp:attachment":[{"href":"https:\/\/lemonti.pl\/en\/wp-json\/wp\/v2\/media?parent=1860765"}],"wp:term":[{"taxonomy":"product_brand","embeddable":true,"href":"https:\/\/lemonti.pl\/en\/wp-json\/wp\/v2\/product_brand?post=1860765"},{"taxonomy":"product_cat","embeddable":true,"href":"https:\/\/lemonti.pl\/en\/wp-json\/wp\/v2\/product_cat?post=1860765"},{"taxonomy":"product_tag","embeddable":true,"href":"https:\/\/lemonti.pl\/en\/wp-json\/wp\/v2\/product_tag?post=1860765"}],"curies":[{"name":"wp","href":"https:\/\/api.w.org\/{rel}","templated":true}]}}