{"id":1860698,"date":"2026-02-16T15:20:51","date_gmt":"2026-02-16T14:20:51","guid":{"rendered":"https:\/\/lemonti.pl\/sklep\/bez-kategorii\/kabel-adapter-lanberg-hdmi-m-displayport-m-18m-4k-czarny\/"},"modified":"2026-04-16T18:00:33","modified_gmt":"2026-04-16T16:00:33","slug":"kabel-adapter-lanberg-hdmi-m-displayport-m-18m-4k-czarny","status":"publish","type":"product","link":"https:\/\/lemonti.pl\/en\/sklep\/akcesoria-rozne\/kable-i-adaptery\/kabel-adapter-lanberg-hdmi-m-displayport-m-18m-4k-czarny\/","title":{"rendered":"Kabel adapter Lanberg HDMI (M) -&gt; Displayport (M) 1,8M 4K czarny"},"content":{"rendered":"<div class=\"vgblk-rw-wrapper limit-wrapper\">\n<section class=\"section\">\n<div class=\"item item-12\">\n<section class=\"text-item\">\n<h2>Kabel adapter Lanberg HDMI (M) -&gt; Displayport (M) 1,8M 4K czarny<\/h2>\n<\/section><\/div>\n<\/section>\n<section class=\"section\">\n<div class=\"item item-6\">\n<section class=\"text-item\">\n<h2>Specyfikacja:<\/h2>\n<ul>\n<li><b>Typ kabla \/ urz\u0105dzenia:<\/b> Kabel sygna\u0142owy<\/li>\n<li><b>D\u0142ugo\u015b\u0107 kabla (m):<\/b> 1.80<\/li>\n<li><b>Z\u0142\u0105cze 1:<\/b> HDMI Typu A 19-pin (m\u0119skie)<\/li>\n<li><b>Z\u0142\u0105cze 2:<\/b> DisplayPort 20-pin (m\u0119skie)<\/li>\n<li><b>Poz\u0142acane styki:<\/b> Tak<\/li>\n<li><b>Przepustowo\u015b\u0107 (Gb\/s):<\/b> 18.0<\/li>\n<li><b>Rodzaj kabla (AWG):<\/b> 32<\/li>\n<li><b>Kolor:<\/b> Czarny<\/li>\n<li><b>Informacje dodatkowe:<\/b><\/li>\n<li>&#8211; Kierunek pracy:<\/li>\n<li>&#8211; Wej\u015bcie (Komputer, Laptop): HDMI + USB-A<\/li>\n<li>&#8211; Wyj\u015bcie (Monitor, TV): Displayport<\/li>\n<li>&#8211; Specyfikacja HDMI: Premium High Speed (2.0)<\/li>\n<li>&#8211; Specyfikacja Displayport: 1.2<\/li>\n<li>&#8211; Chipset: LT6711<\/li>\n<li>&#8211; Szybko\u015b\u0107 transmisji danych: do 18 Gb\/s<\/li>\n<li>&#8211; Maksymalna rozdzielczo\u015b\u0107<\/li>\n<li>&#8212; 3840&#215;2160 px 60 Hz<\/li>\n<li>&#8212; 2560&#215;1440 px 144 Hz<\/li>\n<li>&#8212; 1920&#215;1080 px 240 Hz<\/li>\n<li>&#8211; Kolor: srebrny, czarny<\/li>\n<li>&#8211; Obudowa: Aluminiowa<\/li>\n<li>&#8211; Z\u0142\u0105cza: Poz\u0142acane<\/li>\n<li>&#8211; Materia\u0142 przewodu Miedziany (CU)<\/li>\n<\/ul>\n<\/section><\/div>\n<div class=\"item item-6\">\n<section class=\"image-item\"><img decoding=\"async\" src=\"https:\/\/upload.cdn.baselinker.com\/products\/6010088\/62f91cc2e4629b4590d546be3e1aeecd.jpg\" \/><\/section>\n<\/p><\/div>\n<\/section>\n<section class=\"section\">\n<div class=\"item item-6\">\n<section class=\"text-item\">\n<h2>KABEL HDMI NA DISPLAYPORT<\/h2>\n<p>Kable wideo z z\u0142\u0105czami <b>HDMI<\/b> i <b>DisplayPort<\/b> oferuj\u0105 obs\u0142ug\u0119 rozdzielczo\u015bci <b>4K przy 60Hz<\/b>, zapewniaj\u0105c krystalicznie czysty obraz i p\u0142ynne wra\u017cenia wizualne.<\/p>\n<p><b>Aluminiowa obudowa<\/b> nie tylko zapewnia trwa\u0142o\u015b\u0107 ale i gwarantuje nowoczesn\u0105 estetyk\u0119, idealnie wpisuj\u0105c si\u0119 w ka\u017cde \u015brodowisko pracy czy domowe centrum multimedialne.<\/p>\n<\/section><\/div>\n<div class=\"item item-6\">\n<section class=\"image-item\"><img decoding=\"async\" src=\"https:\/\/upload.cdn.baselinker.com\/products\/6010088\/c08cb170742197149b91c984045b3f86.jpg\" \/><\/section>\n<\/p><\/div>\n<\/section>\n<section class=\"section\">\n<div class=\"item item-6\">\n<section class=\"image-item\"><img decoding=\"async\" src=\"https:\/\/upload.cdn.baselinker.com\/products\/6010088\/22cc07b9866c31376ccf6c69cf771be7.jpg\" \/><\/section>\n<\/p><\/div>\n<div class=\"item item-6\">\n<section class=\"image-item\"><img decoding=\"async\" src=\"https:\/\/upload.cdn.baselinker.com\/products\/6010088\/30cba80a02d4e7dfde47e56ba24d07ae.jpg\" \/><\/section>\n<\/p><\/div>\n<\/section>\n<\/div>\n<p><!-- .vgblk-rw-wrapper --><\/p>","protected":false},"excerpt":{"rendered":"<p>Kabel adapter Lanberg HDMI (M) -&gt; Displayport (M) 1,8M 4K czarny Specyfikacja: Typ kabla \/ urz\u0105dzenia: Kabel sygna\u0142owy D\u0142ugo\u015b\u0107 kabla (m): 1.80 Z\u0142\u0105cze 1: HDMI Typu A 19-pin (m\u0119skie) Z\u0142\u0105cze 2: DisplayPort 20-pin (m\u0119skie) Poz\u0142acane styki: Tak Przepustowo\u015b\u0107 (Gb\/s): 18.0 Rodzaj kabla (AWG): 32 Kolor: Czarny Informacje dodatkowe: &#8211; Kierunek pracy: &#8211; Wej\u015bcie (Komputer, Laptop):&#8230;<\/p>","protected":false},"featured_media":1860678,"comment_status":"open","ping_status":"closed","template":"","meta":[],"product_brand":[18452],"product_cat":[306,34154],"product_tag":[],"class_list":{"0":"post-1860698","1":"product","2":"type-product","3":"status-publish","4":"has-post-thumbnail","6":"product_brand-lanberg","7":"product_cat-akcesoria-rozne","8":"product_cat-kable-i-adaptery","10":"first","11":"outofstock","12":"taxable","13":"shipping-taxable","14":"purchasable","15":"product-type-simple"},"_links":{"self":[{"href":"https:\/\/lemonti.pl\/en\/wp-json\/wp\/v2\/product\/1860698","targetHints":{"allow":["GET"]}}],"collection":[{"href":"https:\/\/lemonti.pl\/en\/wp-json\/wp\/v2\/product"}],"about":[{"href":"https:\/\/lemonti.pl\/en\/wp-json\/wp\/v2\/types\/product"}],"replies":[{"embeddable":true,"href":"https:\/\/lemonti.pl\/en\/wp-json\/wp\/v2\/comments?post=1860698"}],"version-history":[{"count":1,"href":"https:\/\/lemonti.pl\/en\/wp-json\/wp\/v2\/product\/1860698\/revisions"}],"predecessor-version":[{"id":1863217,"href":"https:\/\/lemonti.pl\/en\/wp-json\/wp\/v2\/product\/1860698\/revisions\/1863217"}],"wp:featuredmedia":[{"embeddable":true,"href":"https:\/\/lemonti.pl\/en\/wp-json\/wp\/v2\/media\/1860678"}],"wp:attachment":[{"href":"https:\/\/lemonti.pl\/en\/wp-json\/wp\/v2\/media?parent=1860698"}],"wp:term":[{"taxonomy":"product_brand","embeddable":true,"href":"https:\/\/lemonti.pl\/en\/wp-json\/wp\/v2\/product_brand?post=1860698"},{"taxonomy":"product_cat","embeddable":true,"href":"https:\/\/lemonti.pl\/en\/wp-json\/wp\/v2\/product_cat?post=1860698"},{"taxonomy":"product_tag","embeddable":true,"href":"https:\/\/lemonti.pl\/en\/wp-json\/wp\/v2\/product_tag?post=1860698"}],"curies":[{"name":"wp","href":"https:\/\/api.w.org\/{rel}","templated":true}]}}