{"id":1860604,"date":"2026-02-16T15:20:07","date_gmt":"2026-02-16T14:20:07","guid":{"rendered":"https:\/\/lemonti.pl\/sklep\/bez-kategorii\/tester-kabli-lanberg-nt-0402-rj45-rj11\/"},"modified":"2026-04-11T07:12:31","modified_gmt":"2026-04-11T05:12:31","slug":"tester-kabli-lanberg-nt-0402-rj45-rj11","status":"publish","type":"product","link":"https:\/\/lemonti.pl\/en\/sklep\/akcesoria-rozne\/narzedzia\/tester-kabli-lanberg-nt-0402-rj45-rj11\/","title":{"rendered":"Tester kabli Lanberg NT-0402 RJ45, RJ11"},"content":{"rendered":"<div class=\"vgblk-rw-wrapper limit-wrapper\">\n<section class=\"section\">\n<div class=\"item item-6\">\n<section class=\"text-item\">\n<h2>Tester kabli sieciowych Lanberg NT-0402 bia\u0142y<\/h2>\n<p>Urz\u0105dzenie jest nieodzownym narz\u0119dziem ka\u017cdego instalatora. Pomaga w znacz\u0105cym stopniu zaoszcz\u0119dzi\u0107 czas w weryfikacji par przewod\u00f3w sieciowych. Urz\u0105dzenie g\u0142\u00f3wnie s\u0142u\u017cy do pomiaru ci\u0105g\u0142o\u015bci okablowania sieci LAN oraz weryfikacji po\u0142\u0105cze\u0144 wraz z wykrywaniem ewentualnych problem\u00f3w z zwarciami lub b\u0142\u0119dnymi po\u0142\u0105czeniami par. Urz\u0105dzenie sk\u0142ada si\u0119 z dw\u00f3ch cz\u0119\u015bci, kt\u00f3re powinny by\u0107 mocowane na ko\u0144cach testowanego przewodu.<\/p>\n<\/section><\/div>\n<div class=\"item item-6\">\n<section class=\"image-item\"><img decoding=\"async\" src=\"https:\/\/upload.cdn.baselinker.com\/products\/6010088\/525f1625f57bdd252116c0c3cf55d91b.jpg\" \/><\/section>\n<\/p><\/div>\n<\/section>\n<section class=\"section\">\n<div class=\"item item-12\">\n<section class=\"text-item\">\n<p><b>Specyfikacja:<\/b><\/p>\n<ul>\n<li><b>Rodzaj:<\/b> Tester<\/li>\n<li>Tester wyposa\u017cony w diody, z\u0142\u0105cza RJ-45, RJ-12\/RJ-11 oraz wy\u0142\u0105cznik.<\/li>\n<li>Terminator (przystawki) wyposa\u017cony w diody, z\u0142\u0105cza RJ-45 i RJ-12\/RJ-11.<\/li>\n<\/ul>\n<\/section><\/div>\n<\/section>\n<\/div>\n<p><!-- .vgblk-rw-wrapper --><\/p>","protected":false},"excerpt":{"rendered":"<p>Tester kabli sieciowych Lanberg NT-0402 bia\u0142y Urz\u0105dzenie jest nieodzownym narz\u0119dziem ka\u017cdego instalatora. Pomaga w znacz\u0105cym stopniu zaoszcz\u0119dzi\u0107 czas w weryfikacji par przewod\u00f3w sieciowych. Urz\u0105dzenie g\u0142\u00f3wnie s\u0142u\u017cy do pomiaru ci\u0105g\u0142o\u015bci okablowania sieci LAN oraz weryfikacji po\u0142\u0105cze\u0144 wraz z wykrywaniem ewentualnych problem\u00f3w z zwarciami lub b\u0142\u0119dnymi po\u0142\u0105czeniami par. Urz\u0105dzenie sk\u0142ada si\u0119 z dw\u00f3ch cz\u0119\u015bci, kt\u00f3re powinny by\u0107&#8230;<\/p>","protected":false},"featured_media":1860573,"comment_status":"open","ping_status":"closed","template":"","meta":[],"product_brand":[18452],"product_cat":[306,34156],"product_tag":[],"class_list":{"0":"post-1860604","1":"product","2":"type-product","3":"status-publish","4":"has-post-thumbnail","6":"product_brand-lanberg","7":"product_cat-akcesoria-rozne","8":"product_cat-narzedzia","10":"first","11":"instock","12":"taxable","13":"shipping-taxable","14":"purchasable","15":"product-type-simple"},"_links":{"self":[{"href":"https:\/\/lemonti.pl\/en\/wp-json\/wp\/v2\/product\/1860604","targetHints":{"allow":["GET"]}}],"collection":[{"href":"https:\/\/lemonti.pl\/en\/wp-json\/wp\/v2\/product"}],"about":[{"href":"https:\/\/lemonti.pl\/en\/wp-json\/wp\/v2\/types\/product"}],"replies":[{"embeddable":true,"href":"https:\/\/lemonti.pl\/en\/wp-json\/wp\/v2\/comments?post=1860604"}],"version-history":[{"count":1,"href":"https:\/\/lemonti.pl\/en\/wp-json\/wp\/v2\/product\/1860604\/revisions"}],"predecessor-version":[{"id":1863205,"href":"https:\/\/lemonti.pl\/en\/wp-json\/wp\/v2\/product\/1860604\/revisions\/1863205"}],"wp:featuredmedia":[{"embeddable":true,"href":"https:\/\/lemonti.pl\/en\/wp-json\/wp\/v2\/media\/1860573"}],"wp:attachment":[{"href":"https:\/\/lemonti.pl\/en\/wp-json\/wp\/v2\/media?parent=1860604"}],"wp:term":[{"taxonomy":"product_brand","embeddable":true,"href":"https:\/\/lemonti.pl\/en\/wp-json\/wp\/v2\/product_brand?post=1860604"},{"taxonomy":"product_cat","embeddable":true,"href":"https:\/\/lemonti.pl\/en\/wp-json\/wp\/v2\/product_cat?post=1860604"},{"taxonomy":"product_tag","embeddable":true,"href":"https:\/\/lemonti.pl\/en\/wp-json\/wp\/v2\/product_tag?post=1860604"}],"curies":[{"name":"wp","href":"https:\/\/api.w.org\/{rel}","templated":true}]}}