{"id":1860541,"date":"2026-02-16T15:19:41","date_gmt":"2026-02-16T14:19:41","guid":{"rendered":"https:\/\/lemonti.pl\/sklep\/bez-kategorii\/narzedzie-uderzeniowe-lanberg-nt-0001-lsa-typu-krone\/"},"modified":"2026-04-20T17:34:43","modified_gmt":"2026-04-20T15:34:43","slug":"narzedzie-uderzeniowe-lanberg-nt-0001-lsa-typu-krone","status":"publish","type":"product","link":"https:\/\/lemonti.pl\/en\/sklep\/akcesoria-rozne\/narzedzia\/narzedzie-uderzeniowe-lanberg-nt-0001-lsa-typu-krone\/","title":{"rendered":"Narz\u0119dzie uderzeniowe Lanberg NT-0001 LSA typu Krone"},"content":{"rendered":"<div class=\"vgblk-rw-wrapper limit-wrapper\">\n<section class=\"section\">\n<div class=\"item item-12\">\n<section class=\"text-item\">\n<h2>Narz\u0119dzie uderzeniowe Lanberg NT-0001 LSA typu Krone<\/h2>\n<\/section><\/div>\n<\/section>\n<section class=\"section\">\n<div class=\"item item-6\">\n<section class=\"text-item\">\n<p><b>Specyfikacja techniczna:<\/b><\/p>\n<ul>\n<li><b>Zastosowanie:<\/b> gniazda LSA w sieciach xDSL i ISDN<\/li>\n<li><b>Kompatybilno\u015b\u0107 z przewodami:<\/b><\/li>\n<li>&#8211; od 0.35 mm do 0.9 mm<\/li>\n<li>&#8211; od 0.7 mm do 2.6 mm<\/li>\n<li><b>Kolor:<\/b> bia\u0142y<\/li>\n<\/ul>\n<\/section><\/div>\n<div class=\"item item-6\">\n<section class=\"image-item\"><img decoding=\"async\" src=\"https:\/\/upload.cdn.baselinker.com\/products\/6010088\/72335a74099ba9b72355cab9e1172b0b.jpg\" \/><\/section>\n<\/p><\/div>\n<\/section>\n<section class=\"section\">\n<div class=\"item item-6\">\n<section class=\"text-item\">\n<p>Narz\u0119dzie uderzeniowe LSA Lanberg NT-0001 to niezawodne urz\u0105dzenie zaprojektowane do efektywnego zarabiania przewod\u00f3w w technologii LSA.<\/p>\n<p>Dzi\u0119ki temu narz\u0119dziu, proces zaka\u0144czania przewod\u00f3w staje si\u0119 szybki i precyzyjny, co sprawia, \u017ce jest idealnym rozwi\u0105zaniem dla profesjonalist\u00f3w w bran\u017cy telekomunikacyjnej.<\/p>\n<p>G\u0142\u00f3wne cechy i korzy\u015bci<\/p>\n<ul>\n<li>Wszechstronno\u015b\u0107 \u2013 Narz\u0119dzie jest kompatybilne z przewodami o \u015brednicy od 0.35 mm do 2.6 mm, co czyni je uniwersalnym rozwi\u0105zaniem do r\u00f3\u017cnych aplikacji.<\/li>\n<li>Zgodno\u015b\u0107 z normami \u2013 Produkt spe\u0142nia normy EIA\/TIA 568 B, zapewniaj\u0105c wysok\u0105 jako\u015b\u0107 i niezawodno\u015b\u0107 po\u0142\u0105cze\u0144 w sieciach xDSL i ISDN.<\/li>\n<li>\u0141atwo\u015b\u0107 w u\u017cyciu \u2013 Ergonomiczna konstrukcja i intuicyjna obs\u0142uga sprawiaj\u0105, \u017ce narz\u0119dzie jest wygodne i efektywne w codziennym u\u017cytkowaniu.<\/li>\n<\/ul>\n<\/section><\/div>\n<div class=\"item item-6\">\n<section class=\"image-item\"><img decoding=\"async\" src=\"https:\/\/upload.cdn.baselinker.com\/products\/6010088\/565a94025064caaf46782fb863f72b0c.jpg\" \/><\/section>\n<\/p><\/div>\n<\/section>\n<section class=\"section\">\n<div class=\"item item-12\">\n<section class=\"image-item\"><img decoding=\"async\" src=\"https:\/\/upload.cdn.baselinker.com\/products\/6010088\/c9a99fcd81d3712acf004d81d701f357.jpg\" \/><\/section>\n<\/p><\/div>\n<\/section>\n<section class=\"section\">\n<div class=\"item item-6\">\n<section class=\"image-item\"><img decoding=\"async\" src=\"https:\/\/upload.cdn.baselinker.com\/products\/6010088\/433bc50c9315bda92d4dcdf138e6f593.jpg\" \/><\/section>\n<\/p><\/div>\n<div class=\"item item-6\">\n<section class=\"image-item\"><img decoding=\"async\" src=\"https:\/\/upload.cdn.baselinker.com\/products\/6010088\/99da7745bf75abbf69f8e127aa02824d.jpg\" \/><\/section>\n<\/p><\/div>\n<\/section>\n<section class=\"section\">\n<div class=\"item item-12\">\n<section class=\"image-item\"><img decoding=\"async\" src=\"https:\/\/upload.cdn.baselinker.com\/products\/6010088\/394f78e3e9ad8a67fee3bfb996c90591.jpg\" \/><\/section>\n<\/p><\/div>\n<\/section>\n<\/div>\n<p><!-- .vgblk-rw-wrapper --><\/p>","protected":false},"excerpt":{"rendered":"<p>Narz\u0119dzie uderzeniowe Lanberg NT-0001 LSA typu Krone Specyfikacja techniczna: Zastosowanie: gniazda LSA w sieciach xDSL i ISDN Kompatybilno\u015b\u0107 z przewodami: &#8211; od 0.35 mm do 0.9 mm &#8211; od 0.7 mm do 2.6 mm Kolor: bia\u0142y Narz\u0119dzie uderzeniowe LSA Lanberg NT-0001 to niezawodne urz\u0105dzenie zaprojektowane do efektywnego zarabiania przewod\u00f3w w technologii LSA. Dzi\u0119ki temu narz\u0119dziu,&#8230;<\/p>","protected":false},"featured_media":1860518,"comment_status":"open","ping_status":"closed","template":"","meta":[],"product_brand":[18452],"product_cat":[306,34156],"product_tag":[],"class_list":{"0":"post-1860541","1":"product","2":"type-product","3":"status-publish","4":"has-post-thumbnail","6":"product_brand-lanberg","7":"product_cat-akcesoria-rozne","8":"product_cat-narzedzia","10":"first","11":"instock","12":"taxable","13":"shipping-taxable","14":"purchasable","15":"product-type-simple"},"_links":{"self":[{"href":"https:\/\/lemonti.pl\/en\/wp-json\/wp\/v2\/product\/1860541","targetHints":{"allow":["GET"]}}],"collection":[{"href":"https:\/\/lemonti.pl\/en\/wp-json\/wp\/v2\/product"}],"about":[{"href":"https:\/\/lemonti.pl\/en\/wp-json\/wp\/v2\/types\/product"}],"replies":[{"embeddable":true,"href":"https:\/\/lemonti.pl\/en\/wp-json\/wp\/v2\/comments?post=1860541"}],"version-history":[{"count":1,"href":"https:\/\/lemonti.pl\/en\/wp-json\/wp\/v2\/product\/1860541\/revisions"}],"predecessor-version":[{"id":1863200,"href":"https:\/\/lemonti.pl\/en\/wp-json\/wp\/v2\/product\/1860541\/revisions\/1863200"}],"wp:featuredmedia":[{"embeddable":true,"href":"https:\/\/lemonti.pl\/en\/wp-json\/wp\/v2\/media\/1860518"}],"wp:attachment":[{"href":"https:\/\/lemonti.pl\/en\/wp-json\/wp\/v2\/media?parent=1860541"}],"wp:term":[{"taxonomy":"product_brand","embeddable":true,"href":"https:\/\/lemonti.pl\/en\/wp-json\/wp\/v2\/product_brand?post=1860541"},{"taxonomy":"product_cat","embeddable":true,"href":"https:\/\/lemonti.pl\/en\/wp-json\/wp\/v2\/product_cat?post=1860541"},{"taxonomy":"product_tag","embeddable":true,"href":"https:\/\/lemonti.pl\/en\/wp-json\/wp\/v2\/product_tag?post=1860541"}],"curies":[{"name":"wp","href":"https:\/\/api.w.org\/{rel}","templated":true}]}}