{"id":1860470,"date":"2026-02-16T15:18:52","date_gmt":"2026-02-16T14:18:52","guid":{"rendered":"https:\/\/lemonti.pl\/sklep\/bez-kategorii\/adapter-lanberg-hdmim-hdmif-4k-katowy-lewo-czarny\/"},"modified":"2026-04-01T22:41:20","modified_gmt":"2026-04-01T20:41:20","slug":"adapter-lanberg-hdmim-hdmif-4k-katowy-lewo-czarny","status":"publish","type":"product","link":"https:\/\/lemonti.pl\/en\/sklep\/akcesoria-rozne\/kable-i-adaptery\/adapter-lanberg-hdmim-hdmif-4k-katowy-lewo-czarny\/","title":{"rendered":"Adapter Lanberg HDMI(M) -&gt; HDMI(F) 4K k\u0105towy lewo czarny"},"content":{"rendered":"<div class=\"vgblk-rw-wrapper limit-wrapper\">\n<section class=\"section\">\n<div class=\"item item-12\">\n<section class=\"text-item\">\n<h1>Adapter Lanberg HDMI(M) -&gt; HDMI(F) 4K k\u0105towy lewo czarny<\/h1>\n<\/section><\/div>\n<\/section>\n<section class=\"section\">\n<div class=\"item item-6\">\n<section class=\"image-item\"><img decoding=\"async\" src=\"https:\/\/upload.cdn.baselinker.com\/products\/6010088\/dda01beb06f232344981fb50b5dc4fc3.jpg\" \/><\/section>\n<\/p><\/div>\n<div class=\"item item-6\">\n<section class=\"text-item\">\n<h2>Adapter Lanberg HDMI(M) -&gt; HDMI(F) 4K k\u0105towy lewo czarny<\/h2>\n<p>Producent: LANBERG<\/p>\n<ul>\n<li>Interfejs: <b>HDMI<\/b><\/li>\n<li>Kolor: <b>Czarny<\/b><\/li>\n<li>Poz\u0142acane styki: <b>Nie<\/b><\/li>\n<li>Cechy: <b>4K<\/b><\/li>\n<li>Z\u0142\u0105cze 2: <b>HDMI Typu A 19-pin (\u017ce\u0144skie)<\/b><\/li>\n<li>Z\u0142\u0105cze 1: <b>HDMI Typu A 19-pin (\u017ce\u0144skie)<\/b><\/li>\n<li>Informacje dodatkowe: <b>Poz\u0142acane z\u0142\u0105cza, Szybko\u015b\u0107 transmisji danych do 18 Gb\/s, 1920 x 1080 @ 240 Hz, Specyfikacja HDMI: Premium High Speed with Ethernet (V2.0), Maksymalna wspierana rozdzielczo\u015b\u0107: , 3840 x 2160 @ 60 Hz, 2560 x 1440 @ 144 Hz, Obs\u0142uguje zwrotny kana\u0142 audio (ARC), Obs\u0142uguj\u0119 HDR, Obs\u0142uguje zwrotny kana\u0142 audio (eARC), Wsparcie dla HDR, Z\u0142\u0105cza: HDMI-A \u017ce\u0144skie HDMI-A m\u0119skie 90&#8243;, Z\u0142\u0105cze HDMI-A m\u0119skie wygi\u0119te o 90&#8243; w lewo<\/b><\/li>\n<\/ul>\n<\/section><\/div>\n<\/section>\n<\/div>\n<p><!-- .vgblk-rw-wrapper --><\/p>","protected":false},"excerpt":{"rendered":"<p>Adapter Lanberg HDMI(M) -&gt; HDMI(F) 4K k\u0105towy lewo czarny Adapter Lanberg HDMI(M) -&gt; HDMI(F) 4K k\u0105towy lewo czarny Producent: LANBERG Interfejs: HDMI Kolor: Czarny Poz\u0142acane styki: Nie Cechy: 4K Z\u0142\u0105cze 2: HDMI Typu A 19-pin (\u017ce\u0144skie) Z\u0142\u0105cze 1: HDMI Typu A 19-pin (\u017ce\u0144skie) Informacje dodatkowe: Poz\u0142acane z\u0142\u0105cza, Szybko\u015b\u0107 transmisji danych do 18 Gb\/s, 1920 x&#8230;<\/p>","protected":false},"featured_media":1860462,"comment_status":"open","ping_status":"closed","template":"","meta":[],"product_brand":[18452],"product_cat":[306,34154],"product_tag":[],"class_list":{"0":"post-1860470","1":"product","2":"type-product","3":"status-publish","4":"has-post-thumbnail","6":"product_brand-lanberg","7":"product_cat-akcesoria-rozne","8":"product_cat-kable-i-adaptery","10":"first","11":"instock","12":"taxable","13":"shipping-taxable","14":"purchasable","15":"product-type-simple"},"_links":{"self":[{"href":"https:\/\/lemonti.pl\/en\/wp-json\/wp\/v2\/product\/1860470","targetHints":{"allow":["GET"]}}],"collection":[{"href":"https:\/\/lemonti.pl\/en\/wp-json\/wp\/v2\/product"}],"about":[{"href":"https:\/\/lemonti.pl\/en\/wp-json\/wp\/v2\/types\/product"}],"replies":[{"embeddable":true,"href":"https:\/\/lemonti.pl\/en\/wp-json\/wp\/v2\/comments?post=1860470"}],"version-history":[{"count":1,"href":"https:\/\/lemonti.pl\/en\/wp-json\/wp\/v2\/product\/1860470\/revisions"}],"predecessor-version":[{"id":1863187,"href":"https:\/\/lemonti.pl\/en\/wp-json\/wp\/v2\/product\/1860470\/revisions\/1863187"}],"wp:featuredmedia":[{"embeddable":true,"href":"https:\/\/lemonti.pl\/en\/wp-json\/wp\/v2\/media\/1860462"}],"wp:attachment":[{"href":"https:\/\/lemonti.pl\/en\/wp-json\/wp\/v2\/media?parent=1860470"}],"wp:term":[{"taxonomy":"product_brand","embeddable":true,"href":"https:\/\/lemonti.pl\/en\/wp-json\/wp\/v2\/product_brand?post=1860470"},{"taxonomy":"product_cat","embeddable":true,"href":"https:\/\/lemonti.pl\/en\/wp-json\/wp\/v2\/product_cat?post=1860470"},{"taxonomy":"product_tag","embeddable":true,"href":"https:\/\/lemonti.pl\/en\/wp-json\/wp\/v2\/product_tag?post=1860470"}],"curies":[{"name":"wp","href":"https:\/\/api.w.org\/{rel}","templated":true}]}}