{"id":1860008,"date":"2026-02-16T15:01:38","date_gmt":"2026-02-16T14:01:38","guid":{"rendered":"https:\/\/lemonti.pl\/sklep\/bez-kategorii\/karta-pamieci-silicon-power-microsdxc-high-endurance-golden-series-64gb-v30-uhs-1-u3-a1-4k-uhd-adapter\/"},"modified":"2026-04-18T16:56:11","modified_gmt":"2026-04-18T14:56:11","slug":"karta-pamieci-silicon-power-microsdxc-high-endurance-golden-series-64gb-v30-uhs-1-u3-a1-4k-uhd-adapter","status":"publish","type":"product","link":"https:\/\/lemonti.pl\/en\/sklep\/akcesoria-rozne\/karty-pamieci\/karta-pamieci-silicon-power-microsdxc-high-endurance-golden-series-64gb-v30-uhs-1-u3-a1-4k-uhd-adapter\/","title":{"rendered":"Karta pami\u0119ci Silicon Power microSDXC High Endurance Golden Series 64GB V30 UHS-1 U3 A1 4K UHD + adapter"},"content":{"rendered":"<div class=\"vgblk-rw-wrapper limit-wrapper\">\n<section class=\"section\">\n<div class=\"item item-12\">\n<section class=\"text-item\">\n<h2>Karta pami\u0119ci Silicon Power microSDXC High Endurance Golden 64GB V30 UHS-1<\/h2>\n<\/section><\/div>\n<\/section>\n<section class=\"section\">\n<div class=\"item item-6\">\n<section class=\"image-item\"><img decoding=\"async\" src=\"https:\/\/upload.cdn.baselinker.com\/products\/6010088\/0d6ab77d6778c759798f3d706883745f.jpg\" \/><\/section>\n<\/p><\/div>\n<div class=\"item item-6\">\n<section class=\"text-item\">\n<ul>\n<li><b>Certyfikat \u015brodowiskowy (zr\u00f3wnowa\u017conego rozwoju):<\/b> RoHS<\/li>\n<li><b>Pojemno\u015b\u0107:<\/b> 64 GB<\/li>\n<li><b>Typ karty flesza:<\/b> MicroSDHC<\/li>\n<li><b>Klasa pami\u0119ci flash:<\/b> Klasa 10<\/li>\n<li><b>Kolor produktu:<\/b> Czarny<\/li>\n<li><b>Napi\u0119cie pami\u0119ci:<\/b> 2.8, 2.7, 3.6 V, 3.3 V<\/li>\n<li><b>Zakres wilgotno\u015bci wzgl\u0119dnej:<\/b> 8 &#8211; 95%<\/li>\n<li><b>Zakres temperatur (eksploatacja):<\/b> 0 &#8211; 70 \u00b0C<\/li>\n<li><b>Zakres temperatur (przechowywanie):<\/b> -40 &#8211; 85 \u00b0C<\/li>\n<li><b>Ilo\u015b\u0107 sztuk:<\/b> 1<\/li>\n<li><b>Adapter pami\u0119ci w zestawie:<\/b> microSD<\/li>\n<li><b>Kod zharmonizowanego systemu (HS):<\/b> 85235190<\/li>\n<\/ul>\n<\/section><\/div>\n<\/section>\n<section class=\"section\">\n<div class=\"item item-12\">\n<section class=\"image-item\"><img decoding=\"async\" src=\"https:\/\/upload.cdn.baselinker.com\/products\/6010088\/1489b265b2b7b472db0f0a09366afa7b.jpg\" \/><\/section>\n<\/p><\/div>\n<\/section>\n<\/div>\n<p><!-- .vgblk-rw-wrapper --><\/p>","protected":false},"excerpt":{"rendered":"<p>Karta pami\u0119ci Silicon Power microSDXC High Endurance Golden 64GB V30 UHS-1 Certyfikat \u015brodowiskowy (zr\u00f3wnowa\u017conego rozwoju): RoHS Pojemno\u015b\u0107: 64 GB Typ karty flesza: MicroSDHC Klasa pami\u0119ci flash: Klasa 10 Kolor produktu: Czarny Napi\u0119cie pami\u0119ci: 2.8, 2.7, 3.6 V, 3.3 V Zakres wilgotno\u015bci wzgl\u0119dnej: 8 &#8211; 95% Zakres temperatur (eksploatacja): 0 &#8211; 70 \u00b0C Zakres temperatur (przechowywanie):&#8230;<\/p>","protected":false},"featured_media":1860006,"comment_status":"open","ping_status":"closed","template":"","meta":[],"product_brand":[16648],"product_cat":[306,17975],"product_tag":[],"class_list":{"0":"post-1860008","1":"product","2":"type-product","3":"status-publish","4":"has-post-thumbnail","6":"product_brand-silicon-power","7":"product_cat-akcesoria-rozne","8":"product_cat-karty-pamieci","10":"first","11":"instock","12":"taxable","13":"shipping-taxable","14":"purchasable","15":"product-type-simple"},"_links":{"self":[{"href":"https:\/\/lemonti.pl\/en\/wp-json\/wp\/v2\/product\/1860008","targetHints":{"allow":["GET"]}}],"collection":[{"href":"https:\/\/lemonti.pl\/en\/wp-json\/wp\/v2\/product"}],"about":[{"href":"https:\/\/lemonti.pl\/en\/wp-json\/wp\/v2\/types\/product"}],"replies":[{"embeddable":true,"href":"https:\/\/lemonti.pl\/en\/wp-json\/wp\/v2\/comments?post=1860008"}],"version-history":[{"count":1,"href":"https:\/\/lemonti.pl\/en\/wp-json\/wp\/v2\/product\/1860008\/revisions"}],"predecessor-version":[{"id":1863197,"href":"https:\/\/lemonti.pl\/en\/wp-json\/wp\/v2\/product\/1860008\/revisions\/1863197"}],"wp:featuredmedia":[{"embeddable":true,"href":"https:\/\/lemonti.pl\/en\/wp-json\/wp\/v2\/media\/1860006"}],"wp:attachment":[{"href":"https:\/\/lemonti.pl\/en\/wp-json\/wp\/v2\/media?parent=1860008"}],"wp:term":[{"taxonomy":"product_brand","embeddable":true,"href":"https:\/\/lemonti.pl\/en\/wp-json\/wp\/v2\/product_brand?post=1860008"},{"taxonomy":"product_cat","embeddable":true,"href":"https:\/\/lemonti.pl\/en\/wp-json\/wp\/v2\/product_cat?post=1860008"},{"taxonomy":"product_tag","embeddable":true,"href":"https:\/\/lemonti.pl\/en\/wp-json\/wp\/v2\/product_tag?post=1860008"}],"curies":[{"name":"wp","href":"https:\/\/api.w.org\/{rel}","templated":true}]}}