{"id":1859957,"date":"2026-02-16T15:00:56","date_gmt":"2026-02-16T14:00:56","guid":{"rendered":"https:\/\/lemonti.pl\/sklep\/bez-kategorii\/karta-pamieci-silicon-power-microsdxc-high-endurance-golden-series-256gb-v30-uhs-1-u3-a1-4k-uhd-adapter\/"},"modified":"2026-04-09T15:12:27","modified_gmt":"2026-04-09T13:12:27","slug":"karta-pamieci-silicon-power-microsdxc-high-endurance-golden-series-256gb-v30-uhs-1-u3-a1-4k-uhd-adapter","status":"publish","type":"product","link":"https:\/\/lemonti.pl\/en\/sklep\/akcesoria-rozne\/karty-pamieci\/karta-pamieci-silicon-power-microsdxc-high-endurance-golden-series-256gb-v30-uhs-1-u3-a1-4k-uhd-adapter\/","title":{"rendered":"Karta pami\u0119ci Silicon Power microSDXC High Endurance Golden Series 256GB V30 UHS-1 U3 A1 4K UHD + adapter"},"content":{"rendered":"<div class=\"vgblk-rw-wrapper limit-wrapper\">\n<section class=\"section\">\n<div class=\"item item-12\">\n<section class=\"text-item\">\n<h2>Karta pami\u0119ci Silicon Power microSDXC High Endurance Golden Series 256GB V30 UHS-1 U3 A1<\/h2>\n<\/section><\/div>\n<\/section>\n<section class=\"section\">\n<div class=\"item item-6\">\n<section class=\"image-item\"><img decoding=\"async\" src=\"https:\/\/upload.cdn.baselinker.com\/products\/6010088\/b7e56f5ac10dbf9e3711314ae2ed934b.jpg\" \/><\/section>\n<\/p><\/div>\n<div class=\"item item-6\">\n<section class=\"text-item\">\n<p><b>Specyfikacja techniczna:<\/b><\/p>\n<ul>\n<li><b>Rodzaj pami\u0119ci:<\/b> Karta pami\u0119ci<\/li>\n<li><b>Pojemno\u015b\u0107 pami\u0119ci:<\/b> 256 GB<\/li>\n<li><b>Standard pami\u0119ci:<\/b> MicroSDXC<\/li>\n<li><b>Klasa pr\u0119dko\u015bci: <\/b>Class 10 UHS-I V30<\/li>\n<li><b>Pr\u0119dko\u015bci odczytu i zapisu: <\/b>odpowiednio do 100 MB\/s i 80 MB\/s<\/li>\n<li><b>Temperatura pracy: <\/b>-25\u00b0C ~ 85\u00b0C<\/li>\n<li><b>Temperatura przechowywania: <\/b>-40\u00b0C ~ 85\u00b0C<\/li>\n<li><b>Odporna na upadek z wysoko\u015bci: <\/b>1,5m<\/li>\n<li><b>Odporno\u015b\u0107 na wstrz\u0105sy: <\/b>1,500G@0.5ms<\/li>\n<li><b>MTBF:<\/b> powy\u017cej 3 000 000 godzin<\/li>\n<li><b>Kolor:<\/b> Czarno-z\u0142oty<\/li>\n<\/ul>\n<\/section><\/div>\n<\/section>\n<section class=\"section\">\n<div class=\"item item-6\">\n<section class=\"image-item\"><img decoding=\"async\" src=\"https:\/\/upload.cdn.baselinker.com\/products\/6010088\/b169f1a470b4c39261bc89acbbe64e48.jpg\" \/><\/section>\n<\/p><\/div>\n<div class=\"item item-6\">\n<section class=\"text-item\">\n<p><b>Informacje dodatkowe:<\/b><\/p>\n<ul>\n<li>Zapisuje materia\u0142y w rozdzielczo\u015bci 4K Ultra HD<\/li>\n<li>Zaprojektowana specjalnie do ci\u0105g\u0142ego nagrywania<\/li>\n<li>Pr\u0119dko\u015bci mog\u0105 si\u0119 r\u00f3\u017cni\u0107 w zale\u017cno\u015bci od urz\u0105dzenia<\/li>\n<li>Wysokiej jako\u015bci pami\u0119\u0107 flash NAND zapewniaj\u0105ca doskona\u0142\u0105 wytrzyma\u0142o\u015b\u0107<\/li>\n<li>Wodoodporna, odporna na wstrz\u0105sy, promieniowanie rentgenowskie i&nbsp;wysokie temperatury<\/li>\n<li>Wyposa\u017cona w funkcj\u0119 automatycznej korekcji b\u0142\u0119d\u00f3w (ECC)<\/li>\n<li>Standard A1<\/li>\n<\/ul>\n<\/section><\/div>\n<\/section>\n<section class=\"section\">\n<div class=\"item item-12\">\n<section class=\"image-item\"><img decoding=\"async\" src=\"https:\/\/upload.cdn.baselinker.com\/products\/6010088\/af4f7abd6bab046dc45b21fed718697f.jpg\" \/><\/section>\n<\/p><\/div>\n<\/section>\n<\/div>\n<p><!-- .vgblk-rw-wrapper --><\/p>","protected":false},"excerpt":{"rendered":"<p>Karta pami\u0119ci Silicon Power microSDXC High Endurance Golden Series 256GB V30 UHS-1 U3 A1 Specyfikacja techniczna: Rodzaj pami\u0119ci: Karta pami\u0119ci Pojemno\u015b\u0107 pami\u0119ci: 256 GB Standard pami\u0119ci: MicroSDXC Klasa pr\u0119dko\u015bci: Class 10 UHS-I V30 Pr\u0119dko\u015bci odczytu i zapisu: odpowiednio do 100 MB\/s i 80 MB\/s Temperatura pracy: -25\u00b0C ~ 85\u00b0C Temperatura przechowywania: -40\u00b0C ~ 85\u00b0C Odporna&#8230;<\/p>","protected":false},"featured_media":1859951,"comment_status":"open","ping_status":"closed","template":"","meta":[],"product_brand":[16648],"product_cat":[306,17975],"product_tag":[],"class_list":{"0":"post-1859957","1":"product","2":"type-product","3":"status-publish","4":"has-post-thumbnail","6":"product_brand-silicon-power","7":"product_cat-akcesoria-rozne","8":"product_cat-karty-pamieci","10":"first","11":"instock","12":"taxable","13":"shipping-taxable","14":"purchasable","15":"product-type-simple"},"_links":{"self":[{"href":"https:\/\/lemonti.pl\/en\/wp-json\/wp\/v2\/product\/1859957","targetHints":{"allow":["GET"]}}],"collection":[{"href":"https:\/\/lemonti.pl\/en\/wp-json\/wp\/v2\/product"}],"about":[{"href":"https:\/\/lemonti.pl\/en\/wp-json\/wp\/v2\/types\/product"}],"replies":[{"embeddable":true,"href":"https:\/\/lemonti.pl\/en\/wp-json\/wp\/v2\/comments?post=1859957"}],"version-history":[{"count":1,"href":"https:\/\/lemonti.pl\/en\/wp-json\/wp\/v2\/product\/1859957\/revisions"}],"predecessor-version":[{"id":1863186,"href":"https:\/\/lemonti.pl\/en\/wp-json\/wp\/v2\/product\/1859957\/revisions\/1863186"}],"wp:featuredmedia":[{"embeddable":true,"href":"https:\/\/lemonti.pl\/en\/wp-json\/wp\/v2\/media\/1859951"}],"wp:attachment":[{"href":"https:\/\/lemonti.pl\/en\/wp-json\/wp\/v2\/media?parent=1859957"}],"wp:term":[{"taxonomy":"product_brand","embeddable":true,"href":"https:\/\/lemonti.pl\/en\/wp-json\/wp\/v2\/product_brand?post=1859957"},{"taxonomy":"product_cat","embeddable":true,"href":"https:\/\/lemonti.pl\/en\/wp-json\/wp\/v2\/product_cat?post=1859957"},{"taxonomy":"product_tag","embeddable":true,"href":"https:\/\/lemonti.pl\/en\/wp-json\/wp\/v2\/product_tag?post=1859957"}],"curies":[{"name":"wp","href":"https:\/\/api.w.org\/{rel}","templated":true}]}}