{"id":1859572,"date":"2026-02-13T13:58:18","date_gmt":"2026-02-13T12:58:18","guid":{"rendered":"https:\/\/lemonti.pl\/?post_type=product&#038;p=1859572"},"modified":"2026-03-02T16:36:14","modified_gmt":"2026-03-02T15:36:14","slug":"dysk-ssd-silicon-power-ace-a55-128gb-25-sata3","status":"publish","type":"product","link":"https:\/\/lemonti.pl\/en\/sklep\/podzespoly-komputerowe\/dyski\/dyski-ssd\/dysk-ssd-silicon-power-ace-a55-128gb-25-sata3\/","title":{"rendered":"Dysk SSD Silicon Power ACE A55 128GB 2,5&#8243; SATA3"},"content":{"rendered":"<div class=\"vgblk-rw-wrapper limit-wrapper\">\n<section class=\"section\">\n<div class=\"item item-12\">\n<section class=\"text-item\">\n<h2>Dysk SSD Silicon Power ACE A55 128GB 2,5&#8243; SATA3 560\/530 MB\/s 3D NAND 7mm<\/h2>\n<\/section>\n<\/div>\n<\/section>\n<section class=\"section\">\n<div class=\"item item-6\">\n<section class=\"image-item\"><img decoding=\"async\" src=\"https:\/\/upload.cdn.baselinker.com\/products\/6010088\/1204f31473d04e01d1ec423983f7dd33.jpg\" \/><\/section>\n<\/div>\n<div class=\"item item-6\">\n<section class=\"text-item\"><b>Specyfikacja techniczna:<\/b><\/p>\n<ul>\n<li><b>Pojemno\u015b\u0107 dysku:<\/b> 128 GB<\/li>\n<li><b>Format dysku:<\/b> 2,5 cala<\/li>\n<li><b>Typ dysku:<\/b> SSD<\/li>\n<li><b>Technika zapisywania danych:<\/b> TLC<\/li>\n<li><b>Wsparcie dla technologii S.M.A.R.T.:<\/b> Tak<\/li>\n<li><b>Wsparcie dla technologii TRIM:<\/b> Tak<\/li>\n<li><b>Pr\u0119dko\u015b\u0107 odczytu (max):<\/b> 560 MB\/s<\/li>\n<li><b>Pr\u0119dko\u015b\u0107 zapisu (max):<\/b> 530 MB\/s<\/li>\n<li><b>Interfejs:<\/b> SATA III (6 Gb\/s)<\/li>\n<li><b>\u015aredni czas miedzy uszkodzeniami (MTBF):<\/b> 1500000 h<\/li>\n<li><b>Test odporno\u015bci na wibracje: <\/b>20G<\/li>\n<li><b>Test odporno\u015bci na wstrz\u0105sy: <\/b>1500G Max<\/li>\n<li><b>Kolor obudowy:<\/b> Czarny (Black)<\/li>\n<li><b>Wymiary:<\/b> 100mm x 69.9mm x 7mm<\/li>\n<\/ul>\n<\/section>\n<\/div>\n<\/section>\n<section class=\"section\">\n<div class=\"item item-12\">\n<section class=\"image-item\"><img decoding=\"async\" src=\"https:\/\/upload.cdn.baselinker.com\/products\/6010088\/1daed02a88f10d18a6bf1d399debf7c7.jpg\" \/><\/section>\n<\/div>\n<\/section>\n<\/div>\n<p><!-- .vgblk-rw-wrapper --><\/p>","protected":false},"excerpt":{"rendered":"<p>Dysk SSD Silicon Power ACE A55 128GB 2,5&#8243; SATA3 560\/530 MB\/s 3D NAND 7mm Specyfikacja techniczna: Pojemno\u015b\u0107 dysku: 128 GB Format dysku: 2,5 cala Typ dysku: SSD Technika zapisywania danych: TLC Wsparcie dla technologii S.M.A.R.T.: Tak Wsparcie dla technologii TRIM: Tak Pr\u0119dko\u015b\u0107 odczytu (max): 560 MB\/s Pr\u0119dko\u015b\u0107 zapisu (max): 530 MB\/s Interfejs: SATA III (6&#8230;<\/p>","protected":false},"featured_media":1829304,"comment_status":"open","ping_status":"closed","template":"","meta":[],"product_brand":[16648],"product_cat":[247,256,246],"product_tag":[],"class_list":{"0":"post-1859572","1":"product","2":"type-product","3":"status-publish","4":"has-post-thumbnail","6":"product_brand-silicon-power","7":"product_cat-dyski","8":"product_cat-dyski-ssd","9":"product_cat-podzespoly-komputerowe","11":"first","12":"instock","13":"sale","14":"taxable","15":"shipping-taxable","16":"purchasable","17":"product-type-simple"},"_links":{"self":[{"href":"https:\/\/lemonti.pl\/en\/wp-json\/wp\/v2\/product\/1859572","targetHints":{"allow":["GET"]}}],"collection":[{"href":"https:\/\/lemonti.pl\/en\/wp-json\/wp\/v2\/product"}],"about":[{"href":"https:\/\/lemonti.pl\/en\/wp-json\/wp\/v2\/types\/product"}],"replies":[{"embeddable":true,"href":"https:\/\/lemonti.pl\/en\/wp-json\/wp\/v2\/comments?post=1859572"}],"version-history":[{"count":1,"href":"https:\/\/lemonti.pl\/en\/wp-json\/wp\/v2\/product\/1859572\/revisions"}],"predecessor-version":[{"id":1859574,"href":"https:\/\/lemonti.pl\/en\/wp-json\/wp\/v2\/product\/1859572\/revisions\/1859574"}],"wp:featuredmedia":[{"embeddable":true,"href":"https:\/\/lemonti.pl\/en\/wp-json\/wp\/v2\/media\/1829304"}],"wp:attachment":[{"href":"https:\/\/lemonti.pl\/en\/wp-json\/wp\/v2\/media?parent=1859572"}],"wp:term":[{"taxonomy":"product_brand","embeddable":true,"href":"https:\/\/lemonti.pl\/en\/wp-json\/wp\/v2\/product_brand?post=1859572"},{"taxonomy":"product_cat","embeddable":true,"href":"https:\/\/lemonti.pl\/en\/wp-json\/wp\/v2\/product_cat?post=1859572"},{"taxonomy":"product_tag","embeddable":true,"href":"https:\/\/lemonti.pl\/en\/wp-json\/wp\/v2\/product_tag?post=1859572"}],"curies":[{"name":"wp","href":"https:\/\/api.w.org\/{rel}","templated":true}]}}