{"id":1859545,"date":"2026-02-13T12:59:41","date_gmt":"2026-02-13T11:59:41","guid":{"rendered":"https:\/\/lemonti.pl\/?post_type=product&#038;p=1859545"},"modified":"2026-04-16T11:00:16","modified_gmt":"2026-04-16T09:00:16","slug":"dysk-ssd-lexar-nq790-2tb-m-2-2280-pci-e-x4-gen4-nvme","status":"publish","type":"product","link":"https:\/\/lemonti.pl\/en\/sklep\/podzespoly-komputerowe\/dyski\/dyski-ssd\/dysk-ssd-lexar-nq790-2tb-m-2-2280-pci-e-x4-gen4-nvme\/","title":{"rendered":"Dysk SSD Lexar NQ790 2TB M.2 2280 PCI-E x4 Gen4 NVMe"},"content":{"rendered":"<div class=\"vgblk-rw-wrapper limit-wrapper\"><strong>Dysk SSD Lexar NQ790 2TB M.2 2280 PCI-E x4 Gen4 NVMe<\/strong><br \/>\nn<br \/>\nnDzi\u0119ki pr\u0119dko\u015bciom odczytu do 7000 MB\/s i zapisu do 6000 MB\/s, Lexar NQ790 PCIe 4.0 SSD zapewnia b\u0142yskawiczne uruchamianie systemu, szybkie \u0142adowanie aplikacji i p\u0142ynne przetwarzanie danych. To idealne rozwi\u0105zanie dla tych, kt\u00f3rzy potrzebuj\u0105 niezawodnego i szybkiego dost\u0119pu do swoich plik\u00f3w i program\u00f3w.<br \/>\nn<br \/>\nnLexar NQ790 PCIe 4.0 SSD wykorzystuje najnowsz\u0105 technologi\u0119 3D NAND, kt\u00f3ra zapewnia wi\u0119ksz\u0105 g\u0119sto\u015b\u0107 i niezawodno\u015b\u0107. Dzi\u0119ki temu dysk ten oferuje nie tylko wyj\u0105tkow\u0105 wydajno\u015b\u0107, ale tak\u017ce d\u0142ug\u0105 \u017cywotno\u015b\u0107 i niezawodno\u015b\u0107, co jest kluczowe dla profesjonalist\u00f3w i entuzjast\u00f3w technologii.<br \/>\nn<br \/>\nnLexar NQ790 PCIe 4.0 SSD zosta\u0142 zaprojektowany z my\u015bl\u0105 o niezawodno\u015bci i bezpiecze\u0144stwie danych. Dysk ten jest wyposa\u017cony w zaawansowane funkcje ochrony danych, takie jak korekcja b\u0142\u0119d\u00f3w LDPC (Low-Density Parity-Check) i ochrona przed przegrzaniem, co zapewnia stabiln\u0105 i bezpieczn\u0105 prac\u0119 nawet w najbardziej wymagaj\u0105cych warunkach.<br \/>\nn<br \/>\nnDzi\u0119ki standardowemu interfejsowi M.2 2280, Lexar NQ790 PCIe 4.0 SSD jest \u0142atwy w instalacji i kompatybilny z szerok\u0105 gam\u0105 urz\u0105dze\u0144. Niezale\u017cnie od tego, czy modernizujesz sw\u00f3j komputer stacjonarny, laptop czy stacj\u0119 robocz\u0105, ten dysk SSD zapewni Ci niezr\u00f3wnan\u0105 wydajno\u015b\u0107 i niezawodno\u015b\u0107.<\/div>\n<p><!-- .vgblk-rw-wrapper --><\/p>","protected":false},"excerpt":{"rendered":"<p>Dysk SSD Lexar NQ790 2TB M.2 2280 PCI-E x4 Gen4 NVMe n nDzi\u0119ki pr\u0119dko\u015bciom odczytu do 7000 MB\/s i zapisu do 6000 MB\/s, Lexar NQ790 PCIe 4.0 SSD zapewnia b\u0142yskawiczne uruchamianie systemu, szybkie \u0142adowanie aplikacji i p\u0142ynne przetwarzanie danych. To idealne rozwi\u0105zanie dla tych, kt\u00f3rzy potrzebuj\u0105 niezawodnego i szybkiego dost\u0119pu do swoich plik\u00f3w i program\u00f3w&#8230;.<\/p>","protected":false},"featured_media":1859551,"comment_status":"closed","ping_status":"closed","template":"","meta":[],"product_brand":[16772],"product_cat":[247,256,246],"product_tag":[],"class_list":{"0":"post-1859545","1":"product","2":"type-product","3":"status-publish","4":"has-post-thumbnail","6":"product_brand-lexar","7":"product_cat-dyski","8":"product_cat-dyski-ssd","9":"product_cat-podzespoly-komputerowe","11":"first","12":"instock","13":"taxable","14":"shipping-taxable","15":"purchasable","16":"product-type-simple"},"_links":{"self":[{"href":"https:\/\/lemonti.pl\/en\/wp-json\/wp\/v2\/product\/1859545","targetHints":{"allow":["GET"]}}],"collection":[{"href":"https:\/\/lemonti.pl\/en\/wp-json\/wp\/v2\/product"}],"about":[{"href":"https:\/\/lemonti.pl\/en\/wp-json\/wp\/v2\/types\/product"}],"replies":[{"embeddable":true,"href":"https:\/\/lemonti.pl\/en\/wp-json\/wp\/v2\/comments?post=1859545"}],"version-history":[{"count":2,"href":"https:\/\/lemonti.pl\/en\/wp-json\/wp\/v2\/product\/1859545\/revisions"}],"predecessor-version":[{"id":1867550,"href":"https:\/\/lemonti.pl\/en\/wp-json\/wp\/v2\/product\/1859545\/revisions\/1867550"}],"wp:featuredmedia":[{"embeddable":true,"href":"https:\/\/lemonti.pl\/en\/wp-json\/wp\/v2\/media\/1859551"}],"wp:attachment":[{"href":"https:\/\/lemonti.pl\/en\/wp-json\/wp\/v2\/media?parent=1859545"}],"wp:term":[{"taxonomy":"product_brand","embeddable":true,"href":"https:\/\/lemonti.pl\/en\/wp-json\/wp\/v2\/product_brand?post=1859545"},{"taxonomy":"product_cat","embeddable":true,"href":"https:\/\/lemonti.pl\/en\/wp-json\/wp\/v2\/product_cat?post=1859545"},{"taxonomy":"product_tag","embeddable":true,"href":"https:\/\/lemonti.pl\/en\/wp-json\/wp\/v2\/product_tag?post=1859545"}],"curies":[{"name":"wp","href":"https:\/\/api.w.org\/{rel}","templated":true}]}}