{"id":1858935,"date":"2026-02-12T11:21:50","date_gmt":"2026-02-12T10:21:50","guid":{"rendered":"https:\/\/lemonti.pl\/sklep\/bez-kategorii\/powerbank-tracer-blaze-30000mah-65w-bk\/"},"modified":"2026-04-16T13:53:14","modified_gmt":"2026-04-16T11:53:14","slug":"powerbank-tracer-blaze-30000mah-65w-bk","status":"publish","type":"product","link":"https:\/\/lemonti.pl\/en\/sklep\/akcesoria-rozne\/powerbanki\/powerbank-tracer-blaze-30000mah-65w-bk\/","title":{"rendered":"Powerbank Tracer BLAZE 30000mAh 65W BK"},"content":{"rendered":"<div class=\"vgblk-rw-wrapper limit-wrapper\">\n<section class=\"section\">\n<div class=\"item item-12\">\n<section class=\"text-item\">\n<h1>Powerbank Tracer BLAZE 30000mAh 65W czarny<\/h1>\n<\/section><\/div>\n<\/section>\n<section class=\"section\">\n<div class=\"item item-6\">\n<section class=\"image-item\"><img decoding=\"async\" src=\"https:\/\/upload.cdn.baselinker.com\/products\/6010088\/ad42ebf98c4000bf17c0848ce4d4cc97.jpg\" \/><\/section>\n<\/p><\/div>\n<div class=\"item item-6\">\n<section class=\"text-item\">\n<p><b>Specyfikacja techniczna:<\/b><\/p>\n<ul>\n<li><b>Pojemno\u015b\u0107 baterii:<\/b> 30000 mAh<\/li>\n<li><b>Typ akumulatora \/ baterii:<\/b> Polimer<\/li>\n<li><b>Napi\u0119cie baterii (V):<\/b> 20<\/li>\n<li><b>Z\u0142\u0105cza wej\u015bciowe:<\/b> USB Type-C<\/li>\n<li><b>Ilo\u015b\u0107 wyj\u015b\u0107 USB:<\/b> 3<\/li>\n<li><b>Z\u0142\u0105cza wyj\u015bciowe:<\/b> USB<\/li>\n<li><b>Z\u0142\u0105cza wyj\u015bciowe:<\/b> USB Type-C<\/li>\n<li><b>Kolor obudowy:<\/b> Czarny (Black)<\/li>\n<li><b>Informacje dodatkowe:<\/b> Szybkie \u0142adowanie Qulacomm 3.0\/Power Delivery 2.0 65W<\/li>\n<\/ul>\n<\/section><\/div>\n<\/section>\n<section class=\"section\">\n<div class=\"item item-6\">\n<section class=\"image-item\"><img decoding=\"async\" src=\"https:\/\/upload.cdn.baselinker.com\/products\/6010088\/1670172965ccdc00e491f7ce5fa52af6.jpg\" \/><\/section>\n<\/p><\/div>\n<div class=\"item item-6\">\n<section class=\"text-item\">\n<p>Tracer Blaze 30 000 mAh to pot\u0119\u017cny przeno\u015bny akumulator, kt\u00f3ry zapewnia d\u0142ugotrwa\u0142e i szybkie \u0142adowanie Twoich urz\u0105dze\u0144, niezale\u017cnie od tego, gdzie si\u0119 znajdujesz.<\/p>\n<\/section><\/div>\n<\/section>\n<section class=\"section\">\n<div class=\"item item-6\">\n<section class=\"image-item\"><img decoding=\"async\" src=\"https:\/\/upload.cdn.baselinker.com\/products\/6010088\/b4da179d39620c0f431b5fad9c5365ff.jpg\" \/><\/section>\n<\/p><\/div>\n<div class=\"item item-6\">\n<section class=\"text-item\">\n<p>Wyposa\u017cony w technologie Power Delivery i Quick Charge 3.0, Tracer Blaze umo\u017cliwia b\u0142yskawiczne \u0142adowanie kompatybilnych urz\u0105dze\u0144.<\/p>\n<p>Dzi\u0119ki wsparciu dla szybkiego \u0142adowania, Twoje urz\u0105dzenia b\u0119d\u0105 gotowe do u\u017cycia w kr\u00f3tkim czasie, co jest idealne podczas podr\u00f3\u017cy lub intensywnego dnia pracy.<\/p>\n<p>Port wej\u015bciowy typu C umo\u017cliwia wygodne i szybkie \u0142adowanie samego akumulatora.<\/p>\n<p>Dodatkowe wyj\u015bcie USB pozwala na jednoczesne \u0142adowanie kilku urz\u0105dze\u0144, co zwi\u0119ksza jego wszechstronno\u015b\u0107.<\/p>\n<p>Szybkie \u0142adowanie samego akumulatora jest mo\u017cliwe dzi\u0119ki maksymalnemu wej\u015bciu 65W, co skraca czas potrzebny na jego pe\u0142ne na\u0142adowanie.<\/p>\n<p>Tracer Blaze oferuje maksymalne wyj\u015bcie 65W przez Power Delivery i 22,5W przez Quick Charge, zapewniaj\u0105c szybkie i efektywne \u0142adowanie r\u00f3\u017cnych urz\u0105dze\u0144.<\/p>\n<\/section><\/div>\n<\/section>\n<section class=\"section\">\n<div class=\"item item-12\">\n<section class=\"image-item\"><img decoding=\"async\" src=\"https:\/\/upload.cdn.baselinker.com\/products\/6010088\/eff5131b83c6ed9789fd0c5ad5f680ee.jpg\" \/><\/section>\n<\/p><\/div>\n<\/section>\n<\/div>\n<p><!-- .vgblk-rw-wrapper --><\/p>","protected":false},"excerpt":{"rendered":"<p>Powerbank Tracer BLAZE 30000mAh 65W czarny Specyfikacja techniczna: Pojemno\u015b\u0107 baterii: 30000 mAh Typ akumulatora \/ baterii: Polimer Napi\u0119cie baterii (V): 20 Z\u0142\u0105cza wej\u015bciowe: USB Type-C Ilo\u015b\u0107 wyj\u015b\u0107 USB: 3 Z\u0142\u0105cza wyj\u015bciowe: USB Z\u0142\u0105cza wyj\u015bciowe: USB Type-C Kolor obudowy: Czarny (Black) Informacje dodatkowe: Szybkie \u0142adowanie Qulacomm 3.0\/Power Delivery 2.0 65W Tracer Blaze 30 000 mAh to&#8230;<\/p>","protected":false},"featured_media":1858913,"comment_status":"open","ping_status":"closed","template":"","meta":[],"product_brand":[17961],"product_cat":[306,34153],"product_tag":[],"class_list":{"0":"post-1858935","1":"product","2":"type-product","3":"status-publish","4":"has-post-thumbnail","6":"product_brand-tracer","7":"product_cat-akcesoria-rozne","8":"product_cat-powerbanki","10":"first","11":"instock","12":"taxable","13":"shipping-taxable","14":"purchasable","15":"product-type-simple"},"_links":{"self":[{"href":"https:\/\/lemonti.pl\/en\/wp-json\/wp\/v2\/product\/1858935","targetHints":{"allow":["GET"]}}],"collection":[{"href":"https:\/\/lemonti.pl\/en\/wp-json\/wp\/v2\/product"}],"about":[{"href":"https:\/\/lemonti.pl\/en\/wp-json\/wp\/v2\/types\/product"}],"replies":[{"embeddable":true,"href":"https:\/\/lemonti.pl\/en\/wp-json\/wp\/v2\/comments?post=1858935"}],"version-history":[{"count":1,"href":"https:\/\/lemonti.pl\/en\/wp-json\/wp\/v2\/product\/1858935\/revisions"}],"predecessor-version":[{"id":1860333,"href":"https:\/\/lemonti.pl\/en\/wp-json\/wp\/v2\/product\/1858935\/revisions\/1860333"}],"wp:featuredmedia":[{"embeddable":true,"href":"https:\/\/lemonti.pl\/en\/wp-json\/wp\/v2\/media\/1858913"}],"wp:attachment":[{"href":"https:\/\/lemonti.pl\/en\/wp-json\/wp\/v2\/media?parent=1858935"}],"wp:term":[{"taxonomy":"product_brand","embeddable":true,"href":"https:\/\/lemonti.pl\/en\/wp-json\/wp\/v2\/product_brand?post=1858935"},{"taxonomy":"product_cat","embeddable":true,"href":"https:\/\/lemonti.pl\/en\/wp-json\/wp\/v2\/product_cat?post=1858935"},{"taxonomy":"product_tag","embeddable":true,"href":"https:\/\/lemonti.pl\/en\/wp-json\/wp\/v2\/product_tag?post=1858935"}],"curies":[{"name":"wp","href":"https:\/\/api.w.org\/{rel}","templated":true}]}}