{"id":1858427,"date":"2026-02-12T11:17:07","date_gmt":"2026-02-12T10:17:07","guid":{"rendered":"https:\/\/lemonti.pl\/sklep\/bez-kategorii\/pendrive-kingston-datatraveler-kyson-128gb-usb-3-2-gen-1\/"},"modified":"2026-04-15T00:08:36","modified_gmt":"2026-04-14T22:08:36","slug":"pendrive-kingston-datatraveler-kyson-128gb-usb-3-2-gen-1","status":"publish","type":"product","link":"https:\/\/lemonti.pl\/en\/sklep\/akcesoria-rozne\/pamieci-flash\/pendrive-kingston-datatraveler-kyson-128gb-usb-3-2-gen-1\/","title":{"rendered":"Pendrive Kingston DataTraveler Kyson 128GB USB 3.2 Gen 1"},"content":{"rendered":"<div class=\"vgblk-rw-wrapper limit-wrapper\">\n<section class=\"section\">\n<div class=\"item item-12\">\n<section class=\"text-item\">\n<h2>Pendrive Kingston DataTraveler Kyson 128GB USB 3.2 Gen 1<\/h2>\n<\/section><\/div>\n<\/section>\n<section class=\"section\">\n<div class=\"item item-6\">\n<section class=\"text-item\">\n<h2>DataTraveler Kyson<\/h2>\n<p>to wysokowydajna pami\u0119\u0107 flash USB typu A firmy Kingston, charakteryzuj\u0105ca si\u0119 wyj\u0105tkow\u0105 szybko\u015bci\u0105 przesy\u0142ania danych (odczyt do 200 MB\/s, zapis do 60 MB\/s), kt\u00f3ra umo\u017cliwia b\u0142yskawiczne i wygodne przesy\u0142anie plik\u00f3w.<\/p>\n<\/section><\/div>\n<div class=\"item item-6\">\n<section class=\"image-item\"><img decoding=\"async\" src=\"https:\/\/upload.cdn.baselinker.com\/products\/6010088\/d730b030aa9918a6ef9a0d939cefa971.jpg\" \/><\/section>\n<\/p><\/div>\n<\/section>\n<section class=\"section\">\n<div class=\"item item-6\">\n<section class=\"text-item\">\n<h2>Pojemno\u015b\u0107 do 128 GB<\/h2>\n<p>pozwala na swobodne przechowywanie i udost\u0119pnianie zdj\u0119\u0107, film\u00f3w, muzyki i innych tre\u015bci. Metalowa konstrukcja bez zatyczki pozwala unikn\u0105\u0107 jej zgubienia, a funkcjonalny zaczep u\u0142atwia zabranie jej ze sob\u0105.<\/p>\n<\/section><\/div>\n<div class=\"item item-6\">\n<section class=\"image-item\"><img decoding=\"async\" src=\"https:\/\/upload.cdn.baselinker.com\/products\/6010088\/970a340bbd53d519c19200c03eba5aac.jpg\" \/><\/section>\n<\/p><\/div>\n<\/section>\n<section class=\"section\">\n<div class=\"item item-6\">\n<section class=\"image-item\"><img decoding=\"async\" src=\"https:\/\/upload.cdn.baselinker.com\/products\/6010088\/970a340bbd53d519c19200c03eba5aac.jpg\" \/><\/section>\n<\/p><\/div>\n<div class=\"item item-6\">\n<section class=\"image-item\"><img decoding=\"async\" src=\"https:\/\/upload.cdn.baselinker.com\/products\/6010088\/e10951b8a37e6a103c6bb5b485f8f39a.jpg\" \/><\/section>\n<\/p><\/div>\n<\/section>\n<section class=\"section\">\n<div class=\"item item-12\">\n<section class=\"image-item\"><img decoding=\"async\" src=\"https:\/\/upload.cdn.baselinker.com\/products\/6010088\/d730b030aa9918a6ef9a0d939cefa971.jpg\" \/><\/section>\n<\/p><\/div>\n<\/section>\n<\/div>\n<p><!-- .vgblk-rw-wrapper --><\/p>","protected":false},"excerpt":{"rendered":"<p>Pendrive Kingston DataTraveler Kyson 128GB USB 3.2 Gen 1 DataTraveler Kyson to wysokowydajna pami\u0119\u0107 flash USB typu A firmy Kingston, charakteryzuj\u0105ca si\u0119 wyj\u0105tkow\u0105 szybko\u015bci\u0105 przesy\u0142ania danych (odczyt do 200 MB\/s, zapis do 60 MB\/s), kt\u00f3ra umo\u017cliwia b\u0142yskawiczne i wygodne przesy\u0142anie plik\u00f3w. Pojemno\u015b\u0107 do 128 GB pozwala na swobodne przechowywanie i udost\u0119pnianie zdj\u0119\u0107, film\u00f3w, muzyki i&#8230;<\/p>","protected":false},"featured_media":1858416,"comment_status":"open","ping_status":"closed","template":"","meta":[],"product_brand":[16652],"product_cat":[306,307],"product_tag":[],"class_list":{"0":"post-1858427","1":"product","2":"type-product","3":"status-publish","4":"has-post-thumbnail","6":"product_brand-kingston","7":"product_cat-akcesoria-rozne","8":"product_cat-pamieci-flash","10":"first","11":"instock","12":"taxable","13":"shipping-taxable","14":"purchasable","15":"product-type-simple"},"_links":{"self":[{"href":"https:\/\/lemonti.pl\/en\/wp-json\/wp\/v2\/product\/1858427","targetHints":{"allow":["GET"]}}],"collection":[{"href":"https:\/\/lemonti.pl\/en\/wp-json\/wp\/v2\/product"}],"about":[{"href":"https:\/\/lemonti.pl\/en\/wp-json\/wp\/v2\/types\/product"}],"replies":[{"embeddable":true,"href":"https:\/\/lemonti.pl\/en\/wp-json\/wp\/v2\/comments?post=1858427"}],"version-history":[{"count":1,"href":"https:\/\/lemonti.pl\/en\/wp-json\/wp\/v2\/product\/1858427\/revisions"}],"predecessor-version":[{"id":1859818,"href":"https:\/\/lemonti.pl\/en\/wp-json\/wp\/v2\/product\/1858427\/revisions\/1859818"}],"wp:featuredmedia":[{"embeddable":true,"href":"https:\/\/lemonti.pl\/en\/wp-json\/wp\/v2\/media\/1858416"}],"wp:attachment":[{"href":"https:\/\/lemonti.pl\/en\/wp-json\/wp\/v2\/media?parent=1858427"}],"wp:term":[{"taxonomy":"product_brand","embeddable":true,"href":"https:\/\/lemonti.pl\/en\/wp-json\/wp\/v2\/product_brand?post=1858427"},{"taxonomy":"product_cat","embeddable":true,"href":"https:\/\/lemonti.pl\/en\/wp-json\/wp\/v2\/product_cat?post=1858427"},{"taxonomy":"product_tag","embeddable":true,"href":"https:\/\/lemonti.pl\/en\/wp-json\/wp\/v2\/product_tag?post=1858427"}],"curies":[{"name":"wp","href":"https:\/\/api.w.org\/{rel}","templated":true}]}}