{"id":1858390,"date":"2026-02-12T11:16:42","date_gmt":"2026-02-12T10:16:42","guid":{"rendered":"https:\/\/lemonti.pl\/sklep\/bez-kategorii\/powerbank-tracer-energo-10000mah-white-black\/"},"modified":"2026-03-31T16:04:07","modified_gmt":"2026-03-31T14:04:07","slug":"powerbank-tracer-energo-10000mah-white-black","status":"publish","type":"product","link":"https:\/\/lemonti.pl\/en\/sklep\/akcesoria-rozne\/powerbanki\/powerbank-tracer-energo-10000mah-white-black\/","title":{"rendered":"Powerbank Tracer EnerGo 10000mAh white\/black"},"content":{"rendered":"<div class=\"vgblk-rw-wrapper limit-wrapper\">\n<section class=\"section\">\n<div class=\"item item-12\">\n<section class=\"text-item\">\n<h1>Powerbank Tracer EnerGo 10000mAh white\/black<\/h1>\n<\/section><\/div>\n<\/section>\n<section class=\"section\">\n<div class=\"item item-6\">\n<section class=\"image-item\"><img decoding=\"async\" src=\"https:\/\/upload.cdn.baselinker.com\/products\/6010088\/a3c99253944669a7ade18591b795fa7b.jpg\" \/><\/section>\n<\/p><\/div>\n<div class=\"item item-6\">\n<section class=\"text-item\">\n<h2>Specyfikacja:<\/h2>\n<ul>\n<li><b>Pojemno\u015b\u0107 baterii:<\/b> 10000 mAh<\/li>\n<li><b>Typ akumulatora \/ baterii:<\/b> Polimer<\/li>\n<li><b>Napi\u0119cie baterii (V):<\/b> 5,0<\/li>\n<li><b>Z\u0142\u0105cza wej\u015bciowe:<\/b> USB Type-C<\/li>\n<li><b>Ilo\u015b\u0107 wyj\u015b\u0107 USB:<\/b> 3<\/li>\n<li><b>Z\u0142\u0105cza wyj\u015bciowe:<\/b> USB Type-A x 2,&nbsp;USB Type-C<\/li>\n<li><b>Kolor obudowy:<\/b> Bia\u0142y (White)<\/li>\n<li><b>Zawiera bateri\u0119 \/ akumulator:<\/b> Tak<\/li>\n<li><b>Waga: <\/b>220g<\/li>\n<li><b>Symbol producenta:<\/b> TRABAT47515<\/li>\n<li><b>Kod EAN:<\/b> 5907512874790<\/li>\n<\/ul>\n<\/section><\/div>\n<\/section>\n<section class=\"section\">\n<div class=\"item item-6\">\n<section class=\"image-item\"><img decoding=\"async\" src=\"https:\/\/upload.cdn.baselinker.com\/products\/6010088\/51fba6f32539c383a994d1f93e0d0f37.jpg\" \/><\/section>\n<\/p><\/div>\n<div class=\"item item-6\">\n<section class=\"image-item\"><img decoding=\"async\" src=\"https:\/\/upload.cdn.baselinker.com\/products\/6010088\/5fe3eb66763df0706554085171a938d1.jpg\" \/><\/section>\n<\/p><\/div>\n<\/section>\n<section class=\"section\">\n<div class=\"item item-6\">\n<section class=\"image-item\"><img decoding=\"async\" src=\"https:\/\/upload.cdn.baselinker.com\/products\/6010088\/9c4d7b98ca3103cfbb04b443c0cb1b8a.jpg\" \/><\/section>\n<\/p><\/div>\n<div class=\"item item-6\">\n<section class=\"image-item\"><img decoding=\"async\" src=\"https:\/\/upload.cdn.baselinker.com\/products\/6010088\/2d6e57cb11e2dfa440201ac19635c585.jpg\" \/><\/section>\n<\/p><\/div>\n<\/section>\n<\/div>\n<p><!-- .vgblk-rw-wrapper --><\/p>","protected":false},"excerpt":{"rendered":"<p>Powerbank Tracer EnerGo 10000mAh white\/black Specyfikacja: Pojemno\u015b\u0107 baterii: 10000 mAh Typ akumulatora \/ baterii: Polimer Napi\u0119cie baterii (V): 5,0 Z\u0142\u0105cza wej\u015bciowe: USB Type-C Ilo\u015b\u0107 wyj\u015b\u0107 USB: 3 Z\u0142\u0105cza wyj\u015bciowe: USB Type-A x 2,&nbsp;USB Type-C Kolor obudowy: Bia\u0142y (White) Zawiera bateri\u0119 \/ akumulator: Tak Waga: 220g Symbol producenta: TRABAT47515 Kod EAN: 5907512874790<\/p>","protected":false},"featured_media":1858363,"comment_status":"open","ping_status":"closed","template":"","meta":[],"product_brand":[17961],"product_cat":[306,34153],"product_tag":[],"class_list":{"0":"post-1858390","1":"product","2":"type-product","3":"status-publish","4":"has-post-thumbnail","6":"product_brand-tracer","7":"product_cat-akcesoria-rozne","8":"product_cat-powerbanki","10":"first","11":"instock","12":"taxable","13":"shipping-taxable","14":"purchasable","15":"product-type-simple"},"_links":{"self":[{"href":"https:\/\/lemonti.pl\/en\/wp-json\/wp\/v2\/product\/1858390","targetHints":{"allow":["GET"]}}],"collection":[{"href":"https:\/\/lemonti.pl\/en\/wp-json\/wp\/v2\/product"}],"about":[{"href":"https:\/\/lemonti.pl\/en\/wp-json\/wp\/v2\/types\/product"}],"replies":[{"embeddable":true,"href":"https:\/\/lemonti.pl\/en\/wp-json\/wp\/v2\/comments?post=1858390"}],"version-history":[{"count":1,"href":"https:\/\/lemonti.pl\/en\/wp-json\/wp\/v2\/product\/1858390\/revisions"}],"predecessor-version":[{"id":1860233,"href":"https:\/\/lemonti.pl\/en\/wp-json\/wp\/v2\/product\/1858390\/revisions\/1860233"}],"wp:featuredmedia":[{"embeddable":true,"href":"https:\/\/lemonti.pl\/en\/wp-json\/wp\/v2\/media\/1858363"}],"wp:attachment":[{"href":"https:\/\/lemonti.pl\/en\/wp-json\/wp\/v2\/media?parent=1858390"}],"wp:term":[{"taxonomy":"product_brand","embeddable":true,"href":"https:\/\/lemonti.pl\/en\/wp-json\/wp\/v2\/product_brand?post=1858390"},{"taxonomy":"product_cat","embeddable":true,"href":"https:\/\/lemonti.pl\/en\/wp-json\/wp\/v2\/product_cat?post=1858390"},{"taxonomy":"product_tag","embeddable":true,"href":"https:\/\/lemonti.pl\/en\/wp-json\/wp\/v2\/product_tag?post=1858390"}],"curies":[{"name":"wp","href":"https:\/\/api.w.org\/{rel}","templated":true}]}}