{"id":1858309,"date":"2026-02-12T11:15:53","date_gmt":"2026-02-12T10:15:53","guid":{"rendered":"https:\/\/lemonti.pl\/sklep\/bez-kategorii\/powerbank-indukcyjny-xiaomi-magnetic-power-bank-6000mah-usb-c\/"},"modified":"2026-03-24T14:54:13","modified_gmt":"2026-03-24T13:54:13","slug":"powerbank-indukcyjny-xiaomi-magnetic-power-bank-6000mah-usb-c","status":"publish","type":"product","link":"https:\/\/lemonti.pl\/en\/sklep\/akcesoria-rozne\/powerbanki\/powerbank-indukcyjny-xiaomi-magnetic-power-bank-6000mah-usb-c\/","title":{"rendered":"Powerbank indukcyjny Xiaomi Magnetic Power Bank 6000mAh USB-C"},"content":{"rendered":"<div class=\"vgblk-rw-wrapper limit-wrapper\">\n<section class=\"section\">\n<div class=\"item item-12\">\n<section class=\"text-item\">\n<h2>Powerbank indukcyjny Xiaomi Magnetic Power Bank 6000mAh USB-C<\/h2>\n<\/section><\/div>\n<\/section>\n<section class=\"section\">\n<div class=\"item item-6\">\n<section class=\"image-item\"><img decoding=\"async\" src=\"https:\/\/upload.cdn.baselinker.com\/products\/6010088\/102ecc19f9005f6982f130a1a711092b.jpg\" \/><\/section>\n<\/p><\/div>\n<div class=\"item item-6\">\n<section class=\"text-item\">\n<h2>Specyfikacja:<\/h2>\n<ul>\n<li><b>Pojemno\u015b\u0107 baterii:<\/b> 6000 mAh<\/li>\n<li><b>Typ akumulatora \/ baterii:<\/b> Li-Ion<\/li>\n<li><b>Napi\u0119cie baterii (V):<\/b> 5,0<\/li>\n<li><b>Nat\u0119\u017cenie wyj\u015bciowe (maks) [A]:<\/b> 2,4<\/li>\n<li><b>Z\u0142\u0105cza wej\u015bciowe:<\/b> USB Type-C<\/li>\n<li><b>Konfiguracje pr\u0105du wej\u015bciowego:<\/b> USB-C: 5 V\/3 A 9 V\/2,22 A<\/li>\n<li><b>Ilo\u015b\u0107 wyj\u015b\u0107 USB:<\/b> 1<\/li>\n<li><b>Z\u0142\u0105cza wyj\u015bciowe:<\/b> USB Type-C<\/li>\n<li><b>Konfiguracje pr\u0105du wyj\u015bciowego:<\/b>\u00a0<\/li>\n<li>Wyj\u015bcie bezprzewodowe: 15W mak.s<\/li>\n<li>Wyj\u015bcie USB-C: 5 V\/2,4 A 9 V\/2 A maks.<\/li>\n<li><b>Wymiary [G x S x W] (mm):<\/b> 104,8 x 68 x 15,1<\/li>\n<li><b>Wyposa\u017cenie dodatkowe:<\/b> Kabel USB,\u00a0Instrukcja obs\u0142ugi<\/li>\n<li><b>Zawiera bateri\u0119 \/ akumulator:<\/b> Tak<\/li>\n<li><b>Informacje dodatkowe:<\/b>\u00a0<\/li>\n<li>\u0141adowanie i uchwyt w jednym, idealne rozwi\u0105zanie dla mobilnych u\u017cytkownik\u00f3w<\/li>\n<li>Certyfikowane \u0142adowanie Qi 2.0 z moc\u0105 15 W<\/li>\n<li>Zaledwie 10 minut \u0142adowania wystarcza na godzin\u0119 korzystania<\/li>\n<li>Powerbank pozwala na jednoczesne \u0142adowanie siebie i pod\u0142\u0105czonego urz\u0105dzenia<\/li>\n<li>Wyko\u0144czenie ze sk\u00f3ry technologicznej<\/li>\n<li>Pojemno\u015b\u0107 znamionowa: 3600mAh (5V\/2,4A)<\/li>\n<li>Moc znamionowa: 23,22 Wh 3,87 V 6000 mAh<\/li>\n<li><b>Gwarancja producenta [mies.]:<\/b> 24<\/li>\n<li><b>Symbol producenta:<\/b> 58479<\/li>\n<li><b>Kod EAN: <\/b>6941812797495<\/li>\n<\/ul>\n<\/section><\/div>\n<\/section>\n<section class=\"section\">\n<div class=\"item item-6\">\n<section class=\"image-item\"><img decoding=\"async\" src=\"https:\/\/upload.cdn.baselinker.com\/products\/6010088\/9c899fce4b8c09cc784d88d8d06c296c.jpg\" \/><\/section>\n<\/p><\/div>\n<div class=\"item item-6\">\n<section class=\"image-item\"><img decoding=\"async\" src=\"https:\/\/upload.cdn.baselinker.com\/products\/6010088\/61f7173b3c7281023c2f63e7341fa28d.jpg\" \/><\/section>\n<\/p><\/div>\n<\/section>\n<section class=\"section\">\n<div class=\"item item-6\">\n<section class=\"image-item\"><img decoding=\"async\" src=\"https:\/\/upload.cdn.baselinker.com\/products\/6010088\/c33ce5a1035c42c02dc80fad2531d2fb.jpg\" \/><\/section>\n<\/p><\/div>\n<div class=\"item item-6\">\n<section class=\"image-item\"><img decoding=\"async\" src=\"https:\/\/upload.cdn.baselinker.com\/products\/6010088\/f1a34b90552d072907527063480e11bd.jpg\" \/><\/section>\n<\/p><\/div>\n<\/section>\n<\/div>\n<p><!-- .vgblk-rw-wrapper --><\/p>\n","protected":false},"excerpt":{"rendered":"<p>Powerbank indukcyjny Xiaomi Magnetic Power Bank 6000mAh USB-C Specyfikacja: Pojemno\u015b\u0107 baterii: 6000 mAh Typ akumulatora \/ baterii: Li-Ion Napi\u0119cie baterii (V): 5,0 Nat\u0119\u017cenie wyj\u015bciowe (maks) [A]: 2,4 Z\u0142\u0105cza wej\u015bciowe: USB Type-C Konfiguracje pr\u0105du wej\u015bciowego: USB-C: 5 V\/3 A 9 V\/2,22 A Ilo\u015b\u0107 wyj\u015b\u0107 USB: 1 Z\u0142\u0105cza wyj\u015bciowe: USB Type-C Konfiguracje pr\u0105du wyj\u015bciowego:\u00a0 Wyj\u015bcie bezprzewodowe: 15W&#8230;<\/p>\n","protected":false},"featured_media":1858298,"comment_status":"open","ping_status":"closed","template":"","meta":[],"product_brand":[36163],"product_cat":[306,34153],"product_tag":[],"class_list":{"0":"post-1858309","1":"product","2":"type-product","3":"status-publish","4":"has-post-thumbnail","6":"product_brand-xiaomi","7":"product_cat-akcesoria-rozne","8":"product_cat-powerbanki","10":"first","11":"outofstock","12":"taxable","13":"shipping-taxable","14":"purchasable","15":"product-type-simple"},"_links":{"self":[{"href":"https:\/\/lemonti.pl\/en\/wp-json\/wp\/v2\/product\/1858309","targetHints":{"allow":["GET"]}}],"collection":[{"href":"https:\/\/lemonti.pl\/en\/wp-json\/wp\/v2\/product"}],"about":[{"href":"https:\/\/lemonti.pl\/en\/wp-json\/wp\/v2\/types\/product"}],"replies":[{"embeddable":true,"href":"https:\/\/lemonti.pl\/en\/wp-json\/wp\/v2\/comments?post=1858309"}],"version-history":[{"count":0,"href":"https:\/\/lemonti.pl\/en\/wp-json\/wp\/v2\/product\/1858309\/revisions"}],"wp:featuredmedia":[{"embeddable":true,"href":"https:\/\/lemonti.pl\/en\/wp-json\/wp\/v2\/media\/1858298"}],"wp:attachment":[{"href":"https:\/\/lemonti.pl\/en\/wp-json\/wp\/v2\/media?parent=1858309"}],"wp:term":[{"taxonomy":"product_brand","embeddable":true,"href":"https:\/\/lemonti.pl\/en\/wp-json\/wp\/v2\/product_brand?post=1858309"},{"taxonomy":"product_cat","embeddable":true,"href":"https:\/\/lemonti.pl\/en\/wp-json\/wp\/v2\/product_cat?post=1858309"},{"taxonomy":"product_tag","embeddable":true,"href":"https:\/\/lemonti.pl\/en\/wp-json\/wp\/v2\/product_tag?post=1858309"}],"curies":[{"name":"wp","href":"https:\/\/api.w.org\/{rel}","templated":true}]}}