{"id":1858028,"date":"2026-02-12T11:11:59","date_gmt":"2026-02-12T10:11:59","guid":{"rendered":"https:\/\/lemonti.pl\/sklep\/bez-kategorii\/pendrive-silicon-power-ultima-u02-8gb-2-0-plastic-black\/"},"modified":"2026-03-03T15:35:13","modified_gmt":"2026-03-03T14:35:13","slug":"pendrive-silicon-power-ultima-u02-8gb-2-0-plastic-black","status":"publish","type":"product","link":"https:\/\/lemonti.pl\/en\/sklep\/akcesoria-rozne\/pamieci-flash\/pendrive-silicon-power-ultima-u02-8gb-2-0-plastic-black\/","title":{"rendered":"Pendrive Silicon Power ULTIMA U02 8GB 2.0 plastic Black"},"content":{"rendered":"<div class=\"vgblk-rw-wrapper limit-wrapper\">\n<section class=\"section\">\n<div class=\"item item-12\">\n<section class=\"text-item\">\n<h1>Pendrive Silicon Power Ultima U02 8 GB USB 2.0 czarny<\/h1>\n<p><b>Producent: SILICON POWER<\/b><\/p>\n<\/section><\/div>\n<\/section>\n<section class=\"section\">\n<div class=\"item item-6\">\n<section class=\"image-item\"><img decoding=\"async\" src=\"https:\/\/upload.cdn.baselinker.com\/products\/6010088\/ac448641ba629b07fbfbb782000cbdfd.jpg\" \/><\/section>\n<\/p><\/div>\n<div class=\"item item-6\">\n<section class=\"text-item\">\n<h2>Specyfikacja:<\/h2>\n<ul>\n<li><b>Rodzaj pami\u0119ci:<\/b> Pendrive<\/li>\n<li><b>Pojemno\u015b\u0107 pami\u0119ci:<\/b> 8 GB<\/li>\n<li><b>Standard pami\u0119ci:<\/b> Flash<\/li>\n<li><b>Cz\u0119stotliwo\u015b\u0107 szyny pami\u0119ci:<\/b> nie dotyczy<\/li>\n<li><b>Typ pami\u0119ci:<\/b> n\/d<\/li>\n<li><b>Z\u0142\u0105cze pami\u0119ci:<\/b> USB 2.0<\/li>\n<li><b>Kolor:<\/b> Czarny<\/li>\n<li><b>Cechy:<\/b> 8GB;USB 2.0<\/li>\n<li><b>Informacje dodatkowe:<\/b><\/li>\n<li>&#8211; Waga 8g<\/li>\n<li>Wymiary 60.6 x 18.0 x 8.1 mm<\/li>\n<li>Obs\u0142ugiwane systemy: Windows 10\/8.1\/8\/7\/Vista\/XP<\/li>\n<li>Mac OS 10.3.x or later, Linux 2.6.x or later<\/li>\n<\/ul>\n<\/section><\/div>\n<\/section>\n<section class=\"section\">\n<div class=\"item item-6\">\n<section class=\"image-item\"><img decoding=\"async\" src=\"https:\/\/upload.cdn.baselinker.com\/products\/6010088\/c96f069268b00f8a38bac435fe105e96.jpg\" \/><\/section>\n<\/p><\/div>\n<div class=\"item item-6\">\n<section class=\"image-item\"><img decoding=\"async\" src=\"https:\/\/upload.cdn.baselinker.com\/products\/6010088\/85bbde86a81ab466d5910dabe2297d55.jpg\" \/><\/section>\n<\/p><\/div>\n<\/section>\n<section class=\"section\">\n<div class=\"item item-6\">\n<section class=\"image-item\"><img decoding=\"async\" src=\"https:\/\/upload.cdn.baselinker.com\/products\/6010088\/11421b109489bafb06ece9c2d871d127.jpg\" \/><\/section>\n<\/p><\/div>\n<div class=\"item item-6\">\n<section class=\"image-item\"><img decoding=\"async\" src=\"https:\/\/upload.cdn.baselinker.com\/products\/6010088\/c96f069268b00f8a38bac435fe105e96.jpg\" \/><\/section>\n<\/p><\/div>\n<\/section>\n<\/div>\n<p><!-- .vgblk-rw-wrapper --><\/p>","protected":false},"excerpt":{"rendered":"<p>Pendrive Silicon Power Ultima U02 8 GB USB 2.0 czarny Producent: SILICON POWER Specyfikacja: Rodzaj pami\u0119ci: Pendrive Pojemno\u015b\u0107 pami\u0119ci: 8 GB Standard pami\u0119ci: Flash Cz\u0119stotliwo\u015b\u0107 szyny pami\u0119ci: nie dotyczy Typ pami\u0119ci: n\/d Z\u0142\u0105cze pami\u0119ci: USB 2.0 Kolor: Czarny Cechy: 8GB;USB 2.0 Informacje dodatkowe: &#8211; Waga 8g Wymiary 60.6 x 18.0 x 8.1 mm Obs\u0142ugiwane systemy:&#8230;<\/p>","protected":false},"featured_media":1858018,"comment_status":"open","ping_status":"closed","template":"","meta":[],"product_brand":[16648],"product_cat":[306,307],"product_tag":[],"class_list":{"0":"post-1858028","1":"product","2":"type-product","3":"status-publish","4":"has-post-thumbnail","6":"product_brand-silicon-power","7":"product_cat-akcesoria-rozne","8":"product_cat-pamieci-flash","10":"first","11":"instock","12":"taxable","13":"shipping-taxable","14":"purchasable","15":"product-type-simple"},"_links":{"self":[{"href":"https:\/\/lemonti.pl\/en\/wp-json\/wp\/v2\/product\/1858028","targetHints":{"allow":["GET"]}}],"collection":[{"href":"https:\/\/lemonti.pl\/en\/wp-json\/wp\/v2\/product"}],"about":[{"href":"https:\/\/lemonti.pl\/en\/wp-json\/wp\/v2\/types\/product"}],"replies":[{"embeddable":true,"href":"https:\/\/lemonti.pl\/en\/wp-json\/wp\/v2\/comments?post=1858028"}],"version-history":[{"count":1,"href":"https:\/\/lemonti.pl\/en\/wp-json\/wp\/v2\/product\/1858028\/revisions"}],"predecessor-version":[{"id":1859797,"href":"https:\/\/lemonti.pl\/en\/wp-json\/wp\/v2\/product\/1858028\/revisions\/1859797"}],"wp:featuredmedia":[{"embeddable":true,"href":"https:\/\/lemonti.pl\/en\/wp-json\/wp\/v2\/media\/1858018"}],"wp:attachment":[{"href":"https:\/\/lemonti.pl\/en\/wp-json\/wp\/v2\/media?parent=1858028"}],"wp:term":[{"taxonomy":"product_brand","embeddable":true,"href":"https:\/\/lemonti.pl\/en\/wp-json\/wp\/v2\/product_brand?post=1858028"},{"taxonomy":"product_cat","embeddable":true,"href":"https:\/\/lemonti.pl\/en\/wp-json\/wp\/v2\/product_cat?post=1858028"},{"taxonomy":"product_tag","embeddable":true,"href":"https:\/\/lemonti.pl\/en\/wp-json\/wp\/v2\/product_tag?post=1858028"}],"curies":[{"name":"wp","href":"https:\/\/api.w.org\/{rel}","templated":true}]}}