{"id":1858009,"date":"2026-02-12T11:11:48","date_gmt":"2026-02-12T10:11:48","guid":{"rendered":"https:\/\/lemonti.pl\/sklep\/bez-kategorii\/pendrive-silicon-power-blaze-b02-16gb-usb-3-1-black\/"},"modified":"2026-04-18T04:28:35","modified_gmt":"2026-04-18T02:28:35","slug":"pendrive-silicon-power-blaze-b02-16gb-usb-3-1-black","status":"publish","type":"product","link":"https:\/\/lemonti.pl\/en\/sklep\/akcesoria-rozne\/pamieci-flash\/pendrive-silicon-power-blaze-b02-16gb-usb-3-1-black\/","title":{"rendered":"Pendrive Silicon Power Blaze B02 16GB USB 3.1 Black"},"content":{"rendered":"<div class=\"vgblk-rw-wrapper limit-wrapper\">\n<section class=\"section\">\n<div class=\"item item-12\">\n<section class=\"text-item\">\n<h1>Pendrive Silicon Power Blaze B02 16GB USB 3.1 czarny<\/h1>\n<\/section><\/div>\n<\/section>\n<section class=\"section\">\n<div class=\"item item-6\">\n<section class=\"text-item\">\n<ul>\n<li><b>Pojemno\u015b\u0107 pami\u0119ci:<\/b> 16 GB<\/li>\n<li><b>Interfejs:<\/b> USB 3.1\/USB 3.1 gen 2\/USB 3.2 gen 2<\/li>\n<li><b>Kolor:<\/b> Czarny<\/li>\n<li><b>Wymiary:<\/b> 60.6 x 18.0 x 8.1 mm<\/li>\n<li><b>Waga:<\/b> 8 g<\/li>\n<li><b>Obs\u0142ugiwane systemy operacyjne:<\/b> Linux,Mac OS,Windows XP,Windows Vista,Windows 7,Windows 8,Windows 8.1,Windows 10<\/li>\n<\/ul>\n<\/section><\/div>\n<div class=\"item item-6\">\n<section class=\"image-item\"><img decoding=\"async\" src=\"https:\/\/upload.cdn.baselinker.com\/products\/6010088\/9f38e36b0cb616fd7412e8a094a8f1e2.jpg\" \/><\/section>\n<\/p><\/div>\n<\/section>\n<section class=\"section\">\n<div class=\"item item-6\">\n<section class=\"image-item\"><img decoding=\"async\" src=\"https:\/\/upload.cdn.baselinker.com\/products\/6010088\/a949fd639c9ee71b32d1b4c75e2b0ee6.jpg\" \/><\/section>\n<\/p><\/div>\n<div class=\"item item-6\">\n<section class=\"image-item\"><img decoding=\"async\" src=\"https:\/\/upload.cdn.baselinker.com\/products\/6010088\/1e50ec0ead300bdd68d76b8771b46b39.jpg\" \/><\/section>\n<\/p><\/div>\n<\/section>\n<section class=\"section\">\n<div class=\"item item-6\">\n<section class=\"image-item\"><img decoding=\"async\" src=\"https:\/\/upload.cdn.baselinker.com\/products\/6010088\/b0d2b0b610edd7cca27d0788b3d4a2ca.jpg\" \/><\/section>\n<\/p><\/div>\n<div class=\"item item-6\">\n<section class=\"image-item\"><img decoding=\"async\" src=\"https:\/\/upload.cdn.baselinker.com\/products\/6010088\/3bb701962464453fb5e2ab12eee18a4a.jpg\" \/><\/section>\n<\/p><\/div>\n<\/section>\n<\/div>\n<p><!-- .vgblk-rw-wrapper --><\/p>","protected":false},"excerpt":{"rendered":"<p>Pendrive Silicon Power Blaze B02 16GB USB 3.1 czarny Pojemno\u015b\u0107 pami\u0119ci: 16 GB Interfejs: USB 3.1\/USB 3.1 gen 2\/USB 3.2 gen 2 Kolor: Czarny Wymiary: 60.6 x 18.0 x 8.1 mm Waga: 8 g Obs\u0142ugiwane systemy operacyjne: Linux,Mac OS,Windows XP,Windows Vista,Windows 7,Windows 8,Windows 8.1,Windows 10<\/p>","protected":false},"featured_media":1857974,"comment_status":"open","ping_status":"closed","template":"","meta":[],"product_brand":[16648],"product_cat":[306,307],"product_tag":[],"class_list":{"0":"post-1858009","1":"product","2":"type-product","3":"status-publish","4":"has-post-thumbnail","6":"product_brand-silicon-power","7":"product_cat-akcesoria-rozne","8":"product_cat-pamieci-flash","10":"first","11":"instock","12":"taxable","13":"shipping-taxable","14":"purchasable","15":"product-type-simple"},"_links":{"self":[{"href":"https:\/\/lemonti.pl\/en\/wp-json\/wp\/v2\/product\/1858009","targetHints":{"allow":["GET"]}}],"collection":[{"href":"https:\/\/lemonti.pl\/en\/wp-json\/wp\/v2\/product"}],"about":[{"href":"https:\/\/lemonti.pl\/en\/wp-json\/wp\/v2\/types\/product"}],"replies":[{"embeddable":true,"href":"https:\/\/lemonti.pl\/en\/wp-json\/wp\/v2\/comments?post=1858009"}],"version-history":[{"count":1,"href":"https:\/\/lemonti.pl\/en\/wp-json\/wp\/v2\/product\/1858009\/revisions"}],"predecessor-version":[{"id":1859796,"href":"https:\/\/lemonti.pl\/en\/wp-json\/wp\/v2\/product\/1858009\/revisions\/1859796"}],"wp:featuredmedia":[{"embeddable":true,"href":"https:\/\/lemonti.pl\/en\/wp-json\/wp\/v2\/media\/1857974"}],"wp:attachment":[{"href":"https:\/\/lemonti.pl\/en\/wp-json\/wp\/v2\/media?parent=1858009"}],"wp:term":[{"taxonomy":"product_brand","embeddable":true,"href":"https:\/\/lemonti.pl\/en\/wp-json\/wp\/v2\/product_brand?post=1858009"},{"taxonomy":"product_cat","embeddable":true,"href":"https:\/\/lemonti.pl\/en\/wp-json\/wp\/v2\/product_cat?post=1858009"},{"taxonomy":"product_tag","embeddable":true,"href":"https:\/\/lemonti.pl\/en\/wp-json\/wp\/v2\/product_tag?post=1858009"}],"curies":[{"name":"wp","href":"https:\/\/api.w.org\/{rel}","templated":true}]}}