{"id":1857963,"date":"2026-02-12T11:11:26","date_gmt":"2026-02-12T10:11:26","guid":{"rendered":"https:\/\/lemonti.pl\/sklep\/bez-kategorii\/pendrive-silicon-power-ultima-u02-32gb-2-0-plastic-black\/"},"modified":"2026-04-02T00:58:23","modified_gmt":"2026-04-01T22:58:23","slug":"pendrive-silicon-power-ultima-u02-32gb-2-0-plastic-black","status":"publish","type":"product","link":"https:\/\/lemonti.pl\/en\/sklep\/akcesoria-rozne\/pamieci-flash\/pendrive-silicon-power-ultima-u02-32gb-2-0-plastic-black\/","title":{"rendered":"Pendrive Silicon Power ULTIMA U02 32GB 2.0 plastic Black"},"content":{"rendered":"<div class=\"vgblk-rw-wrapper limit-wrapper\">\n<section class=\"section\">\n<div class=\"item item-12\">\n<section class=\"text-item\">\n<h1>Pendrive Silicon Power ULTIMA U02 32GB 2.0 plastic Black<\/h1>\n<p><b>Producent:<\/b> <b>SILICON POWER<\/b><\/p>\n<\/section><\/div>\n<\/section>\n<section class=\"section\">\n<div class=\"item item-6\">\n<section class=\"text-item\">\n<h2>Specyfikacja:<\/h2>\n<ul>\n<li><b>Rodzaj pami\u0119ci:<\/b> Pendrive<\/li>\n<li><b>Pojemno\u015b\u0107 pami\u0119ci:<\/b> 32 GB<\/li>\n<li><b>Standard pami\u0119ci:<\/b> Flash<\/li>\n<li><b>Cz\u0119stotliwo\u015b\u0107 szyny pami\u0119ci:<\/b> nie dotyczy<\/li>\n<li><b>Typ pami\u0119ci:<\/b> n\/d<\/li>\n<li><b>Z\u0142\u0105cze pami\u0119ci:<\/b> USB 2.0<\/li>\n<li><b>Kolor:<\/b> Czarny<\/li>\n<li><b>Cechy:<\/b> 32GB;USB 2.0<\/li>\n<li><b>Informacje dodatkowe:<\/b><\/li>\n<li>&#8211; Waga 8g<\/li>\n<li>&#8211; Wymiary 60.6 x 18.0 x 8.1 mm<\/li>\n<li>&#8211; Obs\u0142ugiwane systemy: Windows 10\/8.1\/8\/7\/Vista\/XP<\/li>\n<li>&#8211; Mac OS 10.3.x or later, Linux 2.6.x or later<\/li>\n<\/ul>\n<\/section><\/div>\n<div class=\"item item-6\">\n<section class=\"image-item\"><img decoding=\"async\" src=\"https:\/\/upload.cdn.baselinker.com\/products\/6010088\/ec30dfc2cbfb99cef1ff8e92a280557c.jpg\" \/><\/section>\n<\/p><\/div>\n<\/section>\n<section class=\"section\">\n<div class=\"item item-12\">\n<section class=\"image-item\"><img decoding=\"async\" src=\"https:\/\/upload.cdn.baselinker.com\/products\/6010088\/7d6ab947505056ee6c2c968b75383626.jpg\" \/><\/section>\n<\/p><\/div>\n<\/section>\n<section class=\"section\">\n<div class=\"item item-6\">\n<section class=\"image-item\"><img decoding=\"async\" src=\"https:\/\/upload.cdn.baselinker.com\/products\/6010088\/63ffa747c8ae0f3e51040acdab317efe.jpg\" \/><\/section>\n<\/p><\/div>\n<div class=\"item item-6\">\n<section class=\"image-item\"><img decoding=\"async\" src=\"https:\/\/upload.cdn.baselinker.com\/products\/6010088\/df453ae41e0ef5e75e43b71fbd1c9003.jpg\" \/><\/section>\n<\/p><\/div>\n<\/section>\n<\/div>\n<p><!-- .vgblk-rw-wrapper --><\/p>","protected":false},"excerpt":{"rendered":"<p>Pendrive Silicon Power ULTIMA U02 32GB 2.0 plastic Black Producent: SILICON POWER Specyfikacja: Rodzaj pami\u0119ci: Pendrive Pojemno\u015b\u0107 pami\u0119ci: 32 GB Standard pami\u0119ci: Flash Cz\u0119stotliwo\u015b\u0107 szyny pami\u0119ci: nie dotyczy Typ pami\u0119ci: n\/d Z\u0142\u0105cze pami\u0119ci: USB 2.0 Kolor: Czarny Cechy: 32GB;USB 2.0 Informacje dodatkowe: &#8211; Waga 8g &#8211; Wymiary 60.6 x 18.0 x 8.1 mm &#8211; Obs\u0142ugiwane&#8230;<\/p>","protected":false},"featured_media":1857915,"comment_status":"open","ping_status":"closed","template":"","meta":[],"product_brand":[16648],"product_cat":[306,307],"product_tag":[],"class_list":{"0":"post-1857963","1":"product","2":"type-product","3":"status-publish","4":"has-post-thumbnail","6":"product_brand-silicon-power","7":"product_cat-akcesoria-rozne","8":"product_cat-pamieci-flash","10":"first","11":"instock","12":"taxable","13":"shipping-taxable","14":"purchasable","15":"product-type-simple"},"_links":{"self":[{"href":"https:\/\/lemonti.pl\/en\/wp-json\/wp\/v2\/product\/1857963","targetHints":{"allow":["GET"]}}],"collection":[{"href":"https:\/\/lemonti.pl\/en\/wp-json\/wp\/v2\/product"}],"about":[{"href":"https:\/\/lemonti.pl\/en\/wp-json\/wp\/v2\/types\/product"}],"replies":[{"embeddable":true,"href":"https:\/\/lemonti.pl\/en\/wp-json\/wp\/v2\/comments?post=1857963"}],"version-history":[{"count":1,"href":"https:\/\/lemonti.pl\/en\/wp-json\/wp\/v2\/product\/1857963\/revisions"}],"predecessor-version":[{"id":1859795,"href":"https:\/\/lemonti.pl\/en\/wp-json\/wp\/v2\/product\/1857963\/revisions\/1859795"}],"wp:featuredmedia":[{"embeddable":true,"href":"https:\/\/lemonti.pl\/en\/wp-json\/wp\/v2\/media\/1857915"}],"wp:attachment":[{"href":"https:\/\/lemonti.pl\/en\/wp-json\/wp\/v2\/media?parent=1857963"}],"wp:term":[{"taxonomy":"product_brand","embeddable":true,"href":"https:\/\/lemonti.pl\/en\/wp-json\/wp\/v2\/product_brand?post=1857963"},{"taxonomy":"product_cat","embeddable":true,"href":"https:\/\/lemonti.pl\/en\/wp-json\/wp\/v2\/product_cat?post=1857963"},{"taxonomy":"product_tag","embeddable":true,"href":"https:\/\/lemonti.pl\/en\/wp-json\/wp\/v2\/product_tag?post=1857963"}],"curies":[{"name":"wp","href":"https:\/\/api.w.org\/{rel}","templated":true}]}}