{"id":1857906,"date":"2026-02-12T11:10:55","date_gmt":"2026-02-12T10:10:55","guid":{"rendered":"https:\/\/lemonti.pl\/sklep\/bez-kategorii\/pendrive-silicon-power-blaze-b07-64gb-usb-3-2-antybakteryjny\/"},"modified":"2026-04-09T15:11:36","modified_gmt":"2026-04-09T13:11:36","slug":"pendrive-silicon-power-blaze-b07-64gb-usb-3-2-antybakteryjny","status":"publish","type":"product","link":"https:\/\/lemonti.pl\/en\/sklep\/akcesoria-rozne\/pamieci-flash\/pendrive-silicon-power-blaze-b07-64gb-usb-3-2-antybakteryjny\/","title":{"rendered":"Pendrive Silicon Power Blaze B07 64GB USB 3.2 Antybakteryjny"},"content":{"rendered":"<div class=\"vgblk-rw-wrapper limit-wrapper\">\n<section class=\"section\">\n<div class=\"item item-6\">\n<section class=\"text-item\">\n<h1>Pendrive Silicon Power Blaze B07<\/h1>\n<h1>64GB USB 3.2<\/h1>\n<ul>\n<li>Szybki<\/li>\n<li>Antybakteryjny<\/li>\n<li>Por\u0119czny<\/li>\n<li>Bezpieczny<\/li>\n<li>Kompatybilny<\/li>\n<\/ul>\n<\/section><\/div>\n<div class=\"item item-6\">\n<section class=\"image-item\"><img decoding=\"async\" src=\"https:\/\/upload.cdn.baselinker.com\/products\/6010088\/582026c7059d61dfea3e094b9fd65401.jpg\" \/><\/section>\n<\/p><\/div>\n<\/section>\n<section class=\"section\">\n<div class=\"item item-6\">\n<section class=\"text-item\">\n<p><b>Producent<\/b><\/p>\n<p>SILICON POWER<\/p>\n<p><b>Pojemno\u015b\u0107 pami\u0119ci<\/b><\/p>\n<p>16 GB<\/p>\n<p><b>Standard pami\u0119ci<\/b><\/p>\n<p>Flash<\/p>\n<p><b>Z\u0142\u0105cze pami\u0119ci<\/b><\/p>\n<p>USB 3.2 Gen 1<\/p>\n<p><b>Kolor<\/b><\/p>\n<p>Czarny<\/p>\n<p><b>Informacje dodatkowe<\/b><\/p>\n<p><b>Wymiary:<\/b> 54,6mm x 18,9mm x 10,4mm<\/p>\n<p><b>Waga:<\/b> 8,7g<\/p>\n<p><b>Materia\u0142:<\/b> Tworzywo sztuczne<\/p>\n<p>Typu-A USB 3.2 Gen 1 (zgodny z USB 3.1, USB 3.0, USB 2.0)<\/p>\n<p><b>Windows<\/b> 10\/8.1\/8\/7\/XP, <b>Mac OS<\/b> 10.3.X lub nowszy, <b>Linux<\/b> 2.6.X lub nowszy<\/p>\n<p><b>Temperatura pracy<\/b> 0\u00b0C &#8211; 70\u00b0C<\/p>\n<p><b>Certyfikaty:<\/b> CE, FCC, BSMI, UKCA, KC<\/p>\n<\/section><\/div>\n<div class=\"item item-6\">\n<section class=\"image-item\"><img decoding=\"async\" src=\"https:\/\/upload.cdn.baselinker.com\/products\/6010088\/b1c2489e40f9a4f660008dae3cce1f91.jpg\" \/><\/section>\n<\/p><\/div>\n<\/section>\n<\/div>\n<p><!-- .vgblk-rw-wrapper --><\/p>","protected":false},"excerpt":{"rendered":"<p>Pendrive Silicon Power Blaze B07 64GB USB 3.2 Szybki Antybakteryjny Por\u0119czny Bezpieczny Kompatybilny Producent SILICON POWER Pojemno\u015b\u0107 pami\u0119ci 16 GB Standard pami\u0119ci Flash Z\u0142\u0105cze pami\u0119ci USB 3.2 Gen 1 Kolor Czarny Informacje dodatkowe Wymiary: 54,6mm x 18,9mm x 10,4mm Waga: 8,7g Materia\u0142: Tworzywo sztuczne Typu-A USB 3.2 Gen 1 (zgodny z USB 3.1, USB 3.0,&#8230;<\/p>","protected":false},"featured_media":1857903,"comment_status":"open","ping_status":"closed","template":"","meta":[],"product_brand":[16648],"product_cat":[306,307],"product_tag":[],"class_list":{"0":"post-1857906","1":"product","2":"type-product","3":"status-publish","4":"has-post-thumbnail","6":"product_brand-silicon-power","7":"product_cat-akcesoria-rozne","8":"product_cat-pamieci-flash","10":"first","11":"instock","12":"taxable","13":"shipping-taxable","14":"purchasable","15":"product-type-simple"},"_links":{"self":[{"href":"https:\/\/lemonti.pl\/en\/wp-json\/wp\/v2\/product\/1857906","targetHints":{"allow":["GET"]}}],"collection":[{"href":"https:\/\/lemonti.pl\/en\/wp-json\/wp\/v2\/product"}],"about":[{"href":"https:\/\/lemonti.pl\/en\/wp-json\/wp\/v2\/types\/product"}],"replies":[{"embeddable":true,"href":"https:\/\/lemonti.pl\/en\/wp-json\/wp\/v2\/comments?post=1857906"}],"version-history":[{"count":1,"href":"https:\/\/lemonti.pl\/en\/wp-json\/wp\/v2\/product\/1857906\/revisions"}],"predecessor-version":[{"id":1859794,"href":"https:\/\/lemonti.pl\/en\/wp-json\/wp\/v2\/product\/1857906\/revisions\/1859794"}],"wp:featuredmedia":[{"embeddable":true,"href":"https:\/\/lemonti.pl\/en\/wp-json\/wp\/v2\/media\/1857903"}],"wp:attachment":[{"href":"https:\/\/lemonti.pl\/en\/wp-json\/wp\/v2\/media?parent=1857906"}],"wp:term":[{"taxonomy":"product_brand","embeddable":true,"href":"https:\/\/lemonti.pl\/en\/wp-json\/wp\/v2\/product_brand?post=1857906"},{"taxonomy":"product_cat","embeddable":true,"href":"https:\/\/lemonti.pl\/en\/wp-json\/wp\/v2\/product_cat?post=1857906"},{"taxonomy":"product_tag","embeddable":true,"href":"https:\/\/lemonti.pl\/en\/wp-json\/wp\/v2\/product_tag?post=1857906"}],"curies":[{"name":"wp","href":"https:\/\/api.w.org\/{rel}","templated":true}]}}