{"id":1857013,"date":"2026-02-12T11:01:06","date_gmt":"2026-02-12T10:01:06","guid":{"rendered":"https:\/\/lemonti.pl\/sklep\/bez-kategorii\/pendrive-kingston-datatraveler-exodia-64gb-usb-3-2-gen-1\/"},"modified":"2026-04-16T20:46:08","modified_gmt":"2026-04-16T18:46:08","slug":"pendrive-kingston-datatraveler-exodia-64gb-usb-3-2-gen-1","status":"publish","type":"product","link":"https:\/\/lemonti.pl\/en\/sklep\/akcesoria-rozne\/pamieci-flash\/pendrive-kingston-datatraveler-exodia-64gb-usb-3-2-gen-1\/","title":{"rendered":"Pendrive Kingston DataTraveler Exodia 64GB USB 3.2 Gen 1"},"content":{"rendered":"<div class=\"vgblk-rw-wrapper limit-wrapper\">\n<section class=\"section\">\n<div class=\"item item-12\">\n<section class=\"text-item\">\n<h2>Pendrive Kingston DataTraveler Exodia DTX64GB 64 GB<\/h2>\n<\/section>\n<\/div>\n<\/section>\n<section class=\"section\">\n<div class=\"item item-6\">\n<section class=\"image-item\"><img decoding=\"async\" src=\"https:\/\/upload.cdn.baselinker.com\/products\/6010088\/67db2f7903f82342b7a56a77562246a8.jpg\" \/><\/section>\n<\/div>\n<div class=\"item item-6\">\n<section class=\"text-item\"><b>\u0141atwy dost\u0119p i szybki transfer na co dzie\u0144 <\/b>Kingston DataTraveler Exodia to pami\u0119\u0107 o wydajno\u015bci USB 3.2 Gen 1 zapewniaj\u0105ca sprawny dost\u0119p do danych na komputerach przeno\u015bnych i stacjonarnych, monitorach i innym sprz\u0119cie elektronicznym. DT Exodia umo\u017cliwia szybki transfer i wygodne przechowywanie dokument\u00f3w, muzyki, film\u00f3w i innych danych.<\/p>\n<p><b>Doskona\u0142a przeno\u015bno\u015b\u0107\u00a0 <\/b>DT Exodia ma du\u017cy, kolorowy zaczep do breloka na klucze, dzi\u0119ki czemu zawsze mo\u017cna mie\u0107 przy sobie podr\u0119czny no\u015bnik pami\u0119ci.<\/p>\n<p><b>Zatyczka ochronna\u00a0 <\/b>Praktyczna zatyczka zabezpiecza z\u0142\u0105cze USB i dane. Zatyczka daje si\u0119 te\u017c za\u0142o\u017cy\u0107 na zaczep z drugiej strony, wi\u0119c trudniej jest j\u0105 zgubi\u0107<\/p>\n<p><b>Wsteczna zgodno\u015b\u0107\u00a0 <\/b>No\u015bnik jest zgodny z istniej\u0105cymi portami USB 2.0, dzi\u0119ki czemu u\u017cytkownicy standardu 2.0 mog\u0105 w przysz\u0142o\u015bci dokona\u0107 migracji do standardu 3.0 bez konieczno\u015bci wymiany urz\u0105dzenia<\/p>\n<\/section>\n<\/div>\n<\/section>\n<section class=\"section\">\n<div class=\"item item-12\">\n<section class=\"text-item\">\n<ul>\n<li><b>Pojemno\u015b\u0107 pami\u0119ci flash:<\/b> 64 GB<\/li>\n<li><b>Interfejs:<\/b> USB 3.0\/USB 3.1 gen 1\/USB 3.2 gen 1<\/li>\n<li><b>Kolor:<\/b> Czarny<\/li>\n<li><b>Wymiary:<\/b> 67.3 x 21.04 x 10.14 mm<\/li>\n<li><b>Waga:<\/b> 11 g<\/li>\n<li><b>Obs\u0142ugiwane systemy operacyjne:<\/b> Chrome OS,Linux,Mac OS,Windows 8,Windows 8.1,Windows 10<\/li>\n<\/ul>\n<\/section>\n<\/div>\n<\/section>\n<section class=\"section\">\n<div class=\"item item-6\">\n<section class=\"image-item\"><img decoding=\"async\" src=\"https:\/\/upload.cdn.baselinker.com\/products\/6010088\/f021ee812a941abe0622d2fb72644ff4.jpg\" \/><\/section>\n<\/div>\n<div class=\"item item-6\">\n<section class=\"image-item\"><img decoding=\"async\" src=\"https:\/\/upload.cdn.baselinker.com\/products\/6010088\/5e95b3119db5c244bba0f9f6bbc472c5.jpg\" \/><\/section>\n<\/div>\n<\/section>\n<\/div>\n<p><!-- .vgblk-rw-wrapper --><\/p>","protected":false},"excerpt":{"rendered":"<p>Pendrive Kingston DataTraveler Exodia DTX64GB 64 GB \u0141atwy dost\u0119p i szybki transfer na co dzie\u0144 Kingston DataTraveler Exodia to pami\u0119\u0107 o wydajno\u015bci USB 3.2 Gen 1 zapewniaj\u0105ca sprawny dost\u0119p do danych na komputerach przeno\u015bnych i stacjonarnych, monitorach i innym sprz\u0119cie elektronicznym. DT Exodia umo\u017cliwia szybki transfer i wygodne przechowywanie dokument\u00f3w, muzyki, film\u00f3w i innych danych&#8230;.<\/p>","protected":false},"featured_media":1856996,"comment_status":"open","ping_status":"closed","template":"","meta":[],"product_brand":[16652],"product_cat":[306,307],"product_tag":[],"class_list":{"0":"post-1857013","1":"product","2":"type-product","3":"status-publish","4":"has-post-thumbnail","6":"product_brand-kingston","7":"product_cat-akcesoria-rozne","8":"product_cat-pamieci-flash","10":"first","11":"instock","12":"taxable","13":"shipping-taxable","14":"purchasable","15":"product-type-simple"},"_links":{"self":[{"href":"https:\/\/lemonti.pl\/en\/wp-json\/wp\/v2\/product\/1857013","targetHints":{"allow":["GET"]}}],"collection":[{"href":"https:\/\/lemonti.pl\/en\/wp-json\/wp\/v2\/product"}],"about":[{"href":"https:\/\/lemonti.pl\/en\/wp-json\/wp\/v2\/types\/product"}],"replies":[{"embeddable":true,"href":"https:\/\/lemonti.pl\/en\/wp-json\/wp\/v2\/comments?post=1857013"}],"version-history":[{"count":2,"href":"https:\/\/lemonti.pl\/en\/wp-json\/wp\/v2\/product\/1857013\/revisions"}],"predecessor-version":[{"id":1864388,"href":"https:\/\/lemonti.pl\/en\/wp-json\/wp\/v2\/product\/1857013\/revisions\/1864388"}],"wp:featuredmedia":[{"embeddable":true,"href":"https:\/\/lemonti.pl\/en\/wp-json\/wp\/v2\/media\/1856996"}],"wp:attachment":[{"href":"https:\/\/lemonti.pl\/en\/wp-json\/wp\/v2\/media?parent=1857013"}],"wp:term":[{"taxonomy":"product_brand","embeddable":true,"href":"https:\/\/lemonti.pl\/en\/wp-json\/wp\/v2\/product_brand?post=1857013"},{"taxonomy":"product_cat","embeddable":true,"href":"https:\/\/lemonti.pl\/en\/wp-json\/wp\/v2\/product_cat?post=1857013"},{"taxonomy":"product_tag","embeddable":true,"href":"https:\/\/lemonti.pl\/en\/wp-json\/wp\/v2\/product_tag?post=1857013"}],"curies":[{"name":"wp","href":"https:\/\/api.w.org\/{rel}","templated":true}]}}