{"id":1856831,"date":"2026-02-12T10:58:24","date_gmt":"2026-02-12T09:58:24","guid":{"rendered":"https:\/\/lemonti.pl\/sklep\/bez-kategorii\/pendrive-kingston-datatraveler-exodia-256gb-usb-3-2-gen-1\/"},"modified":"2026-04-16T10:02:48","modified_gmt":"2026-04-16T08:02:48","slug":"pendrive-kingston-datatraveler-exodia-256gb-usb-3-2-gen-1","status":"publish","type":"product","link":"https:\/\/lemonti.pl\/en\/sklep\/akcesoria-rozne\/pamieci-flash\/pendrive-kingston-datatraveler-exodia-256gb-usb-3-2-gen-1\/","title":{"rendered":"Pendrive Kingston DataTraveler Exodia 256GB USB 3.2 Gen 1"},"content":{"rendered":"<div class=\"vgblk-rw-wrapper limit-wrapper\">\n<section class=\"section\">\n<div class=\"item item-6\">\n<section class=\"text-item\">\n<h2>Pendrive Kingston Exodia DTX\/256GB 256 GB<\/h2>\n<p>Kingston DataTraveler Exodia to pami\u0119\u0107 o wydajno\u015bci USB 3.2 Gen 1 zapewniaj\u0105ca sprawny dost\u0119p do danych na komputerach przeno\u015bnych i stacjonarnych, monitorach i innym sprz\u0119cie elektronicznym. DT Exodia umo\u017cliwia szybki transfer i wygodne przechowywanie dokument\u00f3w, muzyki, film\u00f3w i innych danych. Praktyczna konstrukcja i modne kolory sprawiaj\u0105, \u017ce jest to idealne urz\u0105dzenie do codziennego u\u017cytku w pracy, domu, szkole lub w dowolnym miejscu, w kt\u00f3rym korzystasz z danych.<\/p>\n<\/section><\/div>\n<div class=\"item item-6\">\n<section class=\"image-item\"><img decoding=\"async\" src=\"https:\/\/upload.cdn.baselinker.com\/products\/6010088\/65898b7c12956f746d8cf766de3909cb.jpg\" \/><\/section>\n<\/p><\/div>\n<\/section>\n<section class=\"section\">\n<div class=\"item item-12\">\n<section class=\"text-item\">\n<p><b>Specyfikacja:<\/b><\/p>\n<ul>\n<li><b>Pojemno\u015b\u0107 pami\u0119ci flash:<\/b> 256 GB<\/li>\n<li><b>Interfejs:<\/b> USB 3.0\/USB 3.1 gen 1\/USB 3.2 gen 1<\/li>\n<li><b>Kolor:<\/b> Czarny<\/li>\n<li><b>Wymiary:<\/b> 67,3 mm x 21,04 mm x 10,14 mm<\/li>\n<li><b>Waga:<\/b> 11 g<\/li>\n<li><b>Obs\u0142ugiwane systemy operacyjne:<\/b><\/li>\n<li>Chrome OS<\/li>\n<li>Linux<\/li>\n<li>Mac OS<\/li>\n<li>Windows 8<\/li>\n<li>Windows 8.1<\/li>\n<li>Windows 10<\/li>\n<\/ul>\n<\/section><\/div>\n<\/section>\n<\/div>\n<p><!-- .vgblk-rw-wrapper --><\/p>","protected":false},"excerpt":{"rendered":"<p>Pendrive Kingston Exodia DTX\/256GB 256 GB Kingston DataTraveler Exodia to pami\u0119\u0107 o wydajno\u015bci USB 3.2 Gen 1 zapewniaj\u0105ca sprawny dost\u0119p do danych na komputerach przeno\u015bnych i stacjonarnych, monitorach i innym sprz\u0119cie elektronicznym. DT Exodia umo\u017cliwia szybki transfer i wygodne przechowywanie dokument\u00f3w, muzyki, film\u00f3w i innych danych. Praktyczna konstrukcja i modne kolory sprawiaj\u0105, \u017ce jest to&#8230;<\/p>","protected":false},"featured_media":1856804,"comment_status":"open","ping_status":"closed","template":"","meta":[],"product_brand":[16652],"product_cat":[306,307],"product_tag":[],"class_list":{"0":"post-1856831","1":"product","2":"type-product","3":"status-publish","4":"has-post-thumbnail","6":"product_brand-kingston","7":"product_cat-akcesoria-rozne","8":"product_cat-pamieci-flash","10":"first","11":"instock","12":"taxable","13":"shipping-taxable","14":"purchasable","15":"product-type-simple"},"_links":{"self":[{"href":"https:\/\/lemonti.pl\/en\/wp-json\/wp\/v2\/product\/1856831","targetHints":{"allow":["GET"]}}],"collection":[{"href":"https:\/\/lemonti.pl\/en\/wp-json\/wp\/v2\/product"}],"about":[{"href":"https:\/\/lemonti.pl\/en\/wp-json\/wp\/v2\/types\/product"}],"replies":[{"embeddable":true,"href":"https:\/\/lemonti.pl\/en\/wp-json\/wp\/v2\/comments?post=1856831"}],"version-history":[{"count":1,"href":"https:\/\/lemonti.pl\/en\/wp-json\/wp\/v2\/product\/1856831\/revisions"}],"predecessor-version":[{"id":1859707,"href":"https:\/\/lemonti.pl\/en\/wp-json\/wp\/v2\/product\/1856831\/revisions\/1859707"}],"wp:featuredmedia":[{"embeddable":true,"href":"https:\/\/lemonti.pl\/en\/wp-json\/wp\/v2\/media\/1856804"}],"wp:attachment":[{"href":"https:\/\/lemonti.pl\/en\/wp-json\/wp\/v2\/media?parent=1856831"}],"wp:term":[{"taxonomy":"product_brand","embeddable":true,"href":"https:\/\/lemonti.pl\/en\/wp-json\/wp\/v2\/product_brand?post=1856831"},{"taxonomy":"product_cat","embeddable":true,"href":"https:\/\/lemonti.pl\/en\/wp-json\/wp\/v2\/product_cat?post=1856831"},{"taxonomy":"product_tag","embeddable":true,"href":"https:\/\/lemonti.pl\/en\/wp-json\/wp\/v2\/product_tag?post=1856831"}],"curies":[{"name":"wp","href":"https:\/\/api.w.org\/{rel}","templated":true}]}}