{"id":1856782,"date":"2026-02-12T10:57:37","date_gmt":"2026-02-12T09:57:37","guid":{"rendered":"https:\/\/lemonti.pl\/sklep\/bez-kategorii\/pendrive-kingston-datatraveler-microduo-3c-64gb-200mb-s-dual-usb-a-usb-c-3-2-gen-1\/"},"modified":"2026-03-20T12:57:13","modified_gmt":"2026-03-20T11:57:13","slug":"pendrive-kingston-datatraveler-microduo-3c-64gb-200mb-s-dual-usb-a-usb-c-3-2-gen-1","status":"publish","type":"product","link":"https:\/\/lemonti.pl\/en\/sklep\/akcesoria-rozne\/pamieci-flash\/pendrive-kingston-datatraveler-microduo-3c-64gb-200mb-s-dual-usb-a-usb-c-3-2-gen-1\/","title":{"rendered":"Pendrive Kingston DataTraveler microDuo 3C 64GB 200MB\/S DUAL USB-A + USB-C 3.2 Gen 1"},"content":{"rendered":"<div class=\"vgblk-rw-wrapper limit-wrapper\">\n<section class=\"section\">\n<div class=\"item item-12\">\n<section class=\"text-item\">\n<h2>Pendrive Kingston DataTraveler microDuo 3C 64GB 200MB\/S DUAL USB-A + USB-C 3.2 Gen 1<\/h2>\n<\/section><\/div>\n<\/section>\n<section class=\"section\">\n<div class=\"item item-6\">\n<section class=\"image-item\"><img decoding=\"async\" src=\"https:\/\/upload.cdn.baselinker.com\/products\/6010088\/67d71fe5ffb704c63d385c3504094337.jpg\" \/><\/section>\n<\/p><\/div>\n<div class=\"item item-6\">\n<section class=\"text-item\">\n<ul>\n<li><b>Rodzaj pami\u0119ci<\/b>: Pendrive<\/li>\n<li><b>Pojemno\u015b\u0107 pami\u0119ci<\/b>: 64 GB<\/li>\n<li><b>Standard pami\u0119ci<\/b>: Flash<\/li>\n<li><b>Cz\u0119stotliwo\u015b\u0107 szyny pami\u0119ci<\/b>: nie dotyczy<\/li>\n<li><b>Typ pami\u0119ci<\/b>: Flash<\/li>\n<li><b>Z\u0142\u0105cze pami\u0119ci<\/b>: USB 3.0, USB 3.0 Typu C<\/li>\n<li><b>Kolor<\/b>: Fioletowo-srebrny<\/li>\n<li><b>Opakowanie<\/b>: Blister<\/li>\n<li><b>Informacje dodatkowe<\/b>:<\/li>\n<li>Szybkie przesy\u0142anie danych: odczyt do 200MB\/s<\/li>\n<li>Podw\u00f3jne z\u0142\u0105cza obs\u0142uguj\u0105 porty USB typu C i typu A<\/li>\n<li>Pr\u0119dko\u015b\u0107: USB 3.2 Gen 1<\/li>\n<li>Wymiary: 29,94 x 16,60 x 8,44 mm<\/li>\n<li>Temperatura pracy: 0\u00b0C~60\u00b0C<\/li>\n<li>Temperatura przechowywania: -20\u00b0C~85\u00b0C<\/li>\n<li>Zgodno\u015b\u0107 z systemami operacyjnymi: Windows\u00ae 11, 10, 8.1, macOS\u00ae, (wer. 10.14.x lub nowsza), Linux (wer. 2.6.x lub nowsza), Chrome OS\u2122<\/li>\n<\/ul>\n<\/section><\/div>\n<\/section>\n<section class=\"section\">\n<div class=\"item item-6\">\n<section class=\"image-item\"><img decoding=\"async\" src=\"https:\/\/upload.cdn.baselinker.com\/products\/6010088\/0c25a4be8eacd7bc30d69123bf55cc9b.jpg\" \/><\/section>\n<\/p><\/div>\n<div class=\"item item-6\">\n<section class=\"image-item\"><img decoding=\"async\" src=\"https:\/\/upload.cdn.baselinker.com\/products\/6010088\/f76a94da5f91250f8b08f8f5d18f0c8f.jpg\" \/><\/section>\n<\/p><\/div>\n<\/section>\n<section class=\"section\">\n<div class=\"item item-6\">\n<section class=\"image-item\"><img decoding=\"async\" src=\"https:\/\/upload.cdn.baselinker.com\/products\/6010088\/8115d44866bb91e1927dc030d80f3191.jpg\" \/><\/section>\n<\/p><\/div>\n<div class=\"item item-6\">\n<section class=\"image-item\"><img decoding=\"async\" src=\"https:\/\/upload.cdn.baselinker.com\/products\/6010088\/dfeca54cd8fd69a17537eb0dba5bc260.jpg\" \/><\/section>\n<\/p><\/div>\n<\/section>\n<\/div>\n<p><!-- .vgblk-rw-wrapper --><\/p>","protected":false},"excerpt":{"rendered":"<p>Pendrive Kingston DataTraveler microDuo 3C 64GB 200MB\/S DUAL USB-A + USB-C 3.2 Gen 1 Rodzaj pami\u0119ci: Pendrive Pojemno\u015b\u0107 pami\u0119ci: 64 GB Standard pami\u0119ci: Flash Cz\u0119stotliwo\u015b\u0107 szyny pami\u0119ci: nie dotyczy Typ pami\u0119ci: Flash Z\u0142\u0105cze pami\u0119ci: USB 3.0, USB 3.0 Typu C Kolor: Fioletowo-srebrny Opakowanie: Blister Informacje dodatkowe: Szybkie przesy\u0142anie danych: odczyt do 200MB\/s Podw\u00f3jne z\u0142\u0105cza obs\u0142uguj\u0105&#8230;<\/p>","protected":false},"featured_media":1856771,"comment_status":"open","ping_status":"closed","template":"","meta":[],"product_brand":[16652],"product_cat":[306,307],"product_tag":[],"class_list":{"0":"post-1856782","1":"product","2":"type-product","3":"status-publish","4":"has-post-thumbnail","6":"product_brand-kingston","7":"product_cat-akcesoria-rozne","8":"product_cat-pamieci-flash","10":"first","11":"instock","12":"taxable","13":"shipping-taxable","14":"purchasable","15":"product-type-simple"},"_links":{"self":[{"href":"https:\/\/lemonti.pl\/en\/wp-json\/wp\/v2\/product\/1856782","targetHints":{"allow":["GET"]}}],"collection":[{"href":"https:\/\/lemonti.pl\/en\/wp-json\/wp\/v2\/product"}],"about":[{"href":"https:\/\/lemonti.pl\/en\/wp-json\/wp\/v2\/types\/product"}],"replies":[{"embeddable":true,"href":"https:\/\/lemonti.pl\/en\/wp-json\/wp\/v2\/comments?post=1856782"}],"version-history":[{"count":1,"href":"https:\/\/lemonti.pl\/en\/wp-json\/wp\/v2\/product\/1856782\/revisions"}],"predecessor-version":[{"id":1859705,"href":"https:\/\/lemonti.pl\/en\/wp-json\/wp\/v2\/product\/1856782\/revisions\/1859705"}],"wp:featuredmedia":[{"embeddable":true,"href":"https:\/\/lemonti.pl\/en\/wp-json\/wp\/v2\/media\/1856771"}],"wp:attachment":[{"href":"https:\/\/lemonti.pl\/en\/wp-json\/wp\/v2\/media?parent=1856782"}],"wp:term":[{"taxonomy":"product_brand","embeddable":true,"href":"https:\/\/lemonti.pl\/en\/wp-json\/wp\/v2\/product_brand?post=1856782"},{"taxonomy":"product_cat","embeddable":true,"href":"https:\/\/lemonti.pl\/en\/wp-json\/wp\/v2\/product_cat?post=1856782"},{"taxonomy":"product_tag","embeddable":true,"href":"https:\/\/lemonti.pl\/en\/wp-json\/wp\/v2\/product_tag?post=1856782"}],"curies":[{"name":"wp","href":"https:\/\/api.w.org\/{rel}","templated":true}]}}