{"id":1856763,"date":"2026-02-12T10:57:16","date_gmt":"2026-02-12T09:57:16","guid":{"rendered":"https:\/\/lemonti.pl\/sklep\/bez-kategorii\/pendrive-silicon-power-blaze-b02-128gb-usb-3-1-black\/"},"modified":"2026-04-17T16:50:56","modified_gmt":"2026-04-17T14:50:56","slug":"pendrive-silicon-power-blaze-b02-128gb-usb-3-1-black","status":"publish","type":"product","link":"https:\/\/lemonti.pl\/en\/sklep\/akcesoria-rozne\/pamieci-flash\/pendrive-silicon-power-blaze-b02-128gb-usb-3-1-black\/","title":{"rendered":"Pendrive Silicon Power Blaze B02 128GB USB 3.1 Black"},"content":{"rendered":"<div class=\"vgblk-rw-wrapper limit-wrapper\">\n<section class=\"section\">\n<div class=\"item item-6\">\n<section class=\"text-item\">\n<h2>Pendrive Silicon Power Blaze B02 SP128GBUF3B02V1K 128 GB<\/h2>\n<p>Silicon Power Blaze B02. Pojemno\u015b\u0107: 128 GB, Interfejs urz\u0105dzenia: USB Typu-A, Wersja USB: 3.2 Gen 1 (3.1 Gen 1). Rozmiar uk\u0142adu: Pokrywka. Waga produktu: 8 g. Kolor produktu: Czarny<\/p>\n<\/section><\/div>\n<div class=\"item item-6\">\n<section class=\"image-item\"><img decoding=\"async\" src=\"https:\/\/upload.cdn.baselinker.com\/products\/6010088\/6c475a075a8ef33d05df5a01ac8093f8.jpg\" \/><\/section>\n<\/p><\/div>\n<\/section>\n<\/div>\n<p><!-- .vgblk-rw-wrapper --><\/p>","protected":false},"excerpt":{"rendered":"<p>Pendrive Silicon Power Blaze B02 SP128GBUF3B02V1K 128 GB Silicon Power Blaze B02. Pojemno\u015b\u0107: 128 GB, Interfejs urz\u0105dzenia: USB Typu-A, Wersja USB: 3.2 Gen 1 (3.1 Gen 1). Rozmiar uk\u0142adu: Pokrywka. Waga produktu: 8 g. Kolor produktu: Czarny<\/p>","protected":false},"featured_media":1856757,"comment_status":"open","ping_status":"closed","template":"","meta":[],"product_brand":[16648],"product_cat":[306,307],"product_tag":[],"class_list":{"0":"post-1856763","1":"product","2":"type-product","3":"status-publish","4":"has-post-thumbnail","6":"product_brand-silicon-power","7":"product_cat-akcesoria-rozne","8":"product_cat-pamieci-flash","10":"first","11":"instock","12":"taxable","13":"shipping-taxable","14":"purchasable","15":"product-type-simple"},"_links":{"self":[{"href":"https:\/\/lemonti.pl\/en\/wp-json\/wp\/v2\/product\/1856763","targetHints":{"allow":["GET"]}}],"collection":[{"href":"https:\/\/lemonti.pl\/en\/wp-json\/wp\/v2\/product"}],"about":[{"href":"https:\/\/lemonti.pl\/en\/wp-json\/wp\/v2\/types\/product"}],"replies":[{"embeddable":true,"href":"https:\/\/lemonti.pl\/en\/wp-json\/wp\/v2\/comments?post=1856763"}],"version-history":[{"count":1,"href":"https:\/\/lemonti.pl\/en\/wp-json\/wp\/v2\/product\/1856763\/revisions"}],"predecessor-version":[{"id":1859704,"href":"https:\/\/lemonti.pl\/en\/wp-json\/wp\/v2\/product\/1856763\/revisions\/1859704"}],"wp:featuredmedia":[{"embeddable":true,"href":"https:\/\/lemonti.pl\/en\/wp-json\/wp\/v2\/media\/1856757"}],"wp:attachment":[{"href":"https:\/\/lemonti.pl\/en\/wp-json\/wp\/v2\/media?parent=1856763"}],"wp:term":[{"taxonomy":"product_brand","embeddable":true,"href":"https:\/\/lemonti.pl\/en\/wp-json\/wp\/v2\/product_brand?post=1856763"},{"taxonomy":"product_cat","embeddable":true,"href":"https:\/\/lemonti.pl\/en\/wp-json\/wp\/v2\/product_cat?post=1856763"},{"taxonomy":"product_tag","embeddable":true,"href":"https:\/\/lemonti.pl\/en\/wp-json\/wp\/v2\/product_tag?post=1856763"}],"curies":[{"name":"wp","href":"https:\/\/api.w.org\/{rel}","templated":true}]}}