{"id":1855888,"date":"2026-02-12T10:43:52","date_gmt":"2026-02-12T09:43:52","guid":{"rendered":"https:\/\/lemonti.pl\/sklep\/bez-kategorii\/pendrive-kingston-datatraveler-70-256gb-usb-3-2-gen-1-type-c\/"},"modified":"2026-04-12T14:07:09","modified_gmt":"2026-04-12T12:07:09","slug":"pendrive-kingston-datatraveler-70-256gb-usb-3-2-gen-1-type-c","status":"publish","type":"product","link":"https:\/\/lemonti.pl\/en\/sklep\/akcesoria-rozne\/pamieci-flash\/pendrive-kingston-datatraveler-70-256gb-usb-3-2-gen-1-type-c\/","title":{"rendered":"Pendrive Kingston DataTraveler 70 256GB USB 3.2 Gen 1 Type-C"},"content":{"rendered":"<div class=\"vgblk-rw-wrapper limit-wrapper\">\n<section class=\"section\">\n<div class=\"item item-12\">\n<section class=\"text-item\">\n<h1>Pendrive Kingston DataTraveler 70 256GB USB 3.2 Gen 1 Type-C<\/h1>\n<\/section><\/div>\n<\/section>\n<section class=\"section\">\n<div class=\"item item-6\">\n<section class=\"image-item\"><img decoding=\"async\" src=\"https:\/\/upload.cdn.baselinker.com\/products\/6010088\/a3a0105d2259f16704a8232bf1ac1ae5.jpg\" \/><\/section>\n<\/p><\/div>\n<div class=\"item item-6\">\n<section class=\"text-item\">\n<h2>Specyfikacja:<\/h2>\n<ul>\n<li><b>Rodzaj pami\u0119ci:<\/b> Pendrive<\/li>\n<li><b>Pojemno\u015b\u0107 pami\u0119ci:<\/b> 256 GB<\/li>\n<li><b>Standard pami\u0119ci:<\/b> Flash<\/li>\n<li><b>Cz\u0119stotliwo\u015b\u0107 szyny pami\u0119ci:<\/b> nie dotyczy<\/li>\n<li><b>Typ pami\u0119ci:<\/b> Flash<\/li>\n<li><b>Z\u0142\u0105cze pami\u0119ci:<\/b> USB 3.2 Typu C<\/li>\n<li><b>Kolor:<\/b> Czarny<\/li>\n<li><b>Opakowanie:<\/b> Blister<\/li>\n<li><b>Informacje dodatkowe:<\/b><\/li>\n<li>Temperatura pracy 0\u00b0C do 60\u00b0C<\/li>\n<li>Temperatura przechowywania -20\u00b0C do 85\u00b0C<\/li>\n<li>Zgodno\u015b\u0107 z:<\/li>\n<li>&#8211; Windows 11\/10\/8.1<\/li>\n<li>&#8211; macOS (wer. 10.15.x lub nowszy)<\/li>\n<li>&#8211; Linux (wer. 4.4.x lub nowszy)<\/li>\n<li>&#8211; ChromeOS<\/li>\n<li>Wymiary: 59,00 x 18,50 x 9,00<\/li>\n<\/ul>\n<\/section><\/div>\n<\/section>\n<section class=\"section\">\n<div class=\"item item-12\">\n<section class=\"image-item\"><img decoding=\"async\" src=\"https:\/\/upload.cdn.baselinker.com\/products\/6010088\/f22909da489dac438533074715b6d1f9.jpg\" \/><\/section>\n<\/p><\/div>\n<\/section>\n<section class=\"section\">\n<div class=\"item item-12\">\n<section class=\"image-item\"><img decoding=\"async\" src=\"https:\/\/upload.cdn.baselinker.com\/products\/6010088\/a3a0105d2259f16704a8232bf1ac1ae5.jpg\" \/><\/section>\n<\/p><\/div>\n<\/section>\n<section class=\"section\">\n<div class=\"item item-12\">\n<section class=\"image-item\"><img decoding=\"async\" src=\"https:\/\/upload.cdn.baselinker.com\/products\/6010088\/788d3e123aebb99e6c5e056136386fa7.jpg\" \/><\/section>\n<\/p><\/div>\n<\/section>\n<section class=\"section\">\n<div class=\"item item-12\">\n<section class=\"image-item\"><img decoding=\"async\" src=\"https:\/\/upload.cdn.baselinker.com\/products\/6010088\/ffb4eb2ae1fabf40a5eb459ca942cbf3.jpg\" \/><\/section>\n<\/p><\/div>\n<\/section>\n<\/div>\n<p><!-- .vgblk-rw-wrapper --><\/p>","protected":false},"excerpt":{"rendered":"<p>Pendrive Kingston DataTraveler 70 256GB USB 3.2 Gen 1 Type-C Specyfikacja: Rodzaj pami\u0119ci: Pendrive Pojemno\u015b\u0107 pami\u0119ci: 256 GB Standard pami\u0119ci: Flash Cz\u0119stotliwo\u015b\u0107 szyny pami\u0119ci: nie dotyczy Typ pami\u0119ci: Flash Z\u0142\u0105cze pami\u0119ci: USB 3.2 Typu C Kolor: Czarny Opakowanie: Blister Informacje dodatkowe: Temperatura pracy 0\u00b0C do 60\u00b0C Temperatura przechowywania -20\u00b0C do 85\u00b0C Zgodno\u015b\u0107 z: &#8211; Windows&#8230;<\/p>","protected":false},"featured_media":1855878,"comment_status":"open","ping_status":"closed","template":"","meta":[],"product_brand":[16652],"product_cat":[306,307],"product_tag":[],"class_list":{"0":"post-1855888","1":"product","2":"type-product","3":"status-publish","4":"has-post-thumbnail","6":"product_brand-kingston","7":"product_cat-akcesoria-rozne","8":"product_cat-pamieci-flash","10":"first","11":"instock","12":"taxable","13":"shipping-taxable","14":"purchasable","15":"product-type-simple"},"_links":{"self":[{"href":"https:\/\/lemonti.pl\/en\/wp-json\/wp\/v2\/product\/1855888","targetHints":{"allow":["GET"]}}],"collection":[{"href":"https:\/\/lemonti.pl\/en\/wp-json\/wp\/v2\/product"}],"about":[{"href":"https:\/\/lemonti.pl\/en\/wp-json\/wp\/v2\/types\/product"}],"replies":[{"embeddable":true,"href":"https:\/\/lemonti.pl\/en\/wp-json\/wp\/v2\/comments?post=1855888"}],"version-history":[{"count":1,"href":"https:\/\/lemonti.pl\/en\/wp-json\/wp\/v2\/product\/1855888\/revisions"}],"predecessor-version":[{"id":1859635,"href":"https:\/\/lemonti.pl\/en\/wp-json\/wp\/v2\/product\/1855888\/revisions\/1859635"}],"wp:featuredmedia":[{"embeddable":true,"href":"https:\/\/lemonti.pl\/en\/wp-json\/wp\/v2\/media\/1855878"}],"wp:attachment":[{"href":"https:\/\/lemonti.pl\/en\/wp-json\/wp\/v2\/media?parent=1855888"}],"wp:term":[{"taxonomy":"product_brand","embeddable":true,"href":"https:\/\/lemonti.pl\/en\/wp-json\/wp\/v2\/product_brand?post=1855888"},{"taxonomy":"product_cat","embeddable":true,"href":"https:\/\/lemonti.pl\/en\/wp-json\/wp\/v2\/product_cat?post=1855888"},{"taxonomy":"product_tag","embeddable":true,"href":"https:\/\/lemonti.pl\/en\/wp-json\/wp\/v2\/product_tag?post=1855888"}],"curies":[{"name":"wp","href":"https:\/\/api.w.org\/{rel}","templated":true}]}}