{"id":1855677,"date":"2026-02-10T14:14:56","date_gmt":"2026-02-10T13:14:56","guid":{"rendered":"https:\/\/lemonti.pl\/sklep\/bez-kategorii\/karta-sieciowa-bezprzewodowa-lanberg-usb-nano-n150-1-zewn-antena\/"},"modified":"2026-04-20T12:53:48","modified_gmt":"2026-04-20T10:53:48","slug":"karta-sieciowa-bezprzewodowa-lanberg-usb-nano-n150-1-zewn-antena","status":"publish","type":"product","link":"https:\/\/lemonti.pl\/en\/sklep\/urzadzenia-sieciowe\/karty-sieciowe\/karta-sieciowa-bezprzewodowa-lanberg-usb-nano-n150-1-zewn-antena\/","title":{"rendered":"Karta sieciowa bezprzewodowa Lanberg USB Nano N150 1 zewn. antena"},"content":{"rendered":"<div class=\"vgblk-rw-wrapper limit-wrapper\">\n<section class=\"section\">\n<div class=\"item item-12\">\n<section class=\"text-item\">\n<h2>Karta sieciowa zewn\u0119trzna Lanberg<\/h2>\n<\/section><\/div>\n<\/section>\n<section class=\"section\">\n<div class=\"item item-6\">\n<section class=\"image-item\"><img decoding=\"async\" src=\"https:\/\/upload.cdn.baselinker.com\/products\/6010088\/a3212bf8bd99ec5a53c35c8f7b33995b.jpg\" \/><\/section>\n<\/p><\/div>\n<div class=\"item item-6\">\n<section class=\"text-item\">\n<p>Karta bezprzewodowa N150 USB 2.0<\/p>\n<p>Lanberg zapewnia stabilne po\u0142\u0105czenie Wi-Fi z wszelkimi urz\u0105dzeniami pracuj\u0105cymi w standardzie 802.11 b\/g\/n, m.in. routerami, punktami dost\u0119powymi, repeaterami oraz umo\u017cliwia zwi\u0119kszon\u0105 odleg\u0142o\u015b\u0107 pracy ni\u017c wersje nano\/mini.<\/p>\n<p>Adapter zosta\u0142 zaprojektowany do wsp\u00f3\u0142pracy z urz\u0105dzeniami nadawczymi znajduj\u0105cymi si\u0119 w bliskiej odleg\u0142o\u015bci.<\/p>\n<p>Ma\u0142e, kompaktowe rozmiary pozwalaj\u0105 na wygodn\u0105 prac\u0119 z urz\u0105dzeniami przeno\u015bnymi, a ponadto odkr\u0119cana zewn\u0119trzna antena zwi\u0119ksza pokrycie, pr\u0119dko\u015b\u0107 i stabilno\u015b\u0107 transmisji dzi\u0119ki czemu karta dedykowana jest r\u00f3wnie\u017c do zastosowania w rozwi\u0105zaniach stacjonarnych.<\/p>\n<p><b>Cechy:<\/b><\/p>\n<ul>\n<li>Zewn\u0119trzna odkr\u0119cana antena zwi\u0119kszaj\u0105ca pr\u0119dko\u015b\u0107 oraz stabilno\u015b\u0107 Wi-Fi<\/li>\n<li>Konstrukcja umo\u017cliwiaj\u0105ca wymian\u0119 anteny z wi\u0119kszym zyskiem energetycznym<\/li>\n<li>\u0141atwa w instalacji i konfiguracji karta wraz z do\u0142\u0105czonymi sterownikami na CD<\/li>\n<li>Obs\u0142uga szyfrowania WEP, WPA, WPA2<\/li>\n<\/ul>\n<\/section><\/div>\n<\/section>\n<section class=\"section\">\n<div class=\"item item-6\">\n<section class=\"image-item\"><img decoding=\"async\" src=\"https:\/\/upload.cdn.baselinker.com\/products\/6010088\/56ae761f1d41f9da2b9892f433c3cf8f.jpg\" \/><\/section>\n<\/p><\/div>\n<div class=\"item item-6\">\n<section class=\"text-item\">\n<p><b>Specyfikacja:<\/b><\/p>\n<ul>\n<li><b>Typ:<\/b> WiFi<\/li>\n<li><b>Chipset:<\/b> Realtek RTL8188ETV<\/li>\n<li><b>Interfejs:<\/b> USB<\/li>\n<li><b>Porty we\/wy:<\/b> 1 x USB 2.0 Type A<\/li>\n<li><b>Pasmo:<\/b> 2,4 GHz<\/li>\n<li><b>Standardy:<\/b><\/li>\n<li>802.11b<\/li>\n<li>802.11g<\/li>\n<li>802.11n<\/li>\n<li>802.11i<\/li>\n<li>802.11e<\/li>\n<li><b>Liczba anten:<\/b> 1<\/li>\n<li><b>Antena:<\/b> Zewn\u0119trzna od\u0142\u0105czana<\/li>\n<li><b>Zysk anteny:<\/b> 3 dBi<\/li>\n<li><b>Bezpiecze\u0144stwo:<\/b> Kr\u00f3tki interwa\u0142 ochronny (Guard Interval)<\/li>\n<li><b>Obs\u0142ugiwane systemy operacyjne:<\/b><\/li>\n<li>Linux<\/li>\n<li>Mac OS<\/li>\n<li>Windows XP<\/li>\n<li>Windows Vista<\/li>\n<li>Windows 7<\/li>\n<li>Windows 8<\/li>\n<li>Windows 8.1<\/li>\n<li>Windows 10<\/li>\n<li><b>Wymiary:<\/b> 47.7 x 18.3 x 8.6 mm<\/li>\n<\/ul>\n<\/section><\/div>\n<\/section>\n<\/div>\n<p><!-- .vgblk-rw-wrapper --><\/p>","protected":false},"excerpt":{"rendered":"<p>Karta sieciowa zewn\u0119trzna Lanberg Karta bezprzewodowa N150 USB 2.0 Lanberg zapewnia stabilne po\u0142\u0105czenie Wi-Fi z wszelkimi urz\u0105dzeniami pracuj\u0105cymi w standardzie 802.11 b\/g\/n, m.in. routerami, punktami dost\u0119powymi, repeaterami oraz umo\u017cliwia zwi\u0119kszon\u0105 odleg\u0142o\u015b\u0107 pracy ni\u017c wersje nano\/mini. Adapter zosta\u0142 zaprojektowany do wsp\u00f3\u0142pracy z urz\u0105dzeniami nadawczymi znajduj\u0105cymi si\u0119 w bliskiej odleg\u0142o\u015bci. Ma\u0142e, kompaktowe rozmiary pozwalaj\u0105 na wygodn\u0105 prac\u0119&#8230;<\/p>","protected":false},"featured_media":1855674,"comment_status":"open","ping_status":"closed","template":"","meta":[],"product_brand":[18452],"product_cat":[34148,297],"product_tag":[],"class_list":{"0":"post-1855677","1":"product","2":"type-product","3":"status-publish","4":"has-post-thumbnail","6":"product_brand-lanberg","7":"product_cat-karty-sieciowe","8":"product_cat-urzadzenia-sieciowe","10":"first","11":"instock","12":"taxable","13":"shipping-taxable","14":"purchasable","15":"product-type-simple"},"_links":{"self":[{"href":"https:\/\/lemonti.pl\/en\/wp-json\/wp\/v2\/product\/1855677","targetHints":{"allow":["GET"]}}],"collection":[{"href":"https:\/\/lemonti.pl\/en\/wp-json\/wp\/v2\/product"}],"about":[{"href":"https:\/\/lemonti.pl\/en\/wp-json\/wp\/v2\/types\/product"}],"replies":[{"embeddable":true,"href":"https:\/\/lemonti.pl\/en\/wp-json\/wp\/v2\/comments?post=1855677"}],"version-history":[{"count":1,"href":"https:\/\/lemonti.pl\/en\/wp-json\/wp\/v2\/product\/1855677\/revisions"}],"predecessor-version":[{"id":1855876,"href":"https:\/\/lemonti.pl\/en\/wp-json\/wp\/v2\/product\/1855677\/revisions\/1855876"}],"wp:featuredmedia":[{"embeddable":true,"href":"https:\/\/lemonti.pl\/en\/wp-json\/wp\/v2\/media\/1855674"}],"wp:attachment":[{"href":"https:\/\/lemonti.pl\/en\/wp-json\/wp\/v2\/media?parent=1855677"}],"wp:term":[{"taxonomy":"product_brand","embeddable":true,"href":"https:\/\/lemonti.pl\/en\/wp-json\/wp\/v2\/product_brand?post=1855677"},{"taxonomy":"product_cat","embeddable":true,"href":"https:\/\/lemonti.pl\/en\/wp-json\/wp\/v2\/product_cat?post=1855677"},{"taxonomy":"product_tag","embeddable":true,"href":"https:\/\/lemonti.pl\/en\/wp-json\/wp\/v2\/product_tag?post=1855677"}],"curies":[{"name":"wp","href":"https:\/\/api.w.org\/{rel}","templated":true}]}}