{"id":1855500,"date":"2026-02-10T14:13:25","date_gmt":"2026-02-10T13:13:25","guid":{"rendered":"https:\/\/lemonti.pl\/sklep\/bez-kategorii\/karta-sieciowa-bezprzewodowa-lanberg-usb-ac1200-dual-band-2-wewn-anteny\/"},"modified":"2026-04-15T14:30:23","modified_gmt":"2026-04-15T12:30:23","slug":"karta-sieciowa-bezprzewodowa-lanberg-usb-ac1200-dual-band-2-wewn-anteny","status":"publish","type":"product","link":"https:\/\/lemonti.pl\/en\/sklep\/urzadzenia-sieciowe\/karty-sieciowe\/karta-sieciowa-bezprzewodowa-lanberg-usb-ac1200-dual-band-2-wewn-anteny\/","title":{"rendered":"Karta sieciowa bezprzewodowa Lanberg USB AC1200 Dual band 2 wewn. anteny"},"content":{"rendered":"<div class=\"vgblk-rw-wrapper limit-wrapper\">\n<section class=\"section\">\n<div class=\"item item-12\">\n<section class=\"text-item\">\n<h2>Karta sieciowa bezprzewodowa Lanberg USB AC1200 Dual band 2 wewn. anteny<\/h2>\n<\/section><\/div>\n<\/section>\n<section class=\"section\">\n<div class=\"item item-6\">\n<section class=\"image-item\"><img decoding=\"async\" src=\"https:\/\/upload.cdn.baselinker.com\/products\/6010088\/2474ef9abcaca0f3e076a41cf052821f.jpg\" \/><\/section>\n<\/p><\/div>\n<div class=\"item item-6\">\n<section class=\"text-item\">\n<h2>Specyfikacja:<\/h2>\n<ul>\n<li><b>Typ urz\u0105dzenia:<\/b> Bezprzewodowe<\/li>\n<li><b>Obs\u0142ugiwane protoko\u0142y \/ Zgodno\u015b\u0107 z normami:<\/b> I<\/li>\n<li>&#8211; EEE 802.11a Po\u0142\u0105czenie bezprzewodowe do 54 Mb\/s<\/li>\n<li>&#8211; IEEE 802.11b<\/li>\n<li>&#8211; IEEE 802.11g Po\u0142\u0105czenie bezprzewodowe do 54 Mb\/s, cz\u0119stotliwo\u015b\u0107 2,4 GHz<\/li>\n<li>&#8211; IEEE 802.11n Po\u0142\u0105czenie bezprzewodowe 2,4GHz lub 5GHz do 600Mb\/s<\/li>\n<li>&#8211; IEEE 802.11ac Po\u0142\u0105czenie bezprzewodowe do 3,46 Gb\/s, cz\u0119stotliwo\u015b\u0107 5 GHz<\/li>\n<li>&#8211; IEEE 802.11k WLAN Management System<\/li>\n<li><b>Bezpiecze\u0144stwo:<\/b><\/li>\n<li>&#8211; WEP 64<\/li>\n<li>&#8211; WEP 128<\/li>\n<li>&#8211; WPA-PSK<\/li>\n<li>&#8211; WPA2-PSK<\/li>\n<li><b>Cz\u0119stotliwo\u015b\u0107 pracy:<\/b> 2,4 GHz i 5 GHz<\/li>\n<li><b>Antena:<\/b> Wewn\u0119trzna &#8211; 2 szt.<\/li>\n<li><b>Zysk anteny bezprzewodowej:<\/b> 2 x 2 dBi<\/li>\n<li><b>Typ z\u0142\u0105cza karty:<\/b> USB 2.0<\/li>\n<li><b>Wymiary [G x S x W] (mm):<\/b> 37,5 x 16,5 x 7,3<\/li>\n<li><b>Waga (g):<\/b> 41<\/li>\n<\/ul>\n<\/section><\/div>\n<\/section>\n<section class=\"section\">\n<div class=\"item item-6\">\n<section class=\"image-item\"><img decoding=\"async\" src=\"https:\/\/upload.cdn.baselinker.com\/products\/6010088\/fbe4c86f3c6fa52e31b8a57c3c332ab6.jpg\" \/><\/section>\n<\/p><\/div>\n<div class=\"item item-6\">\n<section class=\"image-item\"><img decoding=\"async\" src=\"https:\/\/upload.cdn.baselinker.com\/products\/6010088\/8cbed5d08fd6432819c2810d3aa73a4b.jpg\" \/><\/section>\n<\/p><\/div>\n<\/section>\n<\/div>\n<p><!-- .vgblk-rw-wrapper --><\/p>\n","protected":false},"excerpt":{"rendered":"<p>Karta sieciowa bezprzewodowa Lanberg USB AC1200 Dual band 2 wewn. anteny Specyfikacja: Typ urz\u0105dzenia: Bezprzewodowe Obs\u0142ugiwane protoko\u0142y \/ Zgodno\u015b\u0107 z normami: I &#8211; EEE 802.11a Po\u0142\u0105czenie bezprzewodowe do 54 Mb\/s &#8211; IEEE 802.11b &#8211; IEEE 802.11g Po\u0142\u0105czenie bezprzewodowe do 54 Mb\/s, cz\u0119stotliwo\u015b\u0107 2,4 GHz &#8211; IEEE 802.11n Po\u0142\u0105czenie bezprzewodowe 2,4GHz lub 5GHz do 600Mb\/s &#8211;&#8230;<\/p>","protected":false},"featured_media":1855494,"comment_status":"open","ping_status":"closed","template":"","meta":[],"product_brand":[18452],"product_cat":[34148,297],"product_tag":[],"class_list":{"0":"post-1855500","1":"product","2":"type-product","3":"status-publish","4":"has-post-thumbnail","6":"product_brand-lanberg","7":"product_cat-karty-sieciowe","8":"product_cat-urzadzenia-sieciowe","10":"first","11":"outofstock","12":"taxable","13":"shipping-taxable","14":"purchasable","15":"product-type-simple"},"_links":{"self":[{"href":"https:\/\/lemonti.pl\/en\/wp-json\/wp\/v2\/product\/1855500","targetHints":{"allow":["GET"]}}],"collection":[{"href":"https:\/\/lemonti.pl\/en\/wp-json\/wp\/v2\/product"}],"about":[{"href":"https:\/\/lemonti.pl\/en\/wp-json\/wp\/v2\/types\/product"}],"replies":[{"embeddable":true,"href":"https:\/\/lemonti.pl\/en\/wp-json\/wp\/v2\/comments?post=1855500"}],"version-history":[{"count":1,"href":"https:\/\/lemonti.pl\/en\/wp-json\/wp\/v2\/product\/1855500\/revisions"}],"predecessor-version":[{"id":1855848,"href":"https:\/\/lemonti.pl\/en\/wp-json\/wp\/v2\/product\/1855500\/revisions\/1855848"}],"wp:featuredmedia":[{"embeddable":true,"href":"https:\/\/lemonti.pl\/en\/wp-json\/wp\/v2\/media\/1855494"}],"wp:attachment":[{"href":"https:\/\/lemonti.pl\/en\/wp-json\/wp\/v2\/media?parent=1855500"}],"wp:term":[{"taxonomy":"product_brand","embeddable":true,"href":"https:\/\/lemonti.pl\/en\/wp-json\/wp\/v2\/product_brand?post=1855500"},{"taxonomy":"product_cat","embeddable":true,"href":"https:\/\/lemonti.pl\/en\/wp-json\/wp\/v2\/product_cat?post=1855500"},{"taxonomy":"product_tag","embeddable":true,"href":"https:\/\/lemonti.pl\/en\/wp-json\/wp\/v2\/product_tag?post=1855500"}],"curies":[{"name":"wp","href":"https:\/\/api.w.org\/{rel}","templated":true}]}}