{"id":1855489,"date":"2026-02-10T14:13:20","date_gmt":"2026-02-10T13:13:20","guid":{"rendered":"https:\/\/lemonti.pl\/sklep\/bez-kategorii\/karta-sieciowa-tp-link-archer-tx20u-plus-ac1800-wifi-6-wpa3-usb\/"},"modified":"2026-04-21T11:29:40","modified_gmt":"2026-04-21T09:29:40","slug":"karta-sieciowa-tp-link-archer-tx20u-plus-ac1800-wifi-6-wpa3-usb","status":"publish","type":"product","link":"https:\/\/lemonti.pl\/en\/sklep\/urzadzenia-sieciowe\/karty-sieciowe\/karta-sieciowa-tp-link-archer-tx20u-plus-ac1800-wifi-6-wpa3-usb\/","title":{"rendered":"Karta sieciowa TP-Link Archer TX20U Plus AC1800, WiFi 6, WPA3, USB"},"content":{"rendered":"<div class=\"vgblk-rw-wrapper limit-wrapper\">\n<section class=\"section\">\n<div class=\"item item-12\">\n<section class=\"text-item\">\n<h1>Karta sieciowa TP-Link Archer TX20U Plus AC1800, WiFi 6, WPA3, USB<\/h1>\n<\/section><\/div>\n<\/section>\n<section class=\"section\">\n<div class=\"item item-6\">\n<section class=\"text-item\">\n<h2>Specyfikacja:<\/h2>\n<ul>\n<li><b>Typ urz\u0105dzenia:<\/b> Bezprzewodowe<\/li>\n<li><b>Obs\u0142ugiwane protoko\u0142y \/ Zgodno\u015b\u0107 z normami:<\/b><\/li>\n<li>IEEE 802.11a Po\u0142\u0105czenie bezprzewodowe do 54 Mb\/s<\/li>\n<li>IEEE 802.11b<\/li>\n<li>IEEE 802.11g Po\u0142\u0105czenie bezprzewodowe do 54 Mb\/s, cz\u0119stotliwo\u015b\u0107 2,4 GHz<\/li>\n<li>IEEE 802.11n Po\u0142\u0105czenie bezprzewodowe 2,4GHz lub 5GHz do 600Mb\/s<\/li>\n<li>IEEE 802.11ac Po\u0142\u0105czenie bezprzewodowe do 3,46 Gb\/s, cz\u0119stotliwo\u015b\u0107 5 GHz<\/li>\n<li>IEEE 802.11ax<\/li>\n<li><b>Bezpiecze\u0144stwo:<\/b><\/li>\n<li>WEP<\/li>\n<li>WPA<\/li>\n<li>WPA2<\/li>\n<li>WPA3<\/li>\n<li>WPA-PSK<\/li>\n<li>WPA2-PSK<b><\/b><\/li>\n<\/ul>\n<\/section><\/div>\n<div class=\"item item-6\">\n<section class=\"image-item\"><img decoding=\"async\" src=\"https:\/\/upload.cdn.baselinker.com\/products\/6010088\/4fa7bb8e4aef861683d4a1b0915f2421.jpg\" \/><\/section>\n<\/p><\/div>\n<\/section>\n<section class=\"section\">\n<div class=\"item item-6\">\n<section class=\"text-item\">\n<ul>\n<li><b>Cz\u0119stotliwo\u015b\u0107 pracy: <\/b>2,4 GHz i 5 GHz<\/li>\n<li><b>Pr\u0119dko\u015b\u0107 transmisji:<\/b> Wi-Fi: 1800 Mbps = 574 Mbps (2,4 GHz) + 1201 Mbps (5 GHz)<\/li>\n<li><b>Antena:<\/b> Zewn\u0119trzna &#8211; 2 szt.<\/li>\n<li><b>Typ z\u0142\u0105cza karty:<\/b> USB 3.0<\/li>\n<li><b>Wymiary [G x S x W] (mm):<\/b> 84 \u00d7 19,2 \u00d7 156,3<\/li>\n<li>2 dwupasmowe anteny o wysokim zysku<\/li>\n<li><b>5 GHz: <\/b>19dBm(FCC) \/16dBm(CE) (EIRP)<\/li>\n<li><b>2,4 GHz : <\/b>19dBm(FCC) \/ 14,5dBm(CE) (EIRP)<\/li>\n<li><b>Tryby pracy bezprzewodowej:<\/b> Tryb infrastruktury<\/li>\n<li><b>Certyfikaty:<\/b> FCC, CE, RoHS<\/li>\n<li><b>Wymagania systemowe: <\/b>Windows 10, 11<\/li>\n<li><b>Dopuszczalna temperatura pracy: <\/b>0\u00b0~40\u00b0<\/li>\n<li><b>Dopuszczalna wilgotno\u015b\u0107 powietrza: <\/b>10%~90%, bez kondensacji<\/li>\n<li>MU-MIMO, OFDMA Udoskonalone zabezpieczenia (WPA3)<\/li>\n<li><b>Zawarto\u015b\u0107 opakowania: <\/b>Archer TX20U Plus; Instrukcja szybkiej instalacji;<\/li>\n<li>1-metrowy kabel USB 3.0<\/li>\n<\/ul>\n<\/section><\/div>\n<div class=\"item item-6\">\n<section class=\"image-item\"><img decoding=\"async\" src=\"https:\/\/upload.cdn.baselinker.com\/products\/6010088\/09876ce8ba33979a520119b3da5324f1.jpg\" \/><\/section>\n<\/p><\/div>\n<\/section>\n<section class=\"section\">\n<div class=\"item item-12\">\n<section class=\"image-item\"><img decoding=\"async\" src=\"https:\/\/upload.cdn.baselinker.com\/products\/6010088\/6d66452ab76507a33694b4efb79dbb09.jpg\" \/><\/section>\n<\/p><\/div>\n<\/section>\n<\/div>\n<p><!-- .vgblk-rw-wrapper --><\/p>\n","protected":false},"excerpt":{"rendered":"<p>Karta sieciowa TP-Link Archer TX20U Plus AC1800, WiFi 6, WPA3, USB Specyfikacja: Typ urz\u0105dzenia: Bezprzewodowe Obs\u0142ugiwane protoko\u0142y \/ Zgodno\u015b\u0107 z normami: IEEE 802.11a Po\u0142\u0105czenie bezprzewodowe do 54 Mb\/s IEEE 802.11b IEEE 802.11g Po\u0142\u0105czenie bezprzewodowe do 54 Mb\/s, cz\u0119stotliwo\u015b\u0107 2,4 GHz IEEE 802.11n Po\u0142\u0105czenie bezprzewodowe 2,4GHz lub 5GHz do 600Mb\/s IEEE 802.11ac Po\u0142\u0105czenie bezprzewodowe do 3,46&#8230;<\/p>","protected":false},"featured_media":1855483,"comment_status":"open","ping_status":"closed","template":"","meta":[],"product_brand":[32240],"product_cat":[34148,297],"product_tag":[],"class_list":{"0":"post-1855489","1":"product","2":"type-product","3":"status-publish","4":"has-post-thumbnail","6":"product_brand-tp-link-systems-inc","7":"product_cat-karty-sieciowe","8":"product_cat-urzadzenia-sieciowe","10":"first","11":"instock","12":"taxable","13":"shipping-taxable","14":"purchasable","15":"product-type-simple"},"_links":{"self":[{"href":"https:\/\/lemonti.pl\/en\/wp-json\/wp\/v2\/product\/1855489","targetHints":{"allow":["GET"]}}],"collection":[{"href":"https:\/\/lemonti.pl\/en\/wp-json\/wp\/v2\/product"}],"about":[{"href":"https:\/\/lemonti.pl\/en\/wp-json\/wp\/v2\/types\/product"}],"replies":[{"embeddable":true,"href":"https:\/\/lemonti.pl\/en\/wp-json\/wp\/v2\/comments?post=1855489"}],"version-history":[{"count":1,"href":"https:\/\/lemonti.pl\/en\/wp-json\/wp\/v2\/product\/1855489\/revisions"}],"predecessor-version":[{"id":1855841,"href":"https:\/\/lemonti.pl\/en\/wp-json\/wp\/v2\/product\/1855489\/revisions\/1855841"}],"wp:featuredmedia":[{"embeddable":true,"href":"https:\/\/lemonti.pl\/en\/wp-json\/wp\/v2\/media\/1855483"}],"wp:attachment":[{"href":"https:\/\/lemonti.pl\/en\/wp-json\/wp\/v2\/media?parent=1855489"}],"wp:term":[{"taxonomy":"product_brand","embeddable":true,"href":"https:\/\/lemonti.pl\/en\/wp-json\/wp\/v2\/product_brand?post=1855489"},{"taxonomy":"product_cat","embeddable":true,"href":"https:\/\/lemonti.pl\/en\/wp-json\/wp\/v2\/product_cat?post=1855489"},{"taxonomy":"product_tag","embeddable":true,"href":"https:\/\/lemonti.pl\/en\/wp-json\/wp\/v2\/product_tag?post=1855489"}],"curies":[{"name":"wp","href":"https:\/\/api.w.org\/{rel}","templated":true}]}}