{"id":1855400,"date":"2026-02-10T14:12:42","date_gmt":"2026-02-10T13:12:42","guid":{"rendered":"https:\/\/lemonti.pl\/sklep\/bez-kategorii\/karta-sieciowa-bezprzewodowa-wifi-lanberg-usb-3-0-ax3000-tri-band-2-wewnetrzne-anteny\/"},"modified":"2026-04-21T22:30:29","modified_gmt":"2026-04-21T20:30:29","slug":"karta-sieciowa-bezprzewodowa-wifi-lanberg-usb-3-0-ax3000-tri-band-2-wewnetrzne-anteny","status":"publish","type":"product","link":"https:\/\/lemonti.pl\/en\/sklep\/urzadzenia-sieciowe\/karty-sieciowe\/karta-sieciowa-bezprzewodowa-wifi-lanberg-usb-3-0-ax3000-tri-band-2-wewnetrzne-anteny\/","title":{"rendered":"Karta sieciowa bezprzewodowa WIFI Lanberg USB 3.0 AX3000 Tri-band 2 wewn\u0119trzne anteny"},"content":{"rendered":"<div class=\"vgblk-rw-wrapper limit-wrapper\">\n<section class=\"section\">\n<div class=\"item item-12\">\n<section class=\"text-item\">\n<h2>Karta sieciowa bezprzewodowa WIFI Lanberg USB 3.0 AX3000 Tri-band 2 wewn\u0119trzne anteny<\/h2>\n<\/section><\/div>\n<\/section>\n<section class=\"section\">\n<div class=\"item item-6\">\n<section class=\"image-item\"><img decoding=\"async\" src=\"https:\/\/upload.cdn.baselinker.com\/products\/6010088\/ac3f4cd94b7b3d63c8717a6c06ff0f09.jpg\" \/><\/section>\n<\/p><\/div>\n<div class=\"item item-6\">\n<section class=\"text-item\">\n<p><b>SPECYFIKACJA PRODUKTU:<\/b><\/p>\n<ul>\n<li><b>Komunikacja:<\/b> Bezprzewodowa<\/li>\n<li><b>Cz\u0119stotliwo\u015b\u0107 pracy:<\/b> 2.4 GHz, 5 GHz, 6 GHz<\/li>\n<li><b>Standard Wi-Fi:<\/b> 802.11ac, 802.11ax, 802.11n<\/li>\n<li><b>Maksymalna pr\u0119dko\u015b\u0107 \u0142\u0105cza sieciowego:<\/b> 3000 Mbps<\/li>\n<li><b>Pr\u0119dko\u015b\u0107 transmisji 2.4Ghz:<\/b> 600 Mbps<\/li>\n<li><b>Pr\u0119dko\u015b\u0107 transmisji 5Ghz:<\/b> 1200 Mbps<\/li>\n<li><b>Pr\u0119dko\u015b\u0107 transmisji 6Ghz:<\/b> 1200 Mbps<\/li>\n<li><b>Z\u0142\u0105cza:<\/b> USB Typ-A<\/li>\n<li><b>Wersja USB:<\/b> 3.0<\/li>\n<li><b>Standardy bezprzewodowe:<\/b> IEE 802.11b\/g\/n 2.4GHz, IEE 802.11b\/g\/n 5Ghz, IEE 802.11b\/g\/n\/ac 5GHz, IEEE 802.11ax\/ac\/a\/n\/b\/g 5GHz<\/li>\n<li><b>Modulacja:<\/b> 256-QAM, CCK, DBPSK, DQPSK, OFDM<\/li>\n<li><b>Wspierane technologie:<\/b> DFS, MU-MIMO<\/li>\n<li><b>Zabezpieczenia transmisji bezprzewodowej:<\/b> 64\/128-bitowy WEP, WPA2-PSK, WPA3 , WPA-PSK<\/li>\n<li><b>Tryby pracy:<\/b> Client<\/li>\n<li><b>Rodzaj anten:<\/b> Wewn\u0119trzne<\/li>\n<li><b>Kierunkowo\u015b\u0107 anteny:<\/b> Dook\u00f3lna<\/li>\n<li><b>Ilo\u015b\u0107 anten:<\/b> 2<\/li>\n<li><b>Moc anteny:<\/b> 5 dBi<\/li>\n<li><b>Chipset:<\/b> MT7921AUN<\/li>\n<li><b>Obs\u0142ugiwane systemy operacyjne:<\/b> Linux Kernel 5.14+, Windows 10, Windows 11<\/li>\n<li><b>Zalecana temperatura otoczenia:<\/b> 0 &#8211; 40 \u00b0C<\/li>\n<li><b>Zalecana wilgotno\u015b\u0107 otoczenia:<\/b> 10 &#8211; 90 %<\/li>\n<li><b>D\u0142ugo\u015b\u0107:<\/b> 94 mm<\/li>\n<li><b>Szeroko\u015b\u0107:<\/b> 37 mm<\/li>\n<li><b>Wysoko\u015b\u0107:<\/b> 16 mm<\/li>\n<li><b>Waga:<\/b> 211 g<\/li>\n<li><b>Akcesoria w zestawie:<\/b> Podstawka magnetyczna o d\u0142ugo\u015bci przewodu 1.2m<\/li>\n<\/ul>\n<\/section><\/div>\n<\/section>\n<section class=\"section\">\n<div class=\"item item-6\">\n<section class=\"image-item\"><img decoding=\"async\" src=\"https:\/\/upload.cdn.baselinker.com\/products\/6010088\/84c6fa3f227d20887b608319e5e4ea0d.jpg\" \/><\/section>\n<\/p><\/div>\n<div class=\"item item-6\">\n<section class=\"image-item\"><img decoding=\"async\" src=\"https:\/\/upload.cdn.baselinker.com\/products\/6010088\/4ae994809503c8030732dfa87913b40b.jpg\" \/><\/section>\n<\/p><\/div>\n<\/section>\n<section class=\"section\">\n<div class=\"item item-12\">\n<section class=\"image-item\"><img decoding=\"async\" src=\"https:\/\/upload.cdn.baselinker.com\/products\/6010088\/d064b20e54cd12a1a96dd3ee59a5b850.jpg\" \/><\/section>\n<\/p><\/div>\n<\/section>\n<section class=\"section\">\n<div class=\"item item-6\">\n<section class=\"image-item\"><img decoding=\"async\" src=\"https:\/\/upload.cdn.baselinker.com\/products\/6010088\/26ddbfc631fc7721307ee65d6bafc7f8.jpg\" \/><\/section>\n<\/p><\/div>\n<div class=\"item item-6\">\n<section class=\"image-item\"><img decoding=\"async\" src=\"https:\/\/upload.cdn.baselinker.com\/products\/6010088\/df9da3fa0d9a9e2788a36742e82303d8.jpg\" \/><\/section>\n<\/p><\/div>\n<\/section>\n<\/div>\n<p><!-- .vgblk-rw-wrapper --><\/p>","protected":false},"excerpt":{"rendered":"<p>Karta sieciowa bezprzewodowa WIFI Lanberg USB 3.0 AX3000 Tri-band 2 wewn\u0119trzne anteny SPECYFIKACJA PRODUKTU: Komunikacja: Bezprzewodowa Cz\u0119stotliwo\u015b\u0107 pracy: 2.4 GHz, 5 GHz, 6 GHz Standard Wi-Fi: 802.11ac, 802.11ax, 802.11n Maksymalna pr\u0119dko\u015b\u0107 \u0142\u0105cza sieciowego: 3000 Mbps Pr\u0119dko\u015b\u0107 transmisji 2.4Ghz: 600 Mbps Pr\u0119dko\u015b\u0107 transmisji 5Ghz: 1200 Mbps Pr\u0119dko\u015b\u0107 transmisji 6Ghz: 1200 Mbps Z\u0142\u0105cza: USB Typ-A Wersja USB:&#8230;<\/p>","protected":false},"featured_media":1855781,"comment_status":"open","ping_status":"closed","template":"","meta":[],"product_brand":[18452],"product_cat":[34148,297],"product_tag":[],"class_list":{"0":"post-1855400","1":"product","2":"type-product","3":"status-publish","4":"has-post-thumbnail","6":"product_brand-lanberg","7":"product_cat-karty-sieciowe","8":"product_cat-urzadzenia-sieciowe","10":"first","11":"instock","12":"taxable","13":"shipping-taxable","14":"purchasable","15":"product-type-simple"},"_links":{"self":[{"href":"https:\/\/lemonti.pl\/en\/wp-json\/wp\/v2\/product\/1855400","targetHints":{"allow":["GET"]}}],"collection":[{"href":"https:\/\/lemonti.pl\/en\/wp-json\/wp\/v2\/product"}],"about":[{"href":"https:\/\/lemonti.pl\/en\/wp-json\/wp\/v2\/types\/product"}],"replies":[{"embeddable":true,"href":"https:\/\/lemonti.pl\/en\/wp-json\/wp\/v2\/comments?post=1855400"}],"version-history":[{"count":1,"href":"https:\/\/lemonti.pl\/en\/wp-json\/wp\/v2\/product\/1855400\/revisions"}],"predecessor-version":[{"id":1855771,"href":"https:\/\/lemonti.pl\/en\/wp-json\/wp\/v2\/product\/1855400\/revisions\/1855771"}],"wp:featuredmedia":[{"embeddable":true,"href":"https:\/\/lemonti.pl\/en\/wp-json\/wp\/v2\/media\/1855781"}],"wp:attachment":[{"href":"https:\/\/lemonti.pl\/en\/wp-json\/wp\/v2\/media?parent=1855400"}],"wp:term":[{"taxonomy":"product_brand","embeddable":true,"href":"https:\/\/lemonti.pl\/en\/wp-json\/wp\/v2\/product_brand?post=1855400"},{"taxonomy":"product_cat","embeddable":true,"href":"https:\/\/lemonti.pl\/en\/wp-json\/wp\/v2\/product_cat?post=1855400"},{"taxonomy":"product_tag","embeddable":true,"href":"https:\/\/lemonti.pl\/en\/wp-json\/wp\/v2\/product_tag?post=1855400"}],"curies":[{"name":"wp","href":"https:\/\/api.w.org\/{rel}","templated":true}]}}