{"id":1855244,"date":"2026-02-10T14:11:23","date_gmt":"2026-02-10T13:11:23","guid":{"rendered":"https:\/\/lemonti.pl\/sklep\/bez-kategorii\/karta-sieciowa-lanberg-usb-2-0-rj-45-100mb-na-kablu\/"},"modified":"2026-04-20T14:01:47","modified_gmt":"2026-04-20T12:01:47","slug":"karta-sieciowa-lanberg-usb-2-0-rj-45-100mb-na-kablu","status":"publish","type":"product","link":"https:\/\/lemonti.pl\/en\/sklep\/urzadzenia-sieciowe\/karty-sieciowe\/karta-sieciowa-lanberg-usb-2-0-rj-45-100mb-na-kablu\/","title":{"rendered":"Karta sieciowa Lanberg USB 2.0 -&gt; RJ-45 100Mb na kablu"},"content":{"rendered":"<div class=\"vgblk-rw-wrapper limit-wrapper\">\n<section class=\"section\">\n<div class=\"item item-12\">\n<section class=\"text-item\">\n<h1>Karta sieciowa Lanberg NC-0100-01 USB 2.0 -&gt; RJ-45 100Mb na kablu<\/h1>\n<\/section><\/div>\n<\/section>\n<section class=\"section\">\n<div class=\"item item-6\">\n<section class=\"image-item\"><img decoding=\"async\" src=\"https:\/\/upload.cdn.baselinker.com\/products\/6010088\/8a43c993cb7b350bdc06982e08a951e6.jpg\" \/><\/section>\n<\/p><\/div>\n<div class=\"item item-6\">\n<section class=\"text-item\">\n<ul>\n<li><b>Z\u0142\u0105cza:<\/b> RJ-45 (\u017ce\u0144skie), USB Typ-A (m\u0119skie)<\/li>\n<li><b>Komunikacja: <\/b>Przewodowa<\/li>\n<li><b>Wersja USB:<\/b> 2.0<\/li>\n<li><b>Maksymalna pr\u0119dko\u015b\u0107 \u0142\u0105cza sieciowego:<\/b> 100 Mbps<\/li>\n<li><b>Wspierane technologie: <\/b>Wake on LAN (WoL)<\/li>\n<li><b>Chipset:<\/b> RTL8152B<\/li>\n<li><b>D\u0142ugo\u015b\u0107 przewodu: <\/b>15 cm<\/li>\n<li><b>Kategoria teleinformatyczna: <\/b>Kat. 5\/5e<\/li>\n<li><b>Oprogramowanie:<\/b> Nie<\/li>\n<li><b>Obs\u0142ugiwane systemy operacyjne:<\/b> Windows 7, Windows 8, Windows 10<\/li>\n<li><b>Waga:<\/b> 20 g<\/li>\n<li><b>Wykonanie styku: <\/b>Poz\u0142acane<\/li>\n<li><b>Kolor: <\/b>Czarny<\/li>\n<li><b>Nie wymaga zewn\u0119trznego \u017ar\u00f3d\u0142a zasilania<\/b><\/li>\n<li><b>Plug and Play<\/b><\/li>\n<li><b>Materia\u0142: <\/b>ABS<\/li>\n<\/ul>\n<\/section><\/div>\n<\/section>\n<section class=\"section\">\n<div class=\"item item-6\">\n<section class=\"image-item\"><img decoding=\"async\" src=\"https:\/\/upload.cdn.baselinker.com\/products\/6010088\/97197d0fc6a85068bd81dde23ef35d9d.jpg\" \/><\/section>\n<\/p><\/div>\n<div class=\"item item-6\">\n<section class=\"image-item\"><img decoding=\"async\" src=\"https:\/\/upload.cdn.baselinker.com\/products\/6010088\/d227ea4e056063c6fae0ced10d40a765.jpg\" \/><\/section>\n<\/p><\/div>\n<\/section>\n<\/div>\n<p><!-- .vgblk-rw-wrapper --><\/p>","protected":false},"excerpt":{"rendered":"<p>Karta sieciowa Lanberg NC-0100-01 USB 2.0 -&gt; RJ-45 100Mb na kablu Z\u0142\u0105cza: RJ-45 (\u017ce\u0144skie), USB Typ-A (m\u0119skie) Komunikacja: Przewodowa Wersja USB: 2.0 Maksymalna pr\u0119dko\u015b\u0107 \u0142\u0105cza sieciowego: 100 Mbps Wspierane technologie: Wake on LAN (WoL) Chipset: RTL8152B D\u0142ugo\u015b\u0107 przewodu: 15 cm Kategoria teleinformatyczna: Kat. 5\/5e Oprogramowanie: Nie Obs\u0142ugiwane systemy operacyjne: Windows 7, Windows 8, Windows 10&#8230;<\/p>","protected":false},"featured_media":1855235,"comment_status":"open","ping_status":"closed","template":"","meta":[],"product_brand":[18452],"product_cat":[34148,297],"product_tag":[],"class_list":{"0":"post-1855244","1":"product","2":"type-product","3":"status-publish","4":"has-post-thumbnail","6":"product_brand-lanberg","7":"product_cat-karty-sieciowe","8":"product_cat-urzadzenia-sieciowe","10":"first","11":"instock","12":"taxable","13":"shipping-taxable","14":"purchasable","15":"product-type-simple"},"_links":{"self":[{"href":"https:\/\/lemonti.pl\/en\/wp-json\/wp\/v2\/product\/1855244","targetHints":{"allow":["GET"]}}],"collection":[{"href":"https:\/\/lemonti.pl\/en\/wp-json\/wp\/v2\/product"}],"about":[{"href":"https:\/\/lemonti.pl\/en\/wp-json\/wp\/v2\/types\/product"}],"replies":[{"embeddable":true,"href":"https:\/\/lemonti.pl\/en\/wp-json\/wp\/v2\/comments?post=1855244"}],"version-history":[{"count":1,"href":"https:\/\/lemonti.pl\/en\/wp-json\/wp\/v2\/product\/1855244\/revisions"}],"predecessor-version":[{"id":1855750,"href":"https:\/\/lemonti.pl\/en\/wp-json\/wp\/v2\/product\/1855244\/revisions\/1855750"}],"wp:featuredmedia":[{"embeddable":true,"href":"https:\/\/lemonti.pl\/en\/wp-json\/wp\/v2\/media\/1855235"}],"wp:attachment":[{"href":"https:\/\/lemonti.pl\/en\/wp-json\/wp\/v2\/media?parent=1855244"}],"wp:term":[{"taxonomy":"product_brand","embeddable":true,"href":"https:\/\/lemonti.pl\/en\/wp-json\/wp\/v2\/product_brand?post=1855244"},{"taxonomy":"product_cat","embeddable":true,"href":"https:\/\/lemonti.pl\/en\/wp-json\/wp\/v2\/product_cat?post=1855244"},{"taxonomy":"product_tag","embeddable":true,"href":"https:\/\/lemonti.pl\/en\/wp-json\/wp\/v2\/product_tag?post=1855244"}],"curies":[{"name":"wp","href":"https:\/\/api.w.org\/{rel}","templated":true}]}}