{"id":1854384,"date":"2026-01-30T11:37:38","date_gmt":"2026-01-30T10:37:38","guid":{"rendered":"https:\/\/lemonti.pl\/sklep\/bez-kategorii\/antena-wi-fi-qoltec-2-4-2-5ghz-5-1-5-8ghz-5dbi-dookolna-wewnetrzna\/"},"modified":"2026-04-15T13:03:50","modified_gmt":"2026-04-15T11:03:50","slug":"antena-wi-fi-qoltec-2-4-2-5ghz-5-1-5-8ghz-5dbi-dookolna-wewnetrzna","status":"publish","type":"product","link":"https:\/\/lemonti.pl\/en\/sklep\/urzadzenia-sieciowe\/akcesoria-sieciowe\/antena-wi-fi-qoltec-2-4-2-5ghz-5-1-5-8ghz-5dbi-dookolna-wewnetrzna\/","title":{"rendered":"Antena Wi-Fi Qoltec 2.4\/2.5GHz | 5.1\/5.8GHz | 5dBi | dook\u00f3lna | wewn\u0119trzna"},"content":{"rendered":"<div class=\"vgblk-rw-wrapper limit-wrapper\">\n<section class=\"section\">\n<div class=\"item item-12\">\n<section class=\"text-item\">\n<h1>Antena Wi-Fi Qoltec 2.4\/2.5GHz 5.1\/5.8GHz 5dBi dook\u00f3lna wewn\u0119trzna<\/h1>\n<\/section><\/div>\n<\/section>\n<section class=\"section\">\n<div class=\"item item-6\">\n<section class=\"image-item\"><img decoding=\"async\" src=\"https:\/\/upload.cdn.baselinker.com\/products\/6010088\/27425f95fb76dece2894c3a9cdf8d2eb.jpg\" \/><\/section>\n<\/p><\/div>\n<div class=\"item item-6\">\n<section class=\"text-item\">\n<h2>Specyfikacja:<\/h2>\n<p>Techniczne<\/p>\n<ul>\n<li><b>Rodzaj urz\u0105dzenia bezprzewodowego:<\/b> Antena<\/li>\n<li><b>Cz\u0119stotliwo\u015b\u0107 pracy:<\/b> 2.4 &#8211; 2.5 GHz<\/li>\n<li><b>Moc wyj\u015bciowa:<\/b> 50W<\/li>\n<\/ul>\n<p>Charakterystyka<\/p>\n<ul>\n<li><b>Antena:<\/b> Wewn\u0119trzna &#8211; 2 szt.<\/li>\n<li><b>Odpinana antena:<\/b> Tak<\/li>\n<li><b>Zysk anteny bezprzewodowej:<\/b> 5 dBi<\/li>\n<\/ul>\n<p>Z\u0142\u0105cza<\/p>\n<ul>\n<li><b>Port PoE:<\/b> Nie<\/li>\n<\/ul>\n<p>Fizyczne<\/p>\n<ul>\n<li><b>Wymiary [G x S x W] (mm):<\/b> 36 x 15 x 171<\/li>\n<li><b>Waga (g):<\/b> 12<\/li>\n<\/ul>\n<p>Pozosta\u0142e parametry<\/p>\n<ul>\n<li><b>Zawiera bateri\u0119 \/ akumulator:<\/b> Nie<\/li>\n<li><b>Informacje dodatkowe:<\/b> Z\u0142\u0105cza anteny: SMA m\u0119skie<\/li>\n<li><b>Symbol producenta:<\/b> 57046<\/li>\n<li><b>Kod EAN:<\/b> 5901878570464<\/li>\n<\/ul>\n<\/section><\/div>\n<\/section>\n<section class=\"section\">\n<div class=\"item item-6\">\n<section class=\"image-item\"><img decoding=\"async\" src=\"https:\/\/upload.cdn.baselinker.com\/products\/6010088\/6f7d4405ea8636aad2550ed6cc846c85.jpg\" \/><\/section>\n<\/p><\/div>\n<div class=\"item item-6\">\n<section class=\"image-item\"><img decoding=\"async\" src=\"https:\/\/upload.cdn.baselinker.com\/products\/6010088\/cc80d2afb990626da82dd46f0bca7cfe.jpg\" \/><\/section>\n<\/p><\/div>\n<\/section>\n<section class=\"section\">\n<div class=\"item item-6\">\n<section class=\"image-item\"><img decoding=\"async\" src=\"https:\/\/upload.cdn.baselinker.com\/products\/6010088\/45dd55c4daf4169aab10c49853407c87.jpg\" \/><\/section>\n<\/p><\/div>\n<div class=\"item item-6\">\n<section class=\"image-item\"><img decoding=\"async\" src=\"https:\/\/upload.cdn.baselinker.com\/products\/6010088\/8666212979546c344e5e75f12ae4d5e5.jpg\" \/><\/section>\n<\/p><\/div>\n<\/section>\n<\/div>\n<p><!-- .vgblk-rw-wrapper --><\/p>\n","protected":false},"excerpt":{"rendered":"<p>Antena Wi-Fi Qoltec 2.4\/2.5GHz 5.1\/5.8GHz 5dBi dook\u00f3lna wewn\u0119trzna Specyfikacja: Techniczne Rodzaj urz\u0105dzenia bezprzewodowego: Antena Cz\u0119stotliwo\u015b\u0107 pracy: 2.4 &#8211; 2.5 GHz Moc wyj\u015bciowa: 50W Charakterystyka Antena: Wewn\u0119trzna &#8211; 2 szt. Odpinana antena: Tak Zysk anteny bezprzewodowej: 5 dBi Z\u0142\u0105cza Port PoE: Nie Fizyczne Wymiary [G x S x W] (mm): 36 x 15 x 171 Waga&#8230;<\/p>\n","protected":false},"featured_media":1854364,"comment_status":"open","ping_status":"closed","template":"","meta":[],"product_brand":[17963],"product_cat":[305,297],"product_tag":[],"class_list":{"0":"post-1854384","1":"product","2":"type-product","3":"status-publish","4":"has-post-thumbnail","6":"product_brand-qoltec","7":"product_cat-akcesoria-sieciowe","8":"product_cat-urzadzenia-sieciowe","10":"first","11":"instock","12":"taxable","13":"shipping-taxable","14":"purchasable","15":"product-type-simple"},"_links":{"self":[{"href":"https:\/\/lemonti.pl\/en\/wp-json\/wp\/v2\/product\/1854384","targetHints":{"allow":["GET"]}}],"collection":[{"href":"https:\/\/lemonti.pl\/en\/wp-json\/wp\/v2\/product"}],"about":[{"href":"https:\/\/lemonti.pl\/en\/wp-json\/wp\/v2\/types\/product"}],"replies":[{"embeddable":true,"href":"https:\/\/lemonti.pl\/en\/wp-json\/wp\/v2\/comments?post=1854384"}],"version-history":[{"count":1,"href":"https:\/\/lemonti.pl\/en\/wp-json\/wp\/v2\/product\/1854384\/revisions"}],"predecessor-version":[{"id":1854849,"href":"https:\/\/lemonti.pl\/en\/wp-json\/wp\/v2\/product\/1854384\/revisions\/1854849"}],"wp:featuredmedia":[{"embeddable":true,"href":"https:\/\/lemonti.pl\/en\/wp-json\/wp\/v2\/media\/1854364"}],"wp:attachment":[{"href":"https:\/\/lemonti.pl\/en\/wp-json\/wp\/v2\/media?parent=1854384"}],"wp:term":[{"taxonomy":"product_brand","embeddable":true,"href":"https:\/\/lemonti.pl\/en\/wp-json\/wp\/v2\/product_brand?post=1854384"},{"taxonomy":"product_cat","embeddable":true,"href":"https:\/\/lemonti.pl\/en\/wp-json\/wp\/v2\/product_cat?post=1854384"},{"taxonomy":"product_tag","embeddable":true,"href":"https:\/\/lemonti.pl\/en\/wp-json\/wp\/v2\/product_tag?post=1854384"}],"curies":[{"name":"wp","href":"https:\/\/api.w.org\/{rel}","templated":true}]}}