{"id":1854151,"date":"2026-01-30T11:35:06","date_gmt":"2026-01-30T10:35:06","guid":{"rendered":"https:\/\/lemonti.pl\/sklep\/bez-kategorii\/system-mesh-tp-link-deco-x20-ax1800-v4-wi-fi-6-2xlan-wan-1-pack\/"},"modified":"2026-03-25T15:01:31","modified_gmt":"2026-03-25T14:01:31","slug":"system-mesh-tp-link-deco-x20-ax1800-v4-wi-fi-6-2xlan-wan-1-pack","status":"publish","type":"product","link":"https:\/\/lemonti.pl\/en\/sklep\/urzadzenia-sieciowe\/routery\/system-mesh-tp-link-deco-x20-ax1800-v4-wi-fi-6-2xlan-wan-1-pack\/","title":{"rendered":"System Mesh TP-Link Deco X20 AX1800 V4, Wi-Fi 6, 2xLAN\/WAN 1-pack"},"content":{"rendered":"<div class=\"vgblk-rw-wrapper limit-wrapper\">\n<section class=\"section\">\n<div class=\"item item-12\">\n<section class=\"text-item\">\n<h2>System Mesh TP-Link Deco X20 AX1800 V4, Wi-Fi 6, 2xLAN\/WAN 1-pack<\/h2>\n<\/section><\/div>\n<\/section>\n<section class=\"section\">\n<div class=\"item item-6\">\n<section class=\"image-item\"><img decoding=\"async\" src=\"https:\/\/upload.cdn.baselinker.com\/products\/6010088\/b397f521b7dc5d2c7e975e7a94a0274c.jpg\" \/><\/section>\n<\/p><\/div>\n<div class=\"item item-6\">\n<section class=\"text-item\">\n<p><b>Deco X20 Domowy system Wi-Fi 6 Mesh AX1800<\/b><\/p>\n<ul>\n<li>Szybsze po\u0142\u0105czenia: Pr\u0119dko\u015bci Wi-Fi 6 si\u0119gaj\u0105ce a\u017c 1800 Mb\/s &#8211; 1201 Mb\/s w pa\u015bmie 5 GHz i 574 Mb\/s w pa\u015bmie 2,4 GHz.<\/li>\n<li>Wi\u0119cej po\u0142\u0105czonych urz\u0105dze\u0144: Zastosowanie technologii OFDMA i MU-MIMO przek\u0142ada si\u0119 na czterokrotnie wy\u017csz\u0105 wydajno\u015b\u0107 i mo\u017cliwo\u015b\u0107 transmisji do jeszcze wi\u0119kszej liczby urz\u0105dze\u0144 w tym samym czasie.<\/li>\n<li>Wzmocniony sygna\u0142 Wi-Fi: Zasi\u0119g sieci w ca\u0142ym domu i silny sygna\u0142 Wi-Fi w ka\u017cdym pomieszczeniu dzi\u0119ki technologii Wi-Fi 6.<\/li>\n<li>Op\u00f3\u017anienia zredukowane do minimum: Wyra\u017ane zmniejszenie przesuni\u0119\u0107 w transmisji daje znaczn\u0105 przewag\u0119 nad przeciwnikami podczas rozgrywek internetowych i zapewnia stabilno\u015b\u0107 rozm\u00f3w wideo.<\/li>\n<li>Jednolita sie\u0107: W oparciu o zintegrowane dzia\u0142anie jednostek domowego systemu Wi-Fi po\u0142\u0105czone z nimi urz\u0105dzenia automatycznie prze\u0142\u0105czaj\u0105 si\u0119 podczas przemieszczania si\u0119 po domu, aby korzysta\u0107 z najszybszych dost\u0119pnych pr\u0119dko\u015bci.<\/li>\n<li>Kompleksowa ochrona: Szyfrowanie WPA3 oraz us\u0142uga TP-Link HomeCareTM zapewniaj\u0105 dost\u0119p do w pe\u0142ni personalizowanych funkcji, w tym kontroli rodzicielskiej, antywirusa i QoS, aby korzystanie z Internetu by\u0142o w pe\u0142ni bezpieczne.<\/li>\n<li>Konfiguracja \u0142atwiejsza ni\u017c kiedykolwiek wcze\u015bniej: Aplikacja Deco przeprowadza krok po kroku przez ca\u0142y proces konfiguracji.<\/li>\n<\/ul>\n<\/section><\/div>\n<\/section>\n<section class=\"section\">\n<div class=\"item item-6\">\n<section class=\"image-item\"><img decoding=\"async\" src=\"https:\/\/upload.cdn.baselinker.com\/products\/6010088\/3298c9b675f1e3396d0dca9f44e10834.jpg\" \/><\/section>\n<\/p><\/div>\n<div class=\"item item-6\">\n<section class=\"text-item\">\n<p><b>Deco X20 Domowy system Wi-Fi 6 Mesh AX1800<\/b><\/p>\n<ul>\n<li>Szybsze po\u0142\u0105czenia: Pr\u0119dko\u015bci Wi-Fi 6 si\u0119gaj\u0105ce a\u017c 1800 Mb\/s &#8211; 1201 Mb\/s w pa\u015bmie 5 GHz i 574 Mb\/s w pa\u015bmie 2,4 GHz.<\/li>\n<li>Wi\u0119cej po\u0142\u0105czonych urz\u0105dze\u0144: Zastosowanie technologii OFDMA i MU-MIMO przek\u0142ada si\u0119 na czterokrotnie wy\u017csz\u0105 wydajno\u015b\u0107 i mo\u017cliwo\u015b\u0107 transmisji do jeszcze wi\u0119kszej liczby urz\u0105dze\u0144 w tym samym czasie.<\/li>\n<li>Wzmocniony sygna\u0142 Wi-Fi: Zasi\u0119g sieci w ca\u0142ym domu i silny sygna\u0142 Wi-Fi w ka\u017cdym pomieszczeniu dzi\u0119ki technologii Wi-Fi 6.<\/li>\n<li>Op\u00f3\u017anienia zredukowane do minimum: Wyra\u017ane zmniejszenie przesuni\u0119\u0107 w transmisji daje znaczn\u0105 przewag\u0119 nad przeciwnikami podczas rozgrywek internetowych i zapewnia stabilno\u015b\u0107 rozm\u00f3w wideo.<\/li>\n<li>Jednolita sie\u0107: W oparciu o zintegrowane dzia\u0142anie jednostek domowego systemu Wi-Fi po\u0142\u0105czone z nimi urz\u0105dzenia automatycznie prze\u0142\u0105czaj\u0105 si\u0119 podczas przemieszczania si\u0119 po domu, aby korzysta\u0107 z najszybszych dost\u0119pnych pr\u0119dko\u015bci.<\/li>\n<li>Kompleksowa ochrona: Szyfrowanie WPA3 oraz us\u0142uga TP-Link HomeCareTM zapewniaj\u0105 dost\u0119p do w pe\u0142ni personalizowanych funkcji, w tym kontroli rodzicielskiej, antywirusa i QoS, aby korzystanie z Internetu by\u0142o w pe\u0142ni bezpieczne.<\/li>\n<li>Konfiguracja \u0142atwiejsza ni\u017c kiedykolwiek wcze\u015bniej: Aplikacja Deco przeprowadza krok po kroku przez ca\u0142y proces konfiguracji.<\/li>\n<\/ul>\n<\/section><\/div>\n<\/section>\n<section class=\"section\">\n<div class=\"item item-6\">\n<section class=\"image-item\"><img decoding=\"async\" src=\"https:\/\/upload.cdn.baselinker.com\/products\/6010088\/1867b16bf0dc672f5820e41239b10ccd.jpg\" \/><\/section>\n<\/p><\/div>\n<div class=\"item item-6\">\n<section class=\"text-item\">\n<p><b>Zaawansowana technologia Wi-Fi 6 Mesh<\/b><\/p>\n<p>Deco X60 to uzbrojony w technologi\u0119 Wi-Fi 6 domowy system Wi-Fi &#8211; stworzony, by zapewnia\u0107 bardziej kompleksowe pokrycie domu, wi\u0119ksze pr\u0119dko\u015bci i wy\u017csz\u0105 wydajno\u015b\u0107 dzia\u0142ania. Sprawd\u017a mo\u017cliwo\u015bci najnowszej technologii Wi-Fi Mesh, \u0142\u0105cz\u0105c wi\u0119cej urz\u0105dze\u0144 i przesy\u0142aj\u0105c dane szybciej ni\u017c kiedykolwiek wcze\u015bniej.<\/p>\n<p><b>Pogromca martwych stref Wi-Fi<\/b><\/p>\n<p>Silny sygna\u0142 Wi-Fi wzmocniony kolorowaniem BSS i technologi\u0105 Beamforming dociera do wszystkich zakamark\u00f3w domu, obejmuj\u0105c swoim zasi\u0119giem powierzchni\u0119 nawet 540 m2. Po\u0142\u0105czenia bezprzewodowe i opcjonalne \u0142\u0105cze rezerwowe Ethernet \u0142\u0105cz\u0105 jednostki Deco, zapewniaj\u0105c jeszcze wi\u0119ksze pr\u0119dko\u015bci i niespotykan\u0105 p\u0142ynno\u015b\u0107 prze\u0142\u0105czania. Potrzebujesz wi\u0119kszego zasi\u0119gu W-Fi? Wystarczy, \u017ce dodasz kolejn\u0105 jednostk\u0119 Deco.<\/p>\n<p><b>P\u0142ynne prze\u0142\u0105czanie to p\u0142ynna praca i rozrywka<\/b><\/p>\n<p>Technologia TP-Link Mesh sprawia, \u017ce routery Deco wsp\u00f3\u0142pracuj\u0105 ze sob\u0105, aby tworzy\u0107 jednolit\u0105 sie\u0107 Wi-fi.<\/p>\n<p><b>Wi\u0119cej po\u0142\u0105cze\u0144, streaming bez ko\u0144ca<\/b><\/p>\n<p>Technologia Wi-Fi 6 zwi\u0119ksza przepustowo\u015b\u0107 oferowan\u0105 urz\u0105dzeniom po\u0142\u0105czonym z sieci\u0105 o intensywnym ruchu danych a\u017c czterokrotnie. Z Deco X20 mo\u017cna po\u0142\u0105czy\u0107 nawet 150 urz\u0105dze\u0144 &#8211; i to bez odczuwalnych spadk\u00f3w wydajno\u015bci &#8211; co zosta\u0142o potwierdzone licznymi testami.<\/p>\n<\/section><\/div>\n<\/section>\n<section class=\"section\">\n<div class=\"item item-6\">\n<section class=\"image-item\"><img decoding=\"async\" src=\"https:\/\/upload.cdn.baselinker.com\/products\/6010088\/b3861880cb2c6ce648ae7e7f4c69ce00.jpg\" \/><\/section>\n<\/p><\/div>\n<div class=\"item item-6\">\n<section class=\"text-item\">\n<p><b>B\u0142yskawiczne pr\u0119dko\u015bci Wi-Fi 6 = koniec przestoj\u00f3w<\/b><\/p>\n<p>Nowe technologie standardu 802.11ax, takie jak modulacja 1024-QAM oraz d\u0142ugi symbol OFDM, zapewniaj\u0105 mo\u017cliwo\u015b\u0107 korzystania z imponuj\u0105cych pr\u0119dko\u015bci: a\u017c 1,8 Gb\/s w dw\u00f3ch pasmach &#8211; co jest warto\u015bci\u0105 idealn\u0105 do wykonywania dzia\u0142a\u0144 mocno obci\u0105\u017caj\u0105cych sie\u0107, takich jak granie w chmurze czy ogl\u0105danie wideo w jako\u015bci 4K UHD. Teraz wszyscy domownicy mog\u0105 bez przestoj\u00f3w i op\u00f3\u017anie\u0144 streamowa\u0107 swoje ulubione seriale lub filmy w tym samym czasie, ciesz\u0105c si\u0119 imponuj\u0105c\u0105 jako\u015bci\u0105 obrazu i d\u017awi\u0119ku.<\/p>\n<p><b>Mniej dokuczliwe op\u00f3\u017anienia, przyjemniejsze doznania<\/b><\/p>\n<p>Wi-Fi 6 to ogromny krok naprz\u00f3d w \u0142\u0105czno\u015bci bezprzewodowej. Standard ten oferuje stabilne i responsywne po\u0142\u0105czenia Wi-Fi, z kt\u00f3rych korzysta\u0107 mo\u017cna w zaciszu swojego kompleksowo po\u0142\u0105czonego domu. Prowadzenie p\u0142ynnych rozgrywek i rozm\u00f3w wideo nie stanowi ju\u017c problemu nawet wtedy, gdy w tym samym czasie po\u0142\u0105czonych jest wiele urz\u0105dze\u0144, kt\u00f3re tak\u017ce obci\u0105\u017caj\u0105 \u0142\u0105cze transmisj\u0105 danych.<\/p>\n<\/section><\/div>\n<\/section>\n<section class=\"section\">\n<div class=\"item item-6\">\n<section class=\"image-item\"><img decoding=\"async\" src=\"https:\/\/upload.cdn.baselinker.com\/products\/6010088\/25345b6d7cd5fb66874078fcb696e93d.jpg\" \/><\/section>\n<\/p><\/div>\n<div class=\"item item-6\">\n<section class=\"text-item\">\n<p><b>HomeCareTM Tw\u00f3j dom, nasza ochrona<\/b><\/p>\n<p>Skorzystaj z rozbudowanych mo\u017cliwo\u015bci TP-Link HomeCare, by utworzy\u0107 dostosowan\u0105 do potrzeb i bezpieczn\u0105 sie\u0107 bezprzewodow\u0105. Niezale\u017cnie od tego, czy zale\u017cy ci na ochronie danych wra\u017cliwych czy chcesz ograniczy\u0107 dost\u0119p dzieci i go\u015bci do sieci, HomeCare zapewni ci narz\u0119dzia, kt\u00f3rych potrzebujesz do kompleksowego zarz\u0105dzania sieci\u0105.<\/p>\n<ul>\n<li>Skuteczna kontrola rodzicielska &#8211; Blokuj nieodpowiednie tre\u015bci i limituj dost\u0119p do Internetu<\/li>\n<li>Wbudowany antywirus &#8211; Chro\u0144 wszystkie swoje urz\u0105dzenia przed zagro\u017ceniami sieciowymi<\/li>\n<li>Quality of Service &#8211; Nadaj priorytety swoim urz\u0105dzeniom i aplikacjom, aby zwi\u0119kszy\u0107 ich wydajno\u015b\u0107<\/li>\n<\/ul>\n<p><b>Samodzielna konfiguracja? To prostsze ni\u017c my\u015blisz<\/b><\/p>\n<p>Wyjmij urz\u0105dzenia Deco z pude\u0142ka, zainstaluj aplikacj\u0119 i zastosuj si\u0119 do wy\u015bwietlanych wskaz\u00f3wek. Reszt\u0105 zajmie si\u0119 aplikacja Deco &#8211; ju\u017c po kilku minutach zyskasz dost\u0119p do sieci. Zdziwisz si\u0119 jakie to proste!<\/p>\n<\/section><\/div>\n<\/section>\n<section class=\"section\">\n<div class=\"item item-6\">\n<section class=\"image-item\"><img decoding=\"async\" src=\"https:\/\/upload.cdn.baselinker.com\/products\/6010088\/3298c9b675f1e3396d0dca9f44e10834.jpg\" \/><\/section>\n<\/p><\/div>\n<div class=\"item item-6\">\n<section class=\"text-item\">\n<p><b>Proste zarz\u0105dzanie<\/b><\/p>\n<p>Dzi\u0119ki aplikacji Deco mo\u017cesz zarz\u0105dza\u0107 swoj\u0105 sieci\u0105 z domu lub zdalnie. Aplikacja umo\u017cliwia mi\u0119dzy innymi weryfikacj\u0119 po\u0142\u0105czonych urz\u0105dze\u0144, przydzielanie im priorytet\u00f3w czy te\u017c konfiguracj\u0119 sieci dla go\u015bci.<\/p>\n<p><b>Sterowanie g\u0142osem<\/b><\/p>\n<p>Sparuj Deco z Alexa i steruj urz\u0105dzeniem za pomoc\u0105 prostych polece\u0144 g\u0142osowych.<\/p>\n<p><b>Wsp\u00f3\u0142praca ze wszystkimi routerami Deco<\/b><\/p>\n<p>Deco X20 mo\u017ce stworzy\u0107 sie\u0107 Mesh z ka\u017cdym innym modelem Deco. Aby zwi\u0119kszy\u0107 zasi\u0119g sieci, wystarczy doda\u0107 do niej kolejn\u0105 jednostk\u0119 Deco.<\/p>\n<\/section><\/div>\n<\/section>\n<\/div>\n<p><!-- .vgblk-rw-wrapper --><\/p>","protected":false},"excerpt":{"rendered":"<p>System Mesh TP-Link Deco X20 AX1800 V4, Wi-Fi 6, 2xLAN\/WAN 1-pack Deco X20 Domowy system Wi-Fi 6 Mesh AX1800 Szybsze po\u0142\u0105czenia: Pr\u0119dko\u015bci Wi-Fi 6 si\u0119gaj\u0105ce a\u017c 1800 Mb\/s &#8211; 1201 Mb\/s w pa\u015bmie 5 GHz i 574 Mb\/s w pa\u015bmie 2,4 GHz. Wi\u0119cej po\u0142\u0105czonych urz\u0105dze\u0144: Zastosowanie technologii OFDMA i MU-MIMO przek\u0142ada si\u0119 na czterokrotnie wy\u017csz\u0105&#8230;<\/p>","protected":false},"featured_media":1854137,"comment_status":"open","ping_status":"closed","template":"","meta":[],"product_brand":[32240],"product_cat":[300,297],"product_tag":[],"class_list":{"0":"post-1854151","1":"product","2":"type-product","3":"status-publish","4":"has-post-thumbnail","6":"product_brand-tp-link-systems-inc","7":"product_cat-routery","8":"product_cat-urzadzenia-sieciowe","10":"first","11":"outofstock","12":"taxable","13":"shipping-taxable","14":"purchasable","15":"product-type-simple"},"_links":{"self":[{"href":"https:\/\/lemonti.pl\/en\/wp-json\/wp\/v2\/product\/1854151","targetHints":{"allow":["GET"]}}],"collection":[{"href":"https:\/\/lemonti.pl\/en\/wp-json\/wp\/v2\/product"}],"about":[{"href":"https:\/\/lemonti.pl\/en\/wp-json\/wp\/v2\/types\/product"}],"replies":[{"embeddable":true,"href":"https:\/\/lemonti.pl\/en\/wp-json\/wp\/v2\/comments?post=1854151"}],"version-history":[{"count":0,"href":"https:\/\/lemonti.pl\/en\/wp-json\/wp\/v2\/product\/1854151\/revisions"}],"wp:featuredmedia":[{"embeddable":true,"href":"https:\/\/lemonti.pl\/en\/wp-json\/wp\/v2\/media\/1854137"}],"wp:attachment":[{"href":"https:\/\/lemonti.pl\/en\/wp-json\/wp\/v2\/media?parent=1854151"}],"wp:term":[{"taxonomy":"product_brand","embeddable":true,"href":"https:\/\/lemonti.pl\/en\/wp-json\/wp\/v2\/product_brand?post=1854151"},{"taxonomy":"product_cat","embeddable":true,"href":"https:\/\/lemonti.pl\/en\/wp-json\/wp\/v2\/product_cat?post=1854151"},{"taxonomy":"product_tag","embeddable":true,"href":"https:\/\/lemonti.pl\/en\/wp-json\/wp\/v2\/product_tag?post=1854151"}],"curies":[{"name":"wp","href":"https:\/\/api.w.org\/{rel}","templated":true}]}}