{"id":1853090,"date":"2026-01-26T12:10:15","date_gmt":"2026-01-26T11:10:15","guid":{"rendered":"https:\/\/lemonti.pl\/sklep\/bez-kategorii\/adapter-lanberg-zlaczka-sieciowa-rj-45-x2-kat-5e\/"},"modified":"2026-04-17T18:00:44","modified_gmt":"2026-04-17T16:00:44","slug":"adapter-lanberg-zlaczka-sieciowa-rj-45-x2-kat-5e","status":"publish","type":"product","link":"https:\/\/lemonti.pl\/en\/sklep\/urzadzenia-sieciowe\/adapter-lanberg-zlaczka-sieciowa-rj-45-x2-kat-5e\/","title":{"rendered":"Adapter Lanberg z\u0142\u0105czka sieciowa RJ-45 X2 kat.5e"},"content":{"rendered":"<div class=\"vgblk-rw-wrapper limit-wrapper\">\n<section class=\"section\">\n<div class=\"item item-12\">\n<section class=\"text-item\">\n<h1>Adapter Lanberg z\u0142\u0105czka sieciowa RJ-45 X2 kat.5e<\/h1>\n<\/section><\/div>\n<\/section>\n<section class=\"section\">\n<div class=\"item item-6\">\n<section class=\"text-item\">\n<ul>\n<li><b>Producent:<\/b> LANBERG<\/li>\n<li><b>Opis og\u00f3lny:<\/b> Adapter Lanberg z\u0142\u0105czka sieciowa RJ-45 X2 kat.5e<\/li>\n<\/ul>\n<p>Informacje podstawowe<\/p>\n<ul>\n<li><b>Rodzaj produktu sieciowego:<\/b> Okablowanie<\/li>\n<li><b>Kategoria kabla:<\/b> 5e<\/li>\n<\/ul>\n<p>Fizyczne<\/p>\n<ul>\n<li><b>Kolor:<\/b> Bia\u0142y<\/li>\n<\/ul>\n<p><b>Informacje dodatkowe:<\/b><\/p>\n<ul>\n<li>Z\u0142\u0105czka Sieciowa Kategorii 5e, nieekranowana<\/li>\n<li>Bia\u0142a<\/li>\n<li>Piny: 1:1 (RJ45)<\/li>\n<li>2x RJ45<\/li>\n<\/ul>\n<\/section><\/div>\n<div class=\"item item-6\">\n<section class=\"image-item\"><img decoding=\"async\" src=\"https:\/\/upload.cdn.baselinker.com\/products\/6010088\/e7fd77623a8586109fed2f3b77a6f801.jpg\" \/><\/section>\n<\/p><\/div>\n<\/section>\n<section class=\"section\">\n<div class=\"item item-6\">\n<section class=\"image-item\"><img decoding=\"async\" src=\"https:\/\/upload.cdn.baselinker.com\/products\/6010088\/d056e1d2cb4161956097b92585b821be.jpg\" \/><\/section>\n<\/p><\/div>\n<div class=\"item item-6\">\n<section class=\"image-item\"><img decoding=\"async\" src=\"https:\/\/upload.cdn.baselinker.com\/products\/6010088\/e7fd77623a8586109fed2f3b77a6f801.jpg\" \/><\/section>\n<\/p><\/div>\n<\/section>\n<\/div>\n<p><!-- .vgblk-rw-wrapper --><\/p>","protected":false},"excerpt":{"rendered":"<p>Adapter Lanberg z\u0142\u0105czka sieciowa RJ-45 X2 kat.5e Producent: LANBERG Opis og\u00f3lny: Adapter Lanberg z\u0142\u0105czka sieciowa RJ-45 X2 kat.5e Informacje podstawowe Rodzaj produktu sieciowego: Okablowanie Kategoria kabla: 5e Fizyczne Kolor: Bia\u0142y Informacje dodatkowe: Z\u0142\u0105czka Sieciowa Kategorii 5e, nieekranowana Bia\u0142a Piny: 1:1 (RJ45) 2x RJ45<\/p>","protected":false},"featured_media":1853080,"comment_status":"open","ping_status":"closed","template":"","meta":[],"product_brand":[18452],"product_cat":[297],"product_tag":[],"class_list":{"0":"post-1853090","1":"product","2":"type-product","3":"status-publish","4":"has-post-thumbnail","6":"product_brand-lanberg","7":"product_cat-urzadzenia-sieciowe","9":"first","10":"instock","11":"taxable","12":"shipping-taxable","13":"purchasable","14":"product-type-simple"},"_links":{"self":[{"href":"https:\/\/lemonti.pl\/en\/wp-json\/wp\/v2\/product\/1853090","targetHints":{"allow":["GET"]}}],"collection":[{"href":"https:\/\/lemonti.pl\/en\/wp-json\/wp\/v2\/product"}],"about":[{"href":"https:\/\/lemonti.pl\/en\/wp-json\/wp\/v2\/types\/product"}],"replies":[{"embeddable":true,"href":"https:\/\/lemonti.pl\/en\/wp-json\/wp\/v2\/comments?post=1853090"}],"version-history":[{"count":0,"href":"https:\/\/lemonti.pl\/en\/wp-json\/wp\/v2\/product\/1853090\/revisions"}],"wp:featuredmedia":[{"embeddable":true,"href":"https:\/\/lemonti.pl\/en\/wp-json\/wp\/v2\/media\/1853080"}],"wp:attachment":[{"href":"https:\/\/lemonti.pl\/en\/wp-json\/wp\/v2\/media?parent=1853090"}],"wp:term":[{"taxonomy":"product_brand","embeddable":true,"href":"https:\/\/lemonti.pl\/en\/wp-json\/wp\/v2\/product_brand?post=1853090"},{"taxonomy":"product_cat","embeddable":true,"href":"https:\/\/lemonti.pl\/en\/wp-json\/wp\/v2\/product_cat?post=1853090"},{"taxonomy":"product_tag","embeddable":true,"href":"https:\/\/lemonti.pl\/en\/wp-json\/wp\/v2\/product_tag?post=1853090"}],"curies":[{"name":"wp","href":"https:\/\/api.w.org\/{rel}","templated":true}]}}