{"id":1853071,"date":"2026-01-26T12:10:06","date_gmt":"2026-01-26T11:10:06","guid":{"rendered":"https:\/\/lemonti.pl\/sklep\/bez-kategorii\/adapter-lanberg-zlaczka-sieciowa-rj-45-x2-kat-6\/"},"modified":"2026-04-14T11:44:24","modified_gmt":"2026-04-14T09:44:24","slug":"adapter-lanberg-zlaczka-sieciowa-rj-45-x2-kat-6","status":"publish","type":"product","link":"https:\/\/lemonti.pl\/en\/sklep\/urzadzenia-sieciowe\/adapter-lanberg-zlaczka-sieciowa-rj-45-x2-kat-6\/","title":{"rendered":"Adapter Lanberg z\u0142\u0105czka sieciowa RJ-45 X2 kat.6"},"content":{"rendered":"<div class=\"vgblk-rw-wrapper limit-wrapper\">\n<section class=\"section\">\n<div class=\"item item-12\">\n<section class=\"text-item\">\n<h1>Adapter Lanberg z\u0142\u0105czka sieciowa RJ-45 X2 kat.6<\/h1>\n<\/section><\/div>\n<\/section>\n<section class=\"section\">\n<div class=\"item item-6\">\n<section class=\"image-item\"><img decoding=\"async\" src=\"https:\/\/upload.cdn.baselinker.com\/products\/6010088\/5ff9ec34566b056414b088b15eece1aa.jpg\" \/><\/section>\n<\/p><\/div>\n<div class=\"item item-6\">\n<section class=\"text-item\">\n<ul>\n<li><b>Producent:<\/b> LANBERG<\/li>\n<li><b>Opis og\u00f3lny:<\/b> Adapter Lanberg z\u0142\u0105czka sieciowa RJ-45 X2 kat.6<\/li>\n<\/ul>\n<p>Informacje podstawowe<\/p>\n<ul>\n<li><b>Rodzaj produktu sieciowego:<\/b> Okablowanie<\/li>\n<li><b>Kategoria kabla:<\/b> 6<\/li>\n<\/ul>\n<p>Fizyczne<\/p>\n<ul>\n<li><b>Kolor:<\/b> Bia\u0142y<\/li>\n<\/ul>\n<p><b>Informacje dodatkowe:<\/b><\/p>\n<ul>\n<li>Z\u0142\u0105czka Sieciowa Kategorii 6, nieekranowana<\/li>\n<li>Bia\u0142a<\/li>\n<li>Piny: 1:1 (RJ45)<\/li>\n<li>2x RJ45<\/li>\n<\/ul>\n<\/section><\/div>\n<\/section>\n<section class=\"section\">\n<div class=\"item item-6\">\n<section class=\"image-item\"><img decoding=\"async\" src=\"https:\/\/upload.cdn.baselinker.com\/products\/6010088\/9bc47d725743ce97dc99d151af5845a6.jpg\" \/><\/section>\n<\/p><\/div>\n<div class=\"item item-6\">\n<section class=\"image-item\"><img decoding=\"async\" src=\"https:\/\/upload.cdn.baselinker.com\/products\/6010088\/946aebf47e8c15a62ce35c6572d888c9.jpg\" \/><\/section>\n<\/p><\/div>\n<\/section>\n<\/div>\n<p><!-- .vgblk-rw-wrapper --><\/p>","protected":false},"excerpt":{"rendered":"<p>Adapter Lanberg z\u0142\u0105czka sieciowa RJ-45 X2 kat.6 Producent: LANBERG Opis og\u00f3lny: Adapter Lanberg z\u0142\u0105czka sieciowa RJ-45 X2 kat.6 Informacje podstawowe Rodzaj produktu sieciowego: Okablowanie Kategoria kabla: 6 Fizyczne Kolor: Bia\u0142y Informacje dodatkowe: Z\u0142\u0105czka Sieciowa Kategorii 6, nieekranowana Bia\u0142a Piny: 1:1 (RJ45) 2x RJ45<\/p>","protected":false},"featured_media":1853061,"comment_status":"open","ping_status":"closed","template":"","meta":[],"product_brand":[18452],"product_cat":[297],"product_tag":[],"class_list":{"0":"post-1853071","1":"product","2":"type-product","3":"status-publish","4":"has-post-thumbnail","6":"product_brand-lanberg","7":"product_cat-urzadzenia-sieciowe","9":"first","10":"instock","11":"taxable","12":"shipping-taxable","13":"purchasable","14":"product-type-simple"},"_links":{"self":[{"href":"https:\/\/lemonti.pl\/en\/wp-json\/wp\/v2\/product\/1853071","targetHints":{"allow":["GET"]}}],"collection":[{"href":"https:\/\/lemonti.pl\/en\/wp-json\/wp\/v2\/product"}],"about":[{"href":"https:\/\/lemonti.pl\/en\/wp-json\/wp\/v2\/types\/product"}],"replies":[{"embeddable":true,"href":"https:\/\/lemonti.pl\/en\/wp-json\/wp\/v2\/comments?post=1853071"}],"version-history":[{"count":0,"href":"https:\/\/lemonti.pl\/en\/wp-json\/wp\/v2\/product\/1853071\/revisions"}],"wp:featuredmedia":[{"embeddable":true,"href":"https:\/\/lemonti.pl\/en\/wp-json\/wp\/v2\/media\/1853061"}],"wp:attachment":[{"href":"https:\/\/lemonti.pl\/en\/wp-json\/wp\/v2\/media?parent=1853071"}],"wp:term":[{"taxonomy":"product_brand","embeddable":true,"href":"https:\/\/lemonti.pl\/en\/wp-json\/wp\/v2\/product_brand?post=1853071"},{"taxonomy":"product_cat","embeddable":true,"href":"https:\/\/lemonti.pl\/en\/wp-json\/wp\/v2\/product_cat?post=1853071"},{"taxonomy":"product_tag","embeddable":true,"href":"https:\/\/lemonti.pl\/en\/wp-json\/wp\/v2\/product_tag?post=1853071"}],"curies":[{"name":"wp","href":"https:\/\/api.w.org\/{rel}","templated":true}]}}